{"id":9937,"date":"2023-07-16T10:05:32","date_gmt":"2023-07-16T08:05:32","guid":{"rendered":"https:\/\/festival.praguepride.com\/?page_id=9937"},"modified":"2025-07-29T13:31:39","modified_gmt":"2025-07-29T11:31:39","slug":"photogallery-of-the-festival","status":"publish","type":"page","link":"https:\/\/festival.praguepride.com\/en\/photogallery-of-the-festival\/","title":{"rendered":"Photo &#038; Video"},"content":{"rendered":"<div class=\"block\n  block--acf-button-group\n  block--align-none\n      \">\n  <div class=\"b-button-group b-button-group--thirds\">\n            <a href=\"https:\/\/festival.praguepride.com\/en\/photogallery-2025\/\"\n         \n         \n         class=\"b-button-group__button-wrap b-button-group__button-wrap--has-thumbnail\">\n                  <img decoding=\"async\" srcset=\"https:\/\/festival.praguepride.com\/app\/uploads\/2025\/07\/Kopie-souboru-21.00_Sound-Spectrum_LetoslavChromek-9-220x220-c-default.jpg 220w, https:\/\/festival.praguepride.com\/app\/uploads\/2025\/07\/Kopie-souboru-21.00_Sound-Spectrum_LetoslavChromek-9-440x440-c-default.jpg 440w\" src=\"data:image\/gif;base64,R0lGODlhAQABAIAAAAAAAP\/\/\/yH5BAEAAAAALAAAAAABAAEAAAIBRAA7\"\n            class=\"b-button-group__thumbnail\"\n            loading=\"lazy\"\n            width=\"512\"\n            height=\"288\"\n            alt=\"Photogallery 2025\"\/>\n                <span class=\"b-button-group__button\">\n          Photogallery 2025\n        <\/span>\n      <\/a>\n                <a href=\"https:\/\/festival.praguepride.com\/en\/photogallery-2024\/\"\n         \n         \n         class=\"b-button-group__button-wrap b-button-group__button-wrap--has-thumbnail\">\n                  <img decoding=\"async\" srcset=\"https:\/\/festival.praguepride.com\/app\/uploads\/2024\/08\/Leah-Takata-Pride-Opening-Concert-2024-060-220x220-c-default.jpeg 220w, https:\/\/festival.praguepride.com\/app\/uploads\/2024\/08\/Leah-Takata-Pride-Opening-Concert-2024-060-440x440-c-default.jpeg 440w\" src=\"data:image\/gif;base64,R0lGODlhAQABAIAAAAAAAP\/\/\/yH5BAEAAAAALAAAAAABAAEAAAIBRAA7\"\n            class=\"b-button-group__thumbnail\"\n            loading=\"lazy\"\n            width=\"512\"\n            height=\"288\"\n            alt=\"Photogallery 2024\"\/>\n                <span class=\"b-button-group__button\">\n          Photogallery 2024\n        <\/span>\n      <\/a>\n                <a href=\"https:\/\/festival.praguepride.com\/en\/video\/\"\n         \n         \n         class=\"b-button-group__button-wrap b-button-group__button-wrap--has-thumbnail\">\n                  <img decoding=\"async\" srcset=\"https:\/\/festival.praguepride.com\/app\/uploads\/2024\/08\/NZ5_1063-220x220-c-default.jpg 220w, https:\/\/festival.praguepride.com\/app\/uploads\/2024\/08\/NZ5_1063-440x440-c-default.jpg 440w\" src=\"data:image\/gif;base64,R0lGODlhAQABAIAAAAAAAP\/\/\/yH5BAEAAAAALAAAAAABAAEAAAIBRAA7\"\n            class=\"b-button-group__thumbnail\"\n            loading=\"lazy\"\n            width=\"512\"\n            height=\"288\"\n            alt=\"Video\"\/>\n                <span class=\"b-button-group__button\">\n          Video\n        <\/span>\n      <\/a>\n      <\/div>\n\n<\/div>\n","protected":false},"excerpt":{"rendered":"","protected":false},"author":12,"featured_media":0,"parent":0,"menu_order":16,"comment_status":"closed","ping_status":"closed","template":"","meta":{"footnotes":""},"class_list":["post-9937","page","type-page","status-publish","hentry"],"acf":[],"yoast_head":"<!-- This site is optimized with the Yoast SEO plugin v27.3 - https:\/\/yoast.com\/product\/yoast-seo-wordpress\/ -->\n<title>Prague Pride Festival<\/title>\n<meta name=\"robots\" content=\"index, follow, max-snippet:-1, max-image-preview:large, max-video-preview:-1\" \/>\n<link rel=\"canonical\" href=\"https:\/\/festival.praguepride.com\/en\/photogallery-of-the-festival\/\" \/>\n<meta property=\"og:locale\" content=\"en_US\" \/>\n<meta property=\"og:type\" content=\"article\" \/>\n<meta property=\"og:site_name\" content=\"Prague Pride Festival\" \/>\n<meta property=\"article:publisher\" content=\"https:\/\/www.facebook.com\/PraguePrideCZ\" \/>\n<meta property=\"article:modified_time\" content=\"2025-07-29T11:31:39+00:00\" \/>\n<meta property=\"og:image\" content=\"https:\/\/festival.praguepride.com\/app\/uploads\/2022\/06\/og-image.png\" \/>\n\t<meta property=\"og:image:width\" content=\"1440\" \/>\n\t<meta property=\"og:image:height\" content=\"715\" \/>\n\t<meta property=\"og:image:type\" content=\"image\/png\" \/>\n<meta name=\"twitter:card\" content=\"summary_large_image\" \/>\n<meta name=\"twitter:site\" content=\"@praguepride\" \/>\n<script type=\"application\/ld+json\" class=\"yoast-schema-graph\">{\"@context\":\"https:\\\/\\\/schema.org\",\"@graph\":[{\"@type\":\"WebPage\",\"@id\":\"https:\\\/\\\/festival.praguepride.com\\\/en\\\/photogallery-of-the-festival\\\/\",\"url\":\"https:\\\/\\\/festival.praguepride.com\\\/en\\\/photogallery-of-the-festival\\\/\",\"name\":\"Photo & Video | Prague Pride Festival\",\"isPartOf\":{\"@id\":\"https:\\\/\\\/festival.praguepride.com\\\/en\\\/#website\"},\"datePublished\":\"2023-07-16T08:05:32+00:00\",\"dateModified\":\"2025-07-29T11:31:39+00:00\",\"description\":\"D\u011bkujeme n\u00e1v\u0161t\u011bvnictvu Prague Pride Festivalu 2024! Do pr\u016fvodu v\u00e1s p\u0159i\u0161lo p\u0159es 100 000. T\u011b\u0161\u00edme se na v\u00e1s na Prague Pride Festivalu 28. 7. \u2013 3. 8. 2025\",\"breadcrumb\":{\"@id\":\"https:\\\/\\\/festival.praguepride.com\\\/en\\\/photogallery-of-the-festival\\\/#breadcrumb\"},\"inLanguage\":\"en-US\",\"potentialAction\":[{\"@type\":\"ReadAction\",\"target\":[\"https:\\\/\\\/festival.praguepride.com\\\/en\\\/photogallery-of-the-festival\\\/\"]}]},{\"@type\":\"BreadcrumbList\",\"@id\":\"https:\\\/\\\/festival.praguepride.com\\\/en\\\/photogallery-of-the-festival\\\/#breadcrumb\",\"itemListElement\":[{\"@type\":\"ListItem\",\"position\":1,\"name\":\"Home\",\"item\":\"https:\\\/\\\/festival.praguepride.com\\\/en\\\/\"},{\"@type\":\"ListItem\",\"position\":2,\"name\":\"Photo &#038; Video\"}]},{\"@type\":\"WebSite\",\"@id\":\"https:\\\/\\\/festival.praguepride.com\\\/en\\\/#website\",\"url\":\"https:\\\/\\\/festival.praguepride.com\\\/en\\\/\",\"name\":\"Prague Pride Festival\",\"description\":\"3\\\/8 - 9\\\/8\\\/2026\",\"publisher\":{\"@id\":\"https:\\\/\\\/festival.praguepride.com\\\/en\\\/#organization\"},\"potentialAction\":[{\"@type\":\"SearchAction\",\"target\":{\"@type\":\"EntryPoint\",\"urlTemplate\":\"https:\\\/\\\/festival.praguepride.com\\\/en\\\/?s={search_term_string}\"},\"query-input\":{\"@type\":\"PropertyValueSpecification\",\"valueRequired\":true,\"valueName\":\"search_term_string\"}}],\"inLanguage\":\"en-US\"},{\"@type\":\"Organization\",\"@id\":\"https:\\\/\\\/festival.praguepride.com\\\/en\\\/#organization\",\"name\":\"Prague Pride Festival\",\"url\":\"https:\\\/\\\/festival.praguepride.com\\\/en\\\/\",\"logo\":{\"@type\":\"ImageObject\",\"inLanguage\":\"en-US\",\"@id\":\"https:\\\/\\\/festival.praguepride.com\\\/en\\\/#\\\/schema\\\/logo\\\/image\\\/\",\"url\":\"https:\\\/\\\/festival.praguepride.com\\\/app\\\/uploads\\\/2022\\\/06\\\/favicon.png\",\"contentUrl\":\"https:\\\/\\\/festival.praguepride.com\\\/app\\\/uploads\\\/2022\\\/06\\\/favicon.png\",\"width\":512,\"height\":512,\"caption\":\"Prague Pride Festival\"},\"image\":{\"@id\":\"https:\\\/\\\/festival.praguepride.com\\\/en\\\/#\\\/schema\\\/logo\\\/image\\\/\"},\"sameAs\":[\"https:\\\/\\\/www.facebook.com\\\/PraguePrideCZ\",\"https:\\\/\\\/x.com\\\/praguepride\",\"https:\\\/\\\/www.instagram.com\\\/prague.pride\\\/\",\"https:\\\/\\\/www.linkedin.com\\\/company\\\/prague-pride-o.s.\\\/\"]}]}<\/script>\n<!-- \/ Yoast SEO plugin. -->","yoast_head_json":{"title":"Prague Pride Festival","robots":{"index":"index","follow":"follow","max-snippet":"max-snippet:-1","max-image-preview":"max-image-preview:large","max-video-preview":"max-video-preview:-1"},"canonical":"https:\/\/festival.praguepride.com\/en\/photogallery-of-the-festival\/","og_locale":"en_US","og_type":"article","og_site_name":"Prague Pride Festival","article_publisher":"https:\/\/www.facebook.com\/PraguePrideCZ","article_modified_time":"2025-07-29T11:31:39+00:00","og_image":[{"width":1440,"height":715,"url":"https:\/\/festival.praguepride.com\/app\/uploads\/2022\/06\/og-image.png","type":"image\/png"}],"twitter_card":"summary_large_image","twitter_site":"@praguepride","schema":{"@context":"https:\/\/schema.org","@graph":[{"@type":"WebPage","@id":"https:\/\/festival.praguepride.com\/en\/photogallery-of-the-festival\/","url":"https:\/\/festival.praguepride.com\/en\/photogallery-of-the-festival\/","name":"Photo & Video | Prague Pride Festival","isPartOf":{"@id":"https:\/\/festival.praguepride.com\/en\/#website"},"datePublished":"2023-07-16T08:05:32+00:00","dateModified":"2025-07-29T11:31:39+00:00","description":"D\u011bkujeme n\u00e1v\u0161t\u011bvnictvu Prague Pride Festivalu 2024! Do pr\u016fvodu v\u00e1s p\u0159i\u0161lo p\u0159es 100 000. T\u011b\u0161\u00edme se na v\u00e1s na Prague Pride Festivalu 28. 7. \u2013 3. 8. 2025","breadcrumb":{"@id":"https:\/\/festival.praguepride.com\/en\/photogallery-of-the-festival\/#breadcrumb"},"inLanguage":"en-US","potentialAction":[{"@type":"ReadAction","target":["https:\/\/festival.praguepride.com\/en\/photogallery-of-the-festival\/"]}]},{"@type":"BreadcrumbList","@id":"https:\/\/festival.praguepride.com\/en\/photogallery-of-the-festival\/#breadcrumb","itemListElement":[{"@type":"ListItem","position":1,"name":"Home","item":"https:\/\/festival.praguepride.com\/en\/"},{"@type":"ListItem","position":2,"name":"Photo &#038; Video"}]},{"@type":"WebSite","@id":"https:\/\/festival.praguepride.com\/en\/#website","url":"https:\/\/festival.praguepride.com\/en\/","name":"Prague Pride Festival","description":"3\/8 - 9\/8\/2026","publisher":{"@id":"https:\/\/festival.praguepride.com\/en\/#organization"},"potentialAction":[{"@type":"SearchAction","target":{"@type":"EntryPoint","urlTemplate":"https:\/\/festival.praguepride.com\/en\/?s={search_term_string}"},"query-input":{"@type":"PropertyValueSpecification","valueRequired":true,"valueName":"search_term_string"}}],"inLanguage":"en-US"},{"@type":"Organization","@id":"https:\/\/festival.praguepride.com\/en\/#organization","name":"Prague Pride Festival","url":"https:\/\/festival.praguepride.com\/en\/","logo":{"@type":"ImageObject","inLanguage":"en-US","@id":"https:\/\/festival.praguepride.com\/en\/#\/schema\/logo\/image\/","url":"https:\/\/festival.praguepride.com\/app\/uploads\/2022\/06\/favicon.png","contentUrl":"https:\/\/festival.praguepride.com\/app\/uploads\/2022\/06\/favicon.png","width":512,"height":512,"caption":"Prague Pride Festival"},"image":{"@id":"https:\/\/festival.praguepride.com\/en\/#\/schema\/logo\/image\/"},"sameAs":["https:\/\/www.facebook.com\/PraguePrideCZ","https:\/\/x.com\/praguepride","https:\/\/www.instagram.com\/prague.pride\/","https:\/\/www.linkedin.com\/company\/prague-pride-o.s.\/"]}]}},"_links":{"self":[{"href":"https:\/\/festival.praguepride.com\/en\/wp-json\/wp\/v2\/pages\/9937","targetHints":{"allow":["GET"]}}],"collection":[{"href":"https:\/\/festival.praguepride.com\/en\/wp-json\/wp\/v2\/pages"}],"about":[{"href":"https:\/\/festival.praguepride.com\/en\/wp-json\/wp\/v2\/types\/page"}],"author":[{"embeddable":true,"href":"https:\/\/festival.praguepride.com\/en\/wp-json\/wp\/v2\/users\/12"}],"replies":[{"embeddable":true,"href":"https:\/\/festival.praguepride.com\/en\/wp-json\/wp\/v2\/comments?post=9937"}],"version-history":[{"count":20,"href":"https:\/\/festival.praguepride.com\/en\/wp-json\/wp\/v2\/pages\/9937\/revisions"}],"predecessor-version":[{"id":28548,"href":"https:\/\/festival.praguepride.com\/en\/wp-json\/wp\/v2\/pages\/9937\/revisions\/28548"}],"wp:attachment":[{"href":"https:\/\/festival.praguepride.com\/en\/wp-json\/wp\/v2\/media?parent=9937"}],"curies":[{"name":"wp","href":"https:\/\/api.w.org\/{rel}","templated":true}]}}