{"id":658,"date":"2022-06-21T18:55:02","date_gmt":"2022-06-21T16:55:02","guid":{"rendered":"https:\/\/festival.praguepride.com\/accessibility-of-the-festival\/"},"modified":"2025-07-03T14:03:49","modified_gmt":"2025-07-03T12:03:49","slug":"accessibility","status":"publish","type":"page","link":"https:\/\/festival.praguepride.com\/en\/practical-info\/accessibility\/","title":{"rendered":"Accessibility of the festival"},"content":{"rendered":"<div class=\"block\n  block--core-post-featured-image\n  block--align-none\n      \">\n  <figure class=\"wp-block-post-featured-image\"><img loading=\"lazy\" decoding=\"async\" width=\"1920\" height=\"1080\" src=\"https:\/\/festival.praguepride.com\/app\/uploads\/2022\/06\/George-Becker-pexels-1920x1080-c-default.jpg\" class=\"attachment-large_crop size-large_crop wp-post-image\" alt=\"Fotografie duhov\u00e9ho schodi\u0161t\u011b\" style=\"object-fit:cover;\" \/><figcaption class=\"u-fs--200 u-pt--200\">Autor: George Becker (Pexels.com)<\/figcaption><\/figure>\n<\/div>\n\n\n<div class=\"block\n  block--core-paragraph\n  block--align-none\n      \">\n  \n<p>The Prague Pride Festival strives to be as open and accessible as possible for everyone\u2014without exception. That\u2019s our vision, and while it\u2019s easier said than done, we\u2019re doing our best to make it a&nbsp;reality.<\/p>\n\n<\/div>\n\n\n<div class=\"block\n  block--core-paragraph\n  block--align-none\n      \">\n  \n<p>We do encounter limitations\u2014such as historic buildings that are not barrier-free, the financial cost of translations, or staffing constraints for the services we\u2019d like to provide. Still, accessibility remains a&nbsp;constant priority.<\/p>\n\n<\/div>\n\n\n<div class=\"block\n  block--core-paragraph\n  block--align-none\n      \">\n  \n<p>We\u2019ve updated our festival website to be accessible for people with visual impairments. Screen readers can now read our articles and the full festival program.<\/p>\n\n<\/div>\n\n\n<div class=\"block\n  block--core-heading\n  block--align-none\n      \">\n  \n<h3 class=\"wp-block-heading\"><strong>Most festival venues are accessible for people with limited mobility.<\/strong><\/h3>\n\n<\/div>\n\n\n<div class=\"block\n  block--core-heading\n  block--align-none\n    u-pb--400  \">\n  \n<h3 class=\"wp-block-heading\">Pride Caf\u00e9<\/h3>\n\n<\/div>\n\n\n<div class=\"block\n  block--core-paragraph\n  block--align-none\n      \">\n  \n<p>Dorado Kinsk\u00fd Caf\u00e9 is fully wheelchair accessible, including a&nbsp;barrier-free toilet. There are a&nbsp;few steps from the caf\u00e9 to the terrace, but there is an alternative, fully accessible entrance. The staff will gladly assist you.<\/p>\n\n<\/div>\n\n\n<div class=\"block\n  block--core-heading\n  block--align-none\n    u-pb--400  \">\n  \n<h3 class=\"wp-block-heading\">Pride Cinema<\/h3>\n\n<\/div>\n\n\n<div class=\"block\n  block--core-paragraph\n  block--align-none\n      \">\n  \n<p>Both the caf\u00e9 and cinema spaces at Edison Filmhub are wheelchair accessible. Use the side entrance from Jeruzal\u00e9msk\u00e1 Street. A&nbsp;barrier-free toilet is available. For detailed info, visit <a href=\"https:\/\/www.presbariery.cz\/index.php?lang=en\" target=\"_blank\" rel=\"noreferrer noopener\">presbariery.cz<\/a>.<\/p>\n\n<\/div>\n\n\n<div class=\"block\n  block--core-heading\n  block--align-none\n    u-pb--400  \">\n  \n<h3 class=\"wp-block-heading\">Pride Gallery<\/h3>\n\n<\/div>\n\n\n<div class=\"block\n  block--core-paragraph\n  block--align-none\n      \">\n  \n<p>Langhans \u2013 People in Need Center is partially accessible. Wheelchair users can access the ground floor, and a&nbsp;barrier-free toilet is available (key at the reception). More info at <a href=\"https:\/\/www.presbariery.cz\/index.php?lang=en\" target=\"_blank\" rel=\"noreferrer noopener\">presbariery.cz<\/a>.<\/p>\n\n<\/div>\n\n\n<div class=\"block\n  block--core-heading\n  block--align-none\n    u-pb--400  \">\n  \n<h3 class=\"wp-block-heading\">Pride House<\/h3>\n\n<\/div>\n\n\n<div class=\"block\n  block--core-paragraph\n  block--align-none\n      \">\n  \n<p>The French Institute has an elevator and accessible toilets.<\/p>\n\n<\/div>\n\n\n<div class=\"block\n  block--core-heading\n  block--align-none\n    u-pb--400  \">\n  \n<h3 class=\"wp-block-heading\">Pride Parade<\/h3>\n\n<\/div>\n\n\n<div class=\"block\n  block--core-paragraph\n  block--align-none\n      \">\n  \n<p>The route starts at Wenceslas Square and continues through Na P\u0159\u00edkop\u011b, Celetn\u00e1, Old Town Square, Pa\u0159\u00ed\u017esk\u00e1, over \u010cech\u016fv Bridge, and up the stairs to Letn\u00e1 Park and Pride Park. It&#8217;s&nbsp;about 3 km, much of it paved with granite cobblestones. It&#8217;s&nbsp;doable in a&nbsp;wheelchair, but assistance is recommended.<\/p>\n\n<\/div>\n\n\n<div class=\"block\n  block--core-paragraph\n  block--align-none\n      \">\n  \n<p>After \u010cech\u016fv Bridge, a&nbsp;low-floor tram with AC and a&nbsp;wheelchair lift will be waiting to transport participants with limited mobility to Pride Park Letn\u00e1 (usually Korunova\u010dn\u00ed\/Sparta stop). The tram will not stop anywhere else en route\u2014no boarding or exiting during the ride.<\/p>\n\n<\/div>\n\n\n<div class=\"block\n  block--core-heading\n  block--align-none\n    u-pb--400  \">\n  \n<h3 class=\"wp-block-heading\">Pride Park<\/h3>\n\n<\/div>\n\n\n<div class=\"block\n  block--core-paragraph\n  block--align-none\n      \">\n  \n<p>The area at Letn\u00e1 is wheelchair, stroller, and crutch-friendly. Surfaces include asphalt paths, lawn, and compacted sand. A&nbsp;barrier-free toilet will be available near the Volunteer Zone, with the key available upon request. In front of the main Red Stage, there will be an elevated platform on the right-hand side for wheelchair users to enjoy the performances. Enjoy a&nbsp;great view of the performing artists!<\/p>\n\n<\/div>\n\n\n<div class=\"block\n  block--core-heading\n  block--align-none\n    u-pb--400  \">\n  \n<h3 class=\"wp-block-heading\">Pride Village<\/h3>\n\n<\/div>\n\n\n<div class=\"block\n  block--core-paragraph\n  block--align-none\n      \">\n  \n<p>St\u0159eleck\u00fd Island is wheelchair accessible via elevator. Accessible toilets are located in the bridge pillar (for a&nbsp;small fee) or portable toilets (free).<\/p>\n\n<\/div>\n\n\n<div class=\"block\n  block--core-heading\n  block--align-none\n    u-pb--400  \">\n  \n<h3 class=\"wp-block-heading\">Pride Youth<\/h3>\n\n<\/div>\n\n\n<div class=\"block\n  block--core-paragraph\n  block--align-none\n      \">\n  \n<p>Unfortunately, the historic building of the Scout Institute \u2013 Ryb\u00e1rna is not wheelchair accessible.<\/p>\n\n<\/div>\n\n\n<div class=\"block\n  block--core-columns\n  block--align-none\n      \">\n  \n<div class=\"wp-block-columns is-layout-flex wp-container-core-columns-is-layout-28f84493 wp-block-columns-is-layout-flex\">\n<div class=\"wp-block-column is-layout-flow wp-block-column-is-layout-flow\"><div class=\"block\n  block--core-image\n  block--align-none\n      \">\n  \n<figure class=\"wp-block-image size-large\"><img decoding=\"async\" src=\"https:\/\/festival.praguepride.com\/app\/uploads\/2024\/06\/20230807_Zahajeni_Svobodova-6301-1280x0-c-default.jpg\" alt=\"\" class=\"wp-image-17187\"><\/figure>\n\n<\/div>\n<\/div>\n\n\n\n<div class=\"wp-block-column is-vertically-aligned-center is-layout-flow wp-block-column-is-layout-flow\"><div class=\"block\n  block--core-paragraph\n  block--align-none\n      \">\n  \n<p>We\u2019re also thinking about the mental well-being of our participants and sensory sensitivities. Both Pride Village and Pride Park will feature <strong>Pride HideOUT powered by Sephora<\/strong>\u2014a sanctuary from the overstimulation of the festival. It&#8217;s&nbsp;a&nbsp;peaceful zone with soft cushions, quiet, and earplugs, where you can relax and step away from the noise. Crisis support professionals will be available to talk. Once you\u2019ve recharged, you\u2019re welcome to rejoin the festival in full fabulousness.<\/p>\n\n<\/div>\n<\/div>\n<\/div>\n\n<\/div>\n","protected":false},"excerpt":{"rendered":"<p>The Prague Pride Festival strives to be as open and accessible as possible for everyone\u2014without exception. That\u2019s our vision, and while it\u2019s easier said than done, we\u2019re doing our best to make it a&nbsp;reality. We do encounter limitations\u2014such as historic buildings that are not barrier-free, the financial cost of translations, or staffing constraints for the [&hellip;]<\/p>\n","protected":false},"author":1,"featured_media":357,"parent":660,"menu_order":6,"comment_status":"closed","ping_status":"closed","template":"","meta":{"footnotes":""},"class_list":["post-658","page","type-page","status-publish","has-post-thumbnail","hentry"],"acf":[],"yoast_head":"<!-- This site is optimized with the Yoast SEO plugin v27.3 - https:\/\/yoast.com\/product\/yoast-seo-wordpress\/ -->\n<title>Prague Pride Festival<\/title>\n<meta name=\"robots\" content=\"index, follow, max-snippet:-1, max-image-preview:large, max-video-preview:-1\" \/>\n<link rel=\"canonical\" href=\"https:\/\/festival.praguepride.com\/en\/practical-info\/accessibility\/\" \/>\n<meta property=\"og:locale\" content=\"en_US\" \/>\n<meta property=\"og:type\" content=\"article\" \/>\n<meta property=\"og:site_name\" content=\"Prague Pride Festival\" \/>\n<meta property=\"article:publisher\" content=\"https:\/\/www.facebook.com\/PraguePrideCZ\" \/>\n<meta property=\"article:modified_time\" content=\"2025-07-03T12:03:49+00:00\" \/>\n<meta property=\"og:image\" content=\"https:\/\/festival.praguepride.com\/app\/uploads\/2022\/06\/George-Becker-pexels.jpg\" \/>\n\t<meta property=\"og:image:width\" content=\"1920\" \/>\n\t<meta property=\"og:image:height\" content=\"1278\" \/>\n\t<meta property=\"og:image:type\" content=\"image\/jpeg\" \/>\n<meta name=\"twitter:card\" content=\"summary_large_image\" \/>\n<meta name=\"twitter:site\" content=\"@praguepride\" \/>\n<script type=\"application\/ld+json\" class=\"yoast-schema-graph\">{\"@context\":\"https:\\\/\\\/schema.org\",\"@graph\":[{\"@type\":\"WebPage\",\"@id\":\"https:\\\/\\\/festival.praguepride.com\\\/en\\\/practical-info\\\/accessibility\\\/\",\"url\":\"https:\\\/\\\/festival.praguepride.com\\\/en\\\/practical-info\\\/accessibility\\\/\",\"name\":\"Accessibility of the festival | Prague Pride Festival\",\"isPartOf\":{\"@id\":\"https:\\\/\\\/festival.praguepride.com\\\/en\\\/#website\"},\"primaryImageOfPage\":{\"@id\":\"https:\\\/\\\/festival.praguepride.com\\\/en\\\/practical-info\\\/accessibility\\\/#primaryimage\"},\"image\":{\"@id\":\"https:\\\/\\\/festival.praguepride.com\\\/en\\\/practical-info\\\/accessibility\\\/#primaryimage\"},\"thumbnailUrl\":\"https:\\\/\\\/festival.praguepride.com\\\/app\\\/uploads\\\/2022\\\/06\\\/George-Becker-pexels.jpg\",\"datePublished\":\"2022-06-21T16:55:02+00:00\",\"dateModified\":\"2025-07-03T12:03:49+00:00\",\"description\":\"D\u011bkujeme n\u00e1v\u0161t\u011bvnictvu Prague Pride Festivalu 2024! Do pr\u016fvodu v\u00e1s p\u0159i\u0161lo p\u0159es 100 000. T\u011b\u0161\u00edme se na v\u00e1s na Prague Pride Festivalu 28. 7. \u2013 3. 8. 2025\",\"breadcrumb\":{\"@id\":\"https:\\\/\\\/festival.praguepride.com\\\/en\\\/practical-info\\\/accessibility\\\/#breadcrumb\"},\"inLanguage\":\"en-US\",\"potentialAction\":[{\"@type\":\"ReadAction\",\"target\":[\"https:\\\/\\\/festival.praguepride.com\\\/en\\\/practical-info\\\/accessibility\\\/\"]}]},{\"@type\":\"ImageObject\",\"inLanguage\":\"en-US\",\"@id\":\"https:\\\/\\\/festival.praguepride.com\\\/en\\\/practical-info\\\/accessibility\\\/#primaryimage\",\"url\":\"https:\\\/\\\/festival.praguepride.com\\\/app\\\/uploads\\\/2022\\\/06\\\/George-Becker-pexels.jpg\",\"contentUrl\":\"https:\\\/\\\/festival.praguepride.com\\\/app\\\/uploads\\\/2022\\\/06\\\/George-Becker-pexels.jpg\",\"width\":1920,\"height\":1278,\"caption\":\"Fotografie duhov\u00e9ho schodi\u0161t\u011b\"},{\"@type\":\"BreadcrumbList\",\"@id\":\"https:\\\/\\\/festival.praguepride.com\\\/en\\\/practical-info\\\/accessibility\\\/#breadcrumb\",\"itemListElement\":[{\"@type\":\"ListItem\",\"position\":1,\"name\":\"Home\",\"item\":\"https:\\\/\\\/festival.praguepride.com\\\/en\\\/\"},{\"@type\":\"ListItem\",\"position\":2,\"name\":\"Practical info\",\"item\":\"https:\\\/\\\/festival.praguepride.com\\\/en\\\/practical-info\\\/\"},{\"@type\":\"ListItem\",\"position\":3,\"name\":\"Accessibility of the festival\"}]},{\"@type\":\"WebSite\",\"@id\":\"https:\\\/\\\/festival.praguepride.com\\\/en\\\/#website\",\"url\":\"https:\\\/\\\/festival.praguepride.com\\\/en\\\/\",\"name\":\"Prague Pride Festival\",\"description\":\"3\\\/8 - 9\\\/8\\\/2026\",\"publisher\":{\"@id\":\"https:\\\/\\\/festival.praguepride.com\\\/en\\\/#organization\"},\"potentialAction\":[{\"@type\":\"SearchAction\",\"target\":{\"@type\":\"EntryPoint\",\"urlTemplate\":\"https:\\\/\\\/festival.praguepride.com\\\/en\\\/?s={search_term_string}\"},\"query-input\":{\"@type\":\"PropertyValueSpecification\",\"valueRequired\":true,\"valueName\":\"search_term_string\"}}],\"inLanguage\":\"en-US\"},{\"@type\":\"Organization\",\"@id\":\"https:\\\/\\\/festival.praguepride.com\\\/en\\\/#organization\",\"name\":\"Prague Pride Festival\",\"url\":\"https:\\\/\\\/festival.praguepride.com\\\/en\\\/\",\"logo\":{\"@type\":\"ImageObject\",\"inLanguage\":\"en-US\",\"@id\":\"https:\\\/\\\/festival.praguepride.com\\\/en\\\/#\\\/schema\\\/logo\\\/image\\\/\",\"url\":\"https:\\\/\\\/festival.praguepride.com\\\/app\\\/uploads\\\/2022\\\/06\\\/favicon.png\",\"contentUrl\":\"https:\\\/\\\/festival.praguepride.com\\\/app\\\/uploads\\\/2022\\\/06\\\/favicon.png\",\"width\":512,\"height\":512,\"caption\":\"Prague Pride Festival\"},\"image\":{\"@id\":\"https:\\\/\\\/festival.praguepride.com\\\/en\\\/#\\\/schema\\\/logo\\\/image\\\/\"},\"sameAs\":[\"https:\\\/\\\/www.facebook.com\\\/PraguePrideCZ\",\"https:\\\/\\\/x.com\\\/praguepride\",\"https:\\\/\\\/www.instagram.com\\\/prague.pride\\\/\",\"https:\\\/\\\/www.linkedin.com\\\/company\\\/prague-pride-o.s.\\\/\"]}]}<\/script>\n<!-- \/ Yoast SEO plugin. -->","yoast_head_json":{"title":"Prague Pride Festival","robots":{"index":"index","follow":"follow","max-snippet":"max-snippet:-1","max-image-preview":"max-image-preview:large","max-video-preview":"max-video-preview:-1"},"canonical":"https:\/\/festival.praguepride.com\/en\/practical-info\/accessibility\/","og_locale":"en_US","og_type":"article","og_site_name":"Prague Pride Festival","article_publisher":"https:\/\/www.facebook.com\/PraguePrideCZ","article_modified_time":"2025-07-03T12:03:49+00:00","og_image":[{"width":1920,"height":1278,"url":"https:\/\/festival.praguepride.com\/app\/uploads\/2022\/06\/George-Becker-pexels.jpg","type":"image\/jpeg"}],"twitter_card":"summary_large_image","twitter_site":"@praguepride","schema":{"@context":"https:\/\/schema.org","@graph":[{"@type":"WebPage","@id":"https:\/\/festival.praguepride.com\/en\/practical-info\/accessibility\/","url":"https:\/\/festival.praguepride.com\/en\/practical-info\/accessibility\/","name":"Accessibility of the festival | Prague Pride Festival","isPartOf":{"@id":"https:\/\/festival.praguepride.com\/en\/#website"},"primaryImageOfPage":{"@id":"https:\/\/festival.praguepride.com\/en\/practical-info\/accessibility\/#primaryimage"},"image":{"@id":"https:\/\/festival.praguepride.com\/en\/practical-info\/accessibility\/#primaryimage"},"thumbnailUrl":"https:\/\/festival.praguepride.com\/app\/uploads\/2022\/06\/George-Becker-pexels.jpg","datePublished":"2022-06-21T16:55:02+00:00","dateModified":"2025-07-03T12:03:49+00:00","description":"D\u011bkujeme n\u00e1v\u0161t\u011bvnictvu Prague Pride Festivalu 2024! Do pr\u016fvodu v\u00e1s p\u0159i\u0161lo p\u0159es 100 000. T\u011b\u0161\u00edme se na v\u00e1s na Prague Pride Festivalu 28. 7. \u2013 3. 8. 2025","breadcrumb":{"@id":"https:\/\/festival.praguepride.com\/en\/practical-info\/accessibility\/#breadcrumb"},"inLanguage":"en-US","potentialAction":[{"@type":"ReadAction","target":["https:\/\/festival.praguepride.com\/en\/practical-info\/accessibility\/"]}]},{"@type":"ImageObject","inLanguage":"en-US","@id":"https:\/\/festival.praguepride.com\/en\/practical-info\/accessibility\/#primaryimage","url":"https:\/\/festival.praguepride.com\/app\/uploads\/2022\/06\/George-Becker-pexels.jpg","contentUrl":"https:\/\/festival.praguepride.com\/app\/uploads\/2022\/06\/George-Becker-pexels.jpg","width":1920,"height":1278,"caption":"Fotografie duhov\u00e9ho schodi\u0161t\u011b"},{"@type":"BreadcrumbList","@id":"https:\/\/festival.praguepride.com\/en\/practical-info\/accessibility\/#breadcrumb","itemListElement":[{"@type":"ListItem","position":1,"name":"Home","item":"https:\/\/festival.praguepride.com\/en\/"},{"@type":"ListItem","position":2,"name":"Practical info","item":"https:\/\/festival.praguepride.com\/en\/practical-info\/"},{"@type":"ListItem","position":3,"name":"Accessibility of the festival"}]},{"@type":"WebSite","@id":"https:\/\/festival.praguepride.com\/en\/#website","url":"https:\/\/festival.praguepride.com\/en\/","name":"Prague Pride Festival","description":"3\/8 - 9\/8\/2026","publisher":{"@id":"https:\/\/festival.praguepride.com\/en\/#organization"},"potentialAction":[{"@type":"SearchAction","target":{"@type":"EntryPoint","urlTemplate":"https:\/\/festival.praguepride.com\/en\/?s={search_term_string}"},"query-input":{"@type":"PropertyValueSpecification","valueRequired":true,"valueName":"search_term_string"}}],"inLanguage":"en-US"},{"@type":"Organization","@id":"https:\/\/festival.praguepride.com\/en\/#organization","name":"Prague Pride Festival","url":"https:\/\/festival.praguepride.com\/en\/","logo":{"@type":"ImageObject","inLanguage":"en-US","@id":"https:\/\/festival.praguepride.com\/en\/#\/schema\/logo\/image\/","url":"https:\/\/festival.praguepride.com\/app\/uploads\/2022\/06\/favicon.png","contentUrl":"https:\/\/festival.praguepride.com\/app\/uploads\/2022\/06\/favicon.png","width":512,"height":512,"caption":"Prague Pride Festival"},"image":{"@id":"https:\/\/festival.praguepride.com\/en\/#\/schema\/logo\/image\/"},"sameAs":["https:\/\/www.facebook.com\/PraguePrideCZ","https:\/\/x.com\/praguepride","https:\/\/www.instagram.com\/prague.pride\/","https:\/\/www.linkedin.com\/company\/prague-pride-o.s.\/"]}]}},"_links":{"self":[{"href":"https:\/\/festival.praguepride.com\/en\/wp-json\/wp\/v2\/pages\/658","targetHints":{"allow":["GET"]}}],"collection":[{"href":"https:\/\/festival.praguepride.com\/en\/wp-json\/wp\/v2\/pages"}],"about":[{"href":"https:\/\/festival.praguepride.com\/en\/wp-json\/wp\/v2\/types\/page"}],"author":[{"embeddable":true,"href":"https:\/\/festival.praguepride.com\/en\/wp-json\/wp\/v2\/users\/1"}],"replies":[{"embeddable":true,"href":"https:\/\/festival.praguepride.com\/en\/wp-json\/wp\/v2\/comments?post=658"}],"version-history":[{"count":12,"href":"https:\/\/festival.praguepride.com\/en\/wp-json\/wp\/v2\/pages\/658\/revisions"}],"predecessor-version":[{"id":27865,"href":"https:\/\/festival.praguepride.com\/en\/wp-json\/wp\/v2\/pages\/658\/revisions\/27865"}],"up":[{"embeddable":true,"href":"https:\/\/festival.praguepride.com\/en\/wp-json\/wp\/v2\/pages\/660"}],"wp:featuredmedia":[{"embeddable":true,"href":"https:\/\/festival.praguepride.com\/en\/wp-json\/wp\/v2\/media\/357"}],"wp:attachment":[{"href":"https:\/\/festival.praguepride.com\/en\/wp-json\/wp\/v2\/media?parent=658"}],"curies":[{"name":"wp","href":"https:\/\/api.w.org\/{rel}","templated":true}]}}