{"id":615,"date":"2022-06-09T12:34:22","date_gmt":"2022-06-09T10:34:22","guid":{"rendered":"https:\/\/festival.praguepride.com\/contacs\/"},"modified":"2026-04-13T20:04:28","modified_gmt":"2026-04-13T18:04:28","slug":"contacs","status":"publish","type":"page","link":"https:\/\/festival.praguepride.com\/en\/contacs\/","title":{"rendered":"Team"},"content":{"rendered":"<div class=\"block\n  block--core-heading\n  block--align-none\n      \">\n  \n<h2 class=\"wp-block-heading\">Office<\/h2>\n\n<\/div>\n\n\n<div class=\"block\n  block--core-paragraph\n  block--align-none\n      \">\n  \n<p>For general requires, to contact the association per se or when you don&#8217;t know who to approach &#8211; <a href=\"mailto:office@praguepride.com\">office@praguepride.com<\/a><\/p>\n\n<\/div>\n\n\n<div class=\"block\n  block--core-paragraph\n  block--align-none\n      \">\n  \n<p>For music offers please reach out to our team on <a href=\"mailto:music@praguepride.com\">music@praguepride.com<\/a>. <\/p>\n\n<\/div>\n\n\n<div class=\"block\n  block--core-paragraph\n  block--align-none\n      \">\n  \n<p>If you are interested in having a&nbsp;booth at the festival, please wait for the application form to appear on the website at the end of February. We are unable to respond to your offers at this time. Thank you.<\/p>\n\n<\/div>\n\n\n<div class=\"block\n  block--acf-posts-list\n  block--align-none\n      \">\n  <article class=\"b-posts-list\">\n  <div class=\"b-posts-list__grid b-posts-list__grid--quarters\">\n          <div class=\"b-posts-list__tease\">\n        <article class=\"tease\">\n  <div class=\"tease__layout\">\n          <div class=\"tease__media\">\n                  <img decoding=\"async\" srcset=\"https:\/\/festival.praguepride.com\/app\/uploads\/2025\/01\/Kamila-Frohlichova-1-220x220-c-default.jpeg 220w, https:\/\/festival.praguepride.com\/app\/uploads\/2025\/01\/Kamila-Frohlichova-1-440x440-c-default.jpeg 440w\" src=\"data:image\/gif;base64,R0lGODlhAQABAIAAAAAAAP\/\/\/yH5BAEAAAAALAAAAAABAAEAAAIBRAA7\"\n            loading=\"lazy\"\n            width=\"512\"\n            height=\"512\"\n            alt=\"Kamila Fr\u00f6hlichov\u00e1\"\/>\n              <\/div>\n    \n    <div class=\"tease__content\">\n      <h2 class=\"tease__title\">\n                  Kamila Fr\u00f6hlichov\u00e1\n              <\/h2>\n              <div class=\"tease__meta\">\n                      <p>Festival Director<\/p>\n                                <p class=\"u-fs--200 u-overflow--ellipsis\">\n              <a href=\"tel:kamila@praguepride.com\">\n                kamila@praguepride.com\n              <\/a>\n            <\/p>\n                            <\/div>\n          <\/div>\n  <\/div>\n<\/article>\n      <\/div>\n          <div class=\"b-posts-list__tease\">\n        <article class=\"tease\">\n  <div class=\"tease__layout\">\n          <div class=\"tease__media\">\n                  <img decoding=\"async\" srcset=\"https:\/\/festival.praguepride.com\/app\/uploads\/2025\/01\/Lenka-Bartova-1-220x220-c-default.jpeg 220w, https:\/\/festival.praguepride.com\/app\/uploads\/2025\/01\/Lenka-Bartova-1-440x440-c-default.jpeg 440w\" src=\"data:image\/gif;base64,R0lGODlhAQABAIAAAAAAAP\/\/\/yH5BAEAAAAALAAAAAABAAEAAAIBRAA7\"\n            loading=\"lazy\"\n            width=\"512\"\n            height=\"512\"\n            alt=\"Lenka B\u00e1rtov\u00e1\"\/>\n              <\/div>\n    \n    <div class=\"tease__content\">\n      <h2 class=\"tease__title\">\n                  Lenka B\u00e1rtov\u00e1\n              <\/h2>\n              <div class=\"tease__meta\">\n                      <p>Corporate Fundraising Manager<\/p>\n                                <p class=\"u-fs--200 u-overflow--ellipsis\">\n              <a href=\"tel:lenka.bartova@praguepride.com\">\n                lenka.bartova@praguepride.com\n              <\/a>\n            <\/p>\n                            <\/div>\n          <\/div>\n  <\/div>\n<\/article>\n      <\/div>\n      <\/div>\n  <\/article>\n\n<\/div>\n\n\n<div class=\"block\n  block--core-heading\n  block--align-none\n    u-pb--400  \">\n  \n<h3 class=\"wp-block-heading\">FESTIVAL TEAM<\/h3>\n\n<\/div>\n\n\n<div class=\"block\n  block--core-image\n  block--align-none\n      \">\n  \n<figure class=\"wp-block-image size-large\"><img decoding=\"async\" src=\"https:\/\/festival.praguepride.com\/app\/uploads\/2024\/03\/tym-e1709393900434-1920x0-c-default.jpeg\" alt=\"\" class=\"wp-image-15991\"><\/figure>\n\n<\/div>\n\n\n<div class=\"block\n  block--core-paragraph\n  block--align-none\n      \">\n  \n<p><strong>FESTIVAL DIRECTOR<\/strong><br>Kamila Fr\u00f6hlichov\u00e1<\/p>\n\n<\/div>\n\n\n<div class=\"block\n  block--core-paragraph\n  block--align-none\n      \">\n  \n<p><strong>FINANCE<\/strong><br>Kate\u0159ina Saparov\u00e1<br>Eva Kraj\u010dovi\u010d<br>Mark\u00e9ta Navr\u00e1tilov\u00e1<br>Tom\u00e1\u0161 Do\u010dkal<\/p>\n\n<\/div>\n\n\n<div class=\"block\n  block--core-paragraph\n  block--align-none\n      \">\n  \n<p><strong>OPERATIONS<\/strong><br>Tereza Toufarov\u00e1<br>Lucia Filov\u00e1<br>Tom\u00e1\u0161 Studen\u00fd<br>Mark\u00e9ta Navr\u00e1tilov\u00e1<\/p>\n\n<\/div>\n\n\n<div class=\"block\n  block--core-paragraph\n  block--align-none\n      \">\n  \n<p><strong>HR<\/strong><br>Miroslav Gyenes<br>Medea Kiknavelidze<\/p>\n\n<\/div>\n\n\n<div class=\"block\n  block--core-paragraph\n  block--align-none\n      \">\n  \n<p><strong>GASTRO<\/strong><br>Patrika V\u00edchov\u00e1<br>Radek Mi\u0159\u00e1ck\u00fd<br>Michal Mat\u011bj<br>Marian Krama\u0159\u00edk<\/p>\n\n<\/div>\n\n\n<div class=\"block\n  block--core-paragraph\n  block--align-none\n      \">\n  \n<p><strong>MARKETING<\/strong><br>Nicol \u0160kvarov\u00e1<br>Nikola P\u00e1len\u00ed\u010dkov\u00e1<br>Dominik Samek<br>Carmen Absolonov\u00e1<br>Alena Slabihoudkov\u00e1<br>Eli\u0161ka Dole\u017ealov\u00e1<br>G\u00e1bi Kincl<br>Bohdana Rambouskov\u00e1<\/p>\n\n<\/div>\n\n\n<div class=\"block\n  block--core-paragraph\n  block--align-none\n      \">\n  \n<p><strong>FUNDRAISING<\/strong><br>Lenka B\u00e1rtov\u00e1<br>Sabina Sedl\u00e1\u010dkov\u00e1<br>Lucie Zelen\u00e1<br>Mark\u00e9ta Navr\u00e1tilov\u00e1<br>Lucia Filov\u00e1<br>Daniela Sakreidov\u00e1<br>Miroslav Gyenes<\/p>\n\n<\/div>\n\n\n<div class=\"block\n  block--core-paragraph\n  block--align-none\n      \">\n  \n<p><strong>PRODUCTION<\/strong><br>Lenka Hronov\u00e1<br>Oliver McGillick<br>Peter Szab\u00f3<br>Iva Svobodov\u00e1<br>Krist\u00fdna Dejlov\u00e1<br>Viktorie Novotn\u00e1<br>Michal Ko\u010d\u00e1rek<br>Franti\u0161ek Rezek<br>Ond\u0159ej Mou\u010dka<br>Kate\u0159ina Maierov\u00e1<br>Mikul\u00e1\u0161 B\u00e9br<br>Patrik Quaiser<br>Adri\u00e1n P\u00f3cs<br>Karol\u00edna Pl\u0161\u00edkov\u00e1<\/p>\n\n<\/div>\n\n\n<div class=\"block\n  block--core-paragraph\n  block--align-none\n      \">\n  \n<p><strong>PROGRAMME<\/strong><br>Dora Va\u0161\u00ed\u010dkov\u00e1<br>\u0160imon Hol\u00fd<br>Jana Pato\u010dkov\u00e1<\/p>\n\n<\/div>\n\n\n<div class=\"block\n  block--core-paragraph\n  block--align-none\n      \">\n  \n<p><strong>GUEST SERVICE<\/strong><br>\u0160imon Blaschko<\/p>\n\n<\/div>\n\n\n<div class=\"block\n  block--core-paragraph\n  block--align-none\n      \">\n  \n<p><strong>VOLUNTEERS<\/strong><br>Miroslav Gyenes<br>Theo Ondr\u016fj<br>Alex Zlatn\u00ed\u010dkov\u00e1<br>Medea Kiknavelidze<\/p>\n\n<\/div>\n","protected":false},"excerpt":{"rendered":"<p>Office For general requires, to contact the association per se or when you don&#8217;t know who to approach &#8211; office@praguepride.com For music offers please reach out to our team on music@praguepride.com. If you are interested in having a&nbsp;booth at the festival, please wait for the application form to appear on the website at the end [&hellip;]<\/p>\n","protected":false},"author":2,"featured_media":0,"parent":0,"menu_order":15,"comment_status":"closed","ping_status":"closed","template":"","meta":{"footnotes":""},"class_list":["post-615","page","type-page","status-publish","hentry"],"acf":[],"yoast_head":"<!-- This site is optimized with the Yoast SEO plugin v27.3 - https:\/\/yoast.com\/product\/yoast-seo-wordpress\/ -->\n<title>Prague Pride Festival<\/title>\n<meta name=\"robots\" content=\"index, follow, max-snippet:-1, max-image-preview:large, max-video-preview:-1\" \/>\n<link rel=\"canonical\" href=\"https:\/\/festival.praguepride.com\/en\/contacs\/\" \/>\n<meta property=\"og:locale\" content=\"en_US\" \/>\n<meta property=\"og:type\" content=\"article\" \/>\n<meta property=\"og:site_name\" content=\"Prague Pride Festival\" \/>\n<meta property=\"article:publisher\" content=\"https:\/\/www.facebook.com\/PraguePrideCZ\" \/>\n<meta property=\"article:modified_time\" content=\"2026-04-13T18:04:28+00:00\" \/>\n<meta property=\"og:image\" content=\"https:\/\/festival.praguepride.com\/app\/uploads\/2024\/03\/tym-e1709393900434.jpeg\" \/>\n<meta name=\"twitter:card\" content=\"summary_large_image\" \/>\n<meta name=\"twitter:site\" content=\"@praguepride\" \/>\n<script type=\"application\/ld+json\" class=\"yoast-schema-graph\">{\"@context\":\"https:\\\/\\\/schema.org\",\"@graph\":[{\"@type\":\"WebPage\",\"@id\":\"https:\\\/\\\/festival.praguepride.com\\\/en\\\/contacs\\\/\",\"url\":\"https:\\\/\\\/festival.praguepride.com\\\/en\\\/contacs\\\/\",\"name\":\"Team | Prague Pride Festival\",\"isPartOf\":{\"@id\":\"https:\\\/\\\/festival.praguepride.com\\\/en\\\/#website\"},\"primaryImageOfPage\":{\"@id\":\"https:\\\/\\\/festival.praguepride.com\\\/en\\\/contacs\\\/#primaryimage\"},\"image\":{\"@id\":\"https:\\\/\\\/festival.praguepride.com\\\/en\\\/contacs\\\/#primaryimage\"},\"thumbnailUrl\":\"https:\\\/\\\/festival.praguepride.com\\\/app\\\/uploads\\\/2024\\\/03\\\/tym-e1709393900434.jpeg\",\"datePublished\":\"2022-06-09T10:34:22+00:00\",\"dateModified\":\"2026-04-13T18:04:28+00:00\",\"description\":\"D\u011bkujeme n\u00e1v\u0161t\u011bvnictvu Prague Pride Festivalu 2024! Do pr\u016fvodu v\u00e1s p\u0159i\u0161lo p\u0159es 100 000. T\u011b\u0161\u00edme se na v\u00e1s na Prague Pride Festivalu 28. 7. \u2013 3. 8. 2025\",\"breadcrumb\":{\"@id\":\"https:\\\/\\\/festival.praguepride.com\\\/en\\\/contacs\\\/#breadcrumb\"},\"inLanguage\":\"en-US\",\"potentialAction\":[{\"@type\":\"ReadAction\",\"target\":[\"https:\\\/\\\/festival.praguepride.com\\\/en\\\/contacs\\\/\"]}]},{\"@type\":\"ImageObject\",\"inLanguage\":\"en-US\",\"@id\":\"https:\\\/\\\/festival.praguepride.com\\\/en\\\/contacs\\\/#primaryimage\",\"url\":\"https:\\\/\\\/festival.praguepride.com\\\/app\\\/uploads\\\/2024\\\/03\\\/tym-e1709393900434.jpeg\",\"contentUrl\":\"https:\\\/\\\/festival.praguepride.com\\\/app\\\/uploads\\\/2024\\\/03\\\/tym-e1709393900434.jpeg\"},{\"@type\":\"BreadcrumbList\",\"@id\":\"https:\\\/\\\/festival.praguepride.com\\\/en\\\/contacs\\\/#breadcrumb\",\"itemListElement\":[{\"@type\":\"ListItem\",\"position\":1,\"name\":\"Home\",\"item\":\"https:\\\/\\\/festival.praguepride.com\\\/en\\\/\"},{\"@type\":\"ListItem\",\"position\":2,\"name\":\"Team\"}]},{\"@type\":\"WebSite\",\"@id\":\"https:\\\/\\\/festival.praguepride.com\\\/en\\\/#website\",\"url\":\"https:\\\/\\\/festival.praguepride.com\\\/en\\\/\",\"name\":\"Prague Pride Festival\",\"description\":\"3\\\/8 - 9\\\/8\\\/2026\",\"publisher\":{\"@id\":\"https:\\\/\\\/festival.praguepride.com\\\/en\\\/#organization\"},\"potentialAction\":[{\"@type\":\"SearchAction\",\"target\":{\"@type\":\"EntryPoint\",\"urlTemplate\":\"https:\\\/\\\/festival.praguepride.com\\\/en\\\/?s={search_term_string}\"},\"query-input\":{\"@type\":\"PropertyValueSpecification\",\"valueRequired\":true,\"valueName\":\"search_term_string\"}}],\"inLanguage\":\"en-US\"},{\"@type\":\"Organization\",\"@id\":\"https:\\\/\\\/festival.praguepride.com\\\/en\\\/#organization\",\"name\":\"Prague Pride Festival\",\"url\":\"https:\\\/\\\/festival.praguepride.com\\\/en\\\/\",\"logo\":{\"@type\":\"ImageObject\",\"inLanguage\":\"en-US\",\"@id\":\"https:\\\/\\\/festival.praguepride.com\\\/en\\\/#\\\/schema\\\/logo\\\/image\\\/\",\"url\":\"https:\\\/\\\/festival.praguepride.com\\\/app\\\/uploads\\\/2022\\\/06\\\/favicon.png\",\"contentUrl\":\"https:\\\/\\\/festival.praguepride.com\\\/app\\\/uploads\\\/2022\\\/06\\\/favicon.png\",\"width\":512,\"height\":512,\"caption\":\"Prague Pride Festival\"},\"image\":{\"@id\":\"https:\\\/\\\/festival.praguepride.com\\\/en\\\/#\\\/schema\\\/logo\\\/image\\\/\"},\"sameAs\":[\"https:\\\/\\\/www.facebook.com\\\/PraguePrideCZ\",\"https:\\\/\\\/x.com\\\/praguepride\",\"https:\\\/\\\/www.instagram.com\\\/prague.pride\\\/\",\"https:\\\/\\\/www.linkedin.com\\\/company\\\/prague-pride-o.s.\\\/\"]}]}<\/script>\n<!-- \/ Yoast SEO plugin. -->","yoast_head_json":{"title":"Prague Pride Festival","robots":{"index":"index","follow":"follow","max-snippet":"max-snippet:-1","max-image-preview":"max-image-preview:large","max-video-preview":"max-video-preview:-1"},"canonical":"https:\/\/festival.praguepride.com\/en\/contacs\/","og_locale":"en_US","og_type":"article","og_site_name":"Prague Pride Festival","article_publisher":"https:\/\/www.facebook.com\/PraguePrideCZ","article_modified_time":"2026-04-13T18:04:28+00:00","og_image":[{"url":"https:\/\/festival.praguepride.com\/app\/uploads\/2024\/03\/tym-e1709393900434.jpeg","type":"","width":"","height":""}],"twitter_card":"summary_large_image","twitter_site":"@praguepride","schema":{"@context":"https:\/\/schema.org","@graph":[{"@type":"WebPage","@id":"https:\/\/festival.praguepride.com\/en\/contacs\/","url":"https:\/\/festival.praguepride.com\/en\/contacs\/","name":"Team | Prague Pride Festival","isPartOf":{"@id":"https:\/\/festival.praguepride.com\/en\/#website"},"primaryImageOfPage":{"@id":"https:\/\/festival.praguepride.com\/en\/contacs\/#primaryimage"},"image":{"@id":"https:\/\/festival.praguepride.com\/en\/contacs\/#primaryimage"},"thumbnailUrl":"https:\/\/festival.praguepride.com\/app\/uploads\/2024\/03\/tym-e1709393900434.jpeg","datePublished":"2022-06-09T10:34:22+00:00","dateModified":"2026-04-13T18:04:28+00:00","description":"D\u011bkujeme n\u00e1v\u0161t\u011bvnictvu Prague Pride Festivalu 2024! Do pr\u016fvodu v\u00e1s p\u0159i\u0161lo p\u0159es 100 000. T\u011b\u0161\u00edme se na v\u00e1s na Prague Pride Festivalu 28. 7. \u2013 3. 8. 2025","breadcrumb":{"@id":"https:\/\/festival.praguepride.com\/en\/contacs\/#breadcrumb"},"inLanguage":"en-US","potentialAction":[{"@type":"ReadAction","target":["https:\/\/festival.praguepride.com\/en\/contacs\/"]}]},{"@type":"ImageObject","inLanguage":"en-US","@id":"https:\/\/festival.praguepride.com\/en\/contacs\/#primaryimage","url":"https:\/\/festival.praguepride.com\/app\/uploads\/2024\/03\/tym-e1709393900434.jpeg","contentUrl":"https:\/\/festival.praguepride.com\/app\/uploads\/2024\/03\/tym-e1709393900434.jpeg"},{"@type":"BreadcrumbList","@id":"https:\/\/festival.praguepride.com\/en\/contacs\/#breadcrumb","itemListElement":[{"@type":"ListItem","position":1,"name":"Home","item":"https:\/\/festival.praguepride.com\/en\/"},{"@type":"ListItem","position":2,"name":"Team"}]},{"@type":"WebSite","@id":"https:\/\/festival.praguepride.com\/en\/#website","url":"https:\/\/festival.praguepride.com\/en\/","name":"Prague Pride Festival","description":"3\/8 - 9\/8\/2026","publisher":{"@id":"https:\/\/festival.praguepride.com\/en\/#organization"},"potentialAction":[{"@type":"SearchAction","target":{"@type":"EntryPoint","urlTemplate":"https:\/\/festival.praguepride.com\/en\/?s={search_term_string}"},"query-input":{"@type":"PropertyValueSpecification","valueRequired":true,"valueName":"search_term_string"}}],"inLanguage":"en-US"},{"@type":"Organization","@id":"https:\/\/festival.praguepride.com\/en\/#organization","name":"Prague Pride Festival","url":"https:\/\/festival.praguepride.com\/en\/","logo":{"@type":"ImageObject","inLanguage":"en-US","@id":"https:\/\/festival.praguepride.com\/en\/#\/schema\/logo\/image\/","url":"https:\/\/festival.praguepride.com\/app\/uploads\/2022\/06\/favicon.png","contentUrl":"https:\/\/festival.praguepride.com\/app\/uploads\/2022\/06\/favicon.png","width":512,"height":512,"caption":"Prague Pride Festival"},"image":{"@id":"https:\/\/festival.praguepride.com\/en\/#\/schema\/logo\/image\/"},"sameAs":["https:\/\/www.facebook.com\/PraguePrideCZ","https:\/\/x.com\/praguepride","https:\/\/www.instagram.com\/prague.pride\/","https:\/\/www.linkedin.com\/company\/prague-pride-o.s.\/"]}]}},"_links":{"self":[{"href":"https:\/\/festival.praguepride.com\/en\/wp-json\/wp\/v2\/pages\/615","targetHints":{"allow":["GET"]}}],"collection":[{"href":"https:\/\/festival.praguepride.com\/en\/wp-json\/wp\/v2\/pages"}],"about":[{"href":"https:\/\/festival.praguepride.com\/en\/wp-json\/wp\/v2\/types\/page"}],"author":[{"embeddable":true,"href":"https:\/\/festival.praguepride.com\/en\/wp-json\/wp\/v2\/users\/2"}],"replies":[{"embeddable":true,"href":"https:\/\/festival.praguepride.com\/en\/wp-json\/wp\/v2\/comments?post=615"}],"version-history":[{"count":35,"href":"https:\/\/festival.praguepride.com\/en\/wp-json\/wp\/v2\/pages\/615\/revisions"}],"predecessor-version":[{"id":31620,"href":"https:\/\/festival.praguepride.com\/en\/wp-json\/wp\/v2\/pages\/615\/revisions\/31620"}],"wp:attachment":[{"href":"https:\/\/festival.praguepride.com\/en\/wp-json\/wp\/v2\/media?parent=615"}],"curies":[{"name":"wp","href":"https:\/\/api.w.org\/{rel}","templated":true}]}}