{"id":605,"date":"2022-06-09T13:16:26","date_gmt":"2022-06-09T11:16:26","guid":{"rendered":"https:\/\/festival.praguepride.com\/about-the-festival\/"},"modified":"2025-05-14T09:53:08","modified_gmt":"2025-05-14T07:53:08","slug":"about-the-festival","status":"publish","type":"page","link":"https:\/\/festival.praguepride.com\/en\/about-the-festival\/","title":{"rendered":"About the festival"},"content":{"rendered":"<div class=\"block\n  block--core-paragraph\n  block--align-none\n      \">\n  \n<p>The Prague Pride Festival has been held annually every August since 2011. Nowadays, the festival is one of the biggest cultural events in the Czech Republic.<\/p>\n\n<\/div>\n\n\n<div class=\"block\n  block--acf-button-group\n  block--align-none\n      \">\n  <div class=\"b-button-group b-button-group--quarters\">\n            <a href=\"https:\/\/festival.praguepride.com\/en\/blog\/\"\n         \n         \n         class=\"b-button-group__button-wrap b-button-group__button-wrap--has-thumbnail\">\n                  <img decoding=\"async\" srcset=\"https:\/\/festival.praguepride.com\/app\/uploads\/2022\/08\/PH-061-220x220-c-default.jpg 220w, https:\/\/festival.praguepride.com\/app\/uploads\/2022\/08\/PH-061-440x440-c-default.jpg 440w\" src=\"data:image\/gif;base64,R0lGODlhAQABAIAAAAAAAP\/\/\/yH5BAEAAAAALAAAAAABAAEAAAIBRAA7\"\n            class=\"b-button-group__thumbnail\"\n            loading=\"lazy\"\n            width=\"512\"\n            height=\"288\"\n            alt=\"News\"\/>\n                <span class=\"b-button-group__button\">\n          News\n        <\/span>\n      <\/a>\n                <a href=\"https:\/\/festival.praguepride.com\/en\/we-have-awesome-merch\/\"\n         \n         \n         class=\"b-button-group__button-wrap b-button-group__button-wrap--has-thumbnail\">\n                  <img decoding=\"async\" srcset=\"https:\/\/festival.praguepride.com\/app\/uploads\/2023\/07\/uni-2-220x220-c-default.jpg 220w, https:\/\/festival.praguepride.com\/app\/uploads\/2023\/07\/uni-2-440x440-c-default.jpg 440w\" src=\"data:image\/gif;base64,R0lGODlhAQABAIAAAAAAAP\/\/\/yH5BAEAAAAALAAAAAABAAEAAAIBRAA7\"\n            class=\"b-button-group__thumbnail\"\n            loading=\"lazy\"\n            width=\"512\"\n            height=\"288\"\n            alt=\"Merch\"\/>\n                <span class=\"b-button-group__button\">\n          Merch\n        <\/span>\n      <\/a>\n                <a href=\"https:\/\/festival.praguepride.com\/en\/who-we-are\/\"\n         \n         \n         class=\"b-button-group__button-wrap b-button-group__button-wrap--has-thumbnail\">\n                  <img decoding=\"async\" srcset=\"https:\/\/festival.praguepride.com\/app\/uploads\/2023\/08\/onsinchpr2-220x220-c-default.jpg 220w, https:\/\/festival.praguepride.com\/app\/uploads\/2023\/08\/onsinchpr2-440x440-c-default.jpg 440w\" src=\"data:image\/gif;base64,R0lGODlhAQABAIAAAAAAAP\/\/\/yH5BAEAAAAALAAAAAABAAEAAAIBRAA7\"\n            class=\"b-button-group__thumbnail\"\n            loading=\"lazy\"\n            width=\"512\"\n            height=\"288\"\n            alt=\"Who we are\"\/>\n                <span class=\"b-button-group__button\">\n          Who we are\n        <\/span>\n      <\/a>\n            <\/div>\n\n<\/div>\n","protected":false},"excerpt":{"rendered":"<p>The Prague Pride Festival has been held annually every August since 2011. Nowadays, the festival is one of the biggest cultural events in the Czech Republic.<\/p>\n","protected":false},"author":2,"featured_media":406,"parent":0,"menu_order":21,"comment_status":"closed","ping_status":"closed","template":"","meta":{"footnotes":""},"class_list":["post-605","page","type-page","status-publish","has-post-thumbnail","hentry"],"acf":[],"yoast_head":"<!-- This site is optimized with the Yoast SEO plugin v26.9 - https:\/\/yoast.com\/product\/yoast-seo-wordpress\/ -->\n<title>Prague Pride Festival<\/title>\n<meta name=\"robots\" content=\"index, follow, max-snippet:-1, max-image-preview:large, max-video-preview:-1\" \/>\n<link rel=\"canonical\" href=\"https:\/\/festival.praguepride.com\/en\/about-the-festival\/\" \/>\n<meta property=\"og:locale\" content=\"en_US\" \/>\n<meta property=\"og:type\" content=\"article\" \/>\n<meta property=\"og:site_name\" content=\"Prague Pride Festival\" \/>\n<meta property=\"article:publisher\" content=\"https:\/\/www.facebook.com\/PraguePrideCZ\" \/>\n<meta property=\"article:modified_time\" content=\"2025-05-14T07:53:08+00:00\" \/>\n<meta property=\"og:image\" content=\"https:\/\/festival.praguepride.com\/app\/uploads\/2022\/06\/2018_Pruvod_Leah-Takata02.jpg\" \/>\n\t<meta property=\"og:image:width\" content=\"2560\" \/>\n\t<meta property=\"og:image:height\" content=\"1707\" \/>\n\t<meta property=\"og:image:type\" content=\"image\/jpeg\" \/>\n<meta name=\"twitter:card\" content=\"summary_large_image\" \/>\n<meta name=\"twitter:site\" content=\"@praguepride\" \/>\n<script type=\"application\/ld+json\" class=\"yoast-schema-graph\">{\"@context\":\"https:\/\/schema.org\",\"@graph\":[{\"@type\":\"WebPage\",\"@id\":\"https:\/\/festival.praguepride.com\/en\/about-the-festival\/\",\"url\":\"https:\/\/festival.praguepride.com\/en\/about-the-festival\/\",\"name\":\"About the festival | Prague Pride Festival\",\"isPartOf\":{\"@id\":\"https:\/\/festival.praguepride.com\/en\/#website\"},\"primaryImageOfPage\":{\"@id\":\"https:\/\/festival.praguepride.com\/en\/about-the-festival\/#primaryimage\"},\"image\":{\"@id\":\"https:\/\/festival.praguepride.com\/en\/about-the-festival\/#primaryimage\"},\"thumbnailUrl\":\"https:\/\/festival.praguepride.com\/app\/uploads\/2022\/06\/2018_Pruvod_Leah-Takata02.jpg\",\"datePublished\":\"2022-06-09T11:16:26+00:00\",\"dateModified\":\"2025-05-14T07:53:08+00:00\",\"description\":\"D\u011bkujeme n\u00e1v\u0161t\u011bvnictvu Prague Pride Festivalu 2024! Do pr\u016fvodu v\u00e1s p\u0159i\u0161lo p\u0159es 100 000. T\u011b\u0161\u00edme se na v\u00e1s na Prague Pride Festivalu 28. 7. \u2013 3. 8. 2025\",\"breadcrumb\":{\"@id\":\"https:\/\/festival.praguepride.com\/en\/about-the-festival\/#breadcrumb\"},\"inLanguage\":\"en-US\",\"potentialAction\":[{\"@type\":\"ReadAction\",\"target\":[\"https:\/\/festival.praguepride.com\/en\/about-the-festival\/\"]}]},{\"@type\":\"ImageObject\",\"inLanguage\":\"en-US\",\"@id\":\"https:\/\/festival.praguepride.com\/en\/about-the-festival\/#primaryimage\",\"url\":\"https:\/\/festival.praguepride.com\/app\/uploads\/2022\/06\/2018_Pruvod_Leah-Takata02.jpg\",\"contentUrl\":\"https:\/\/festival.praguepride.com\/app\/uploads\/2022\/06\/2018_Pruvod_Leah-Takata02.jpg\",\"width\":2560,\"height\":1707,\"caption\":\"Mlad\u00e1 \u017eena v tri\u010dku s n\u00e1pisem Equality dr\u017e\u00edc\u00ed nad hlavou duhovou vlajku\"},{\"@type\":\"BreadcrumbList\",\"@id\":\"https:\/\/festival.praguepride.com\/en\/about-the-festival\/#breadcrumb\",\"itemListElement\":[{\"@type\":\"ListItem\",\"position\":1,\"name\":\"Home\",\"item\":\"https:\/\/festival.praguepride.com\/en\/\"},{\"@type\":\"ListItem\",\"position\":2,\"name\":\"About the festival\"}]},{\"@type\":\"WebSite\",\"@id\":\"https:\/\/festival.praguepride.com\/en\/#website\",\"url\":\"https:\/\/festival.praguepride.com\/en\/\",\"name\":\"Prague Pride Festival\",\"description\":\"3\/8 - 9\/8\/2026\",\"publisher\":{\"@id\":\"https:\/\/festival.praguepride.com\/en\/#organization\"},\"potentialAction\":[{\"@type\":\"SearchAction\",\"target\":{\"@type\":\"EntryPoint\",\"urlTemplate\":\"https:\/\/festival.praguepride.com\/en\/?s={search_term_string}\"},\"query-input\":{\"@type\":\"PropertyValueSpecification\",\"valueRequired\":true,\"valueName\":\"search_term_string\"}}],\"inLanguage\":\"en-US\"},{\"@type\":\"Organization\",\"@id\":\"https:\/\/festival.praguepride.com\/en\/#organization\",\"name\":\"Prague Pride Festival\",\"url\":\"https:\/\/festival.praguepride.com\/en\/\",\"logo\":{\"@type\":\"ImageObject\",\"inLanguage\":\"en-US\",\"@id\":\"https:\/\/festival.praguepride.com\/en\/#\/schema\/logo\/image\/\",\"url\":\"https:\/\/festival.praguepride.com\/app\/uploads\/2022\/06\/favicon.png\",\"contentUrl\":\"https:\/\/festival.praguepride.com\/app\/uploads\/2022\/06\/favicon.png\",\"width\":512,\"height\":512,\"caption\":\"Prague Pride Festival\"},\"image\":{\"@id\":\"https:\/\/festival.praguepride.com\/en\/#\/schema\/logo\/image\/\"},\"sameAs\":[\"https:\/\/www.facebook.com\/PraguePrideCZ\",\"https:\/\/x.com\/praguepride\",\"https:\/\/www.instagram.com\/prague.pride\/\",\"https:\/\/www.linkedin.com\/company\/prague-pride-o.s.\/\"]}]}<\/script>\n<!-- \/ Yoast SEO plugin. -->","yoast_head_json":{"title":"Prague Pride Festival","robots":{"index":"index","follow":"follow","max-snippet":"max-snippet:-1","max-image-preview":"max-image-preview:large","max-video-preview":"max-video-preview:-1"},"canonical":"https:\/\/festival.praguepride.com\/en\/about-the-festival\/","og_locale":"en_US","og_type":"article","og_site_name":"Prague Pride Festival","article_publisher":"https:\/\/www.facebook.com\/PraguePrideCZ","article_modified_time":"2025-05-14T07:53:08+00:00","og_image":[{"width":2560,"height":1707,"url":"https:\/\/festival.praguepride.com\/app\/uploads\/2022\/06\/2018_Pruvod_Leah-Takata02.jpg","type":"image\/jpeg"}],"twitter_card":"summary_large_image","twitter_site":"@praguepride","schema":{"@context":"https:\/\/schema.org","@graph":[{"@type":"WebPage","@id":"https:\/\/festival.praguepride.com\/en\/about-the-festival\/","url":"https:\/\/festival.praguepride.com\/en\/about-the-festival\/","name":"About the festival | Prague Pride Festival","isPartOf":{"@id":"https:\/\/festival.praguepride.com\/en\/#website"},"primaryImageOfPage":{"@id":"https:\/\/festival.praguepride.com\/en\/about-the-festival\/#primaryimage"},"image":{"@id":"https:\/\/festival.praguepride.com\/en\/about-the-festival\/#primaryimage"},"thumbnailUrl":"https:\/\/festival.praguepride.com\/app\/uploads\/2022\/06\/2018_Pruvod_Leah-Takata02.jpg","datePublished":"2022-06-09T11:16:26+00:00","dateModified":"2025-05-14T07:53:08+00:00","description":"D\u011bkujeme n\u00e1v\u0161t\u011bvnictvu Prague Pride Festivalu 2024! Do pr\u016fvodu v\u00e1s p\u0159i\u0161lo p\u0159es 100 000. T\u011b\u0161\u00edme se na v\u00e1s na Prague Pride Festivalu 28. 7. \u2013 3. 8. 2025","breadcrumb":{"@id":"https:\/\/festival.praguepride.com\/en\/about-the-festival\/#breadcrumb"},"inLanguage":"en-US","potentialAction":[{"@type":"ReadAction","target":["https:\/\/festival.praguepride.com\/en\/about-the-festival\/"]}]},{"@type":"ImageObject","inLanguage":"en-US","@id":"https:\/\/festival.praguepride.com\/en\/about-the-festival\/#primaryimage","url":"https:\/\/festival.praguepride.com\/app\/uploads\/2022\/06\/2018_Pruvod_Leah-Takata02.jpg","contentUrl":"https:\/\/festival.praguepride.com\/app\/uploads\/2022\/06\/2018_Pruvod_Leah-Takata02.jpg","width":2560,"height":1707,"caption":"Mlad\u00e1 \u017eena v tri\u010dku s n\u00e1pisem Equality dr\u017e\u00edc\u00ed nad hlavou duhovou vlajku"},{"@type":"BreadcrumbList","@id":"https:\/\/festival.praguepride.com\/en\/about-the-festival\/#breadcrumb","itemListElement":[{"@type":"ListItem","position":1,"name":"Home","item":"https:\/\/festival.praguepride.com\/en\/"},{"@type":"ListItem","position":2,"name":"About the festival"}]},{"@type":"WebSite","@id":"https:\/\/festival.praguepride.com\/en\/#website","url":"https:\/\/festival.praguepride.com\/en\/","name":"Prague Pride Festival","description":"3\/8 - 9\/8\/2026","publisher":{"@id":"https:\/\/festival.praguepride.com\/en\/#organization"},"potentialAction":[{"@type":"SearchAction","target":{"@type":"EntryPoint","urlTemplate":"https:\/\/festival.praguepride.com\/en\/?s={search_term_string}"},"query-input":{"@type":"PropertyValueSpecification","valueRequired":true,"valueName":"search_term_string"}}],"inLanguage":"en-US"},{"@type":"Organization","@id":"https:\/\/festival.praguepride.com\/en\/#organization","name":"Prague Pride Festival","url":"https:\/\/festival.praguepride.com\/en\/","logo":{"@type":"ImageObject","inLanguage":"en-US","@id":"https:\/\/festival.praguepride.com\/en\/#\/schema\/logo\/image\/","url":"https:\/\/festival.praguepride.com\/app\/uploads\/2022\/06\/favicon.png","contentUrl":"https:\/\/festival.praguepride.com\/app\/uploads\/2022\/06\/favicon.png","width":512,"height":512,"caption":"Prague Pride Festival"},"image":{"@id":"https:\/\/festival.praguepride.com\/en\/#\/schema\/logo\/image\/"},"sameAs":["https:\/\/www.facebook.com\/PraguePrideCZ","https:\/\/x.com\/praguepride","https:\/\/www.instagram.com\/prague.pride\/","https:\/\/www.linkedin.com\/company\/prague-pride-o.s.\/"]}]}},"_links":{"self":[{"href":"https:\/\/festival.praguepride.com\/en\/wp-json\/wp\/v2\/pages\/605","targetHints":{"allow":["GET"]}}],"collection":[{"href":"https:\/\/festival.praguepride.com\/en\/wp-json\/wp\/v2\/pages"}],"about":[{"href":"https:\/\/festival.praguepride.com\/en\/wp-json\/wp\/v2\/types\/page"}],"author":[{"embeddable":true,"href":"https:\/\/festival.praguepride.com\/en\/wp-json\/wp\/v2\/users\/2"}],"replies":[{"embeddable":true,"href":"https:\/\/festival.praguepride.com\/en\/wp-json\/wp\/v2\/comments?post=605"}],"version-history":[{"count":25,"href":"https:\/\/festival.praguepride.com\/en\/wp-json\/wp\/v2\/pages\/605\/revisions"}],"predecessor-version":[{"id":26076,"href":"https:\/\/festival.praguepride.com\/en\/wp-json\/wp\/v2\/pages\/605\/revisions\/26076"}],"wp:featuredmedia":[{"embeddable":true,"href":"https:\/\/festival.praguepride.com\/en\/wp-json\/wp\/v2\/media\/406"}],"wp:attachment":[{"href":"https:\/\/festival.praguepride.com\/en\/wp-json\/wp\/v2\/media?parent=605"}],"curies":[{"name":"wp","href":"https:\/\/api.w.org\/{rel}","templated":true}]}}