{"id":601,"date":"2022-06-09T12:54:33","date_gmt":"2022-06-09T10:54:33","guid":{"rendered":"https:\/\/festival.praguepride.com\/festival-goals-and-strategies\/"},"modified":"2023-07-17T15:11:29","modified_gmt":"2023-07-17T13:11:29","slug":"concept-for-2023","status":"publish","type":"page","link":"https:\/\/festival.praguepride.com\/en\/about-the-festival\/concept-for-2023\/","title":{"rendered":"Concept for the Prague Pride 2023 Festival Programme"},"content":{"rendered":"<div class=\"block\n  block--core-post-featured-image\n  block--align-none\n      \">\n  <figure class=\"wp-block-post-featured-image\"><img loading=\"lazy\" decoding=\"async\" width=\"1920\" height=\"1080\" src=\"https:\/\/festival.praguepride.com\/app\/uploads\/2022\/06\/2017_Pruvod_Cathy-Shiflett-1920x1080-c-default.jpg\" class=\"attachment-large_crop size-large_crop wp-post-image\" alt=\"Gigantick\u00e1 duhov\u00e1 vlajka nesen\u00e1 v pr\u016fvodu Prague Pride\" style=\"object-fit:cover;\" \/><figcaption class=\"u-fs--200 u-pt--200\">Foto: Cathy Schiflett<\/figcaption><\/figure>\n<\/div>\n\n\n<div class=\"block\n  block--core-heading\n  block--align-none\n      \">\n  \n<h2 class=\"wp-block-heading\">Building on values:<\/h2>\n\n<\/div>\n\n\n<div class=\"block\n  block--core-paragraph\n  block--align-none\n      \">\n  \n<p>As people who dedicate their free time for minimal remuneration to create the Prague Pride festival, we consider ourselves agents of social change. Our work and beliefs are based on the values of freedom, equality and human dignity. We approach our work openly with respect for human rights to create inclusive environments and promote diversity in the community.<\/p>\n\n<\/div>\n\n\n<div class=\"block\n  block--core-paragraph\n  block--align-none\n      \">\n  \n<p>We debate the existence of a&nbsp;patriarchal order and the threat of climate change to the world in parallel with a&nbsp;system of social identities that overlap and generate disadvantages for individuals at multiple levels. Our goal is to combat these phenomena in the public space with care, sensitivity and low thresholds. Our values include feminism, inclusion, sustainability and accessibility.&nbsp;<\/p>\n\n<\/div>\n\n\n<div class=\"block\n  block--core-paragraph\n  block--align-none\n      \">\n  \n<p>For us, collaboration is invaluable, because a&nbsp;single team prepares the Prague Pride festival. We dedicate ourselves to mutual work with commitment, responsibility, respect, humility and an emphasis on sharing and self-discovery. We are open and transparent with our partners. We are professionals committed to the highest quality of work.<\/p>\n\n<\/div>\n\n\n<div class=\"block\n  block--core-paragraph\n  block--align-none\n      \">\n  \n<p>We are queer, and we want to change the world.<\/p>\n\n<\/div>\n\n\n<div class=\"block\n  block--core-heading\n  block--align-none\n      \">\n  \n<h3 class=\"wp-block-heading has-text-align-center\"><strong>Prague Pride 2023<\/strong><\/h3>\n\n<\/div>\n\n\n<div class=\"block\n  block--core-heading\n  block--align-none\n      \">\n  \n<h3 class=\"wp-block-heading has-text-align-center\"><strong>TRADITION<\/strong><\/h3>\n\n<\/div>\n\n\n<div class=\"block\n  block--core-paragraph\n  block--align-center\n      \">\n  \n<p class=\"has-text-align-center\"><em>\u201cAccording to a&nbsp;study by Dr. Jaroslav Flegr, there are more LGBT+ people in Czechia than Moravians. Now \u2013 what is traditional?\u201d<\/em><\/p>\n\n<\/div>\n\n\n<div class=\"block\n  block--core-heading\n  block--align-none\n      \">\n  \n<h2 class=\"wp-block-heading\">Why this topic?<\/h2>\n\n<\/div>\n\n\n<div class=\"block\n  block--core-paragraph\n  block--align-none\n      \">\n  \n<p>Whether we start from the idea that life flows linearly or cyclically, we cannot deny that changes occur during life. The variability of life, which creates uncertainty and the need to adapt to the flow of time, is reduced by human communities through traditions and rituals. Traditions and rituals promote autopoiesis, make meaningful values present, bridge time and connect humanity across generations.<\/p>\n\n<\/div>\n\n\n<div class=\"block\n  block--core-paragraph\n  block--align-none\n      \">\n  \n<p>Despite the often resonant notion that traditional practices are strictly given and unchanging, history shows the opposite. Traditions meet, merge, and new ones are created. In every community, traditions can be a&nbsp;unifying cultural element, a&nbsp;political symbol or a&nbsp;tool for raising issues. They can also be a&nbsp;tool for social oppression. Given their transgenerational nature, traditions become an instrument of social oppression when we succumb to the idea that they are immutable.<\/p>\n\n<\/div>\n\n\n<div class=\"block\n  block--core-paragraph\n  block--align-none\n      \">\n  \n<p>If we succumb to this idea, traditions then become an authority and therefore an instrument of power. This power accumulates in dominant social discourse and suppresses personal narratives. Traditions become stereotypes, and thus, a&nbsp;form of oppression.<\/p>\n\n<\/div>\n\n\n<div class=\"block\n  block--core-paragraph\n  block--align-none\n      \">\n  \n<p>Traditions cannot be avoided. We encounter them from birth to death, some we inherit, some we reject, and some we create ourselves. Some traditions we may not even notice, and yet they follow us throughout our lives. What are the traditions we want to keep, and which ones do we want to break? What do traditions mean for the queer world?<\/p>\n\n<\/div>\n\n\n<div class=\"block\n  block--core-heading\n  block--align-none\n      \">\n  \n<h2 class=\"wp-block-heading\">What do we want to say?<\/h2>\n\n<\/div>\n\n\n<div class=\"block\n  block--core-paragraph\n  block--align-none\n      \">\n  \n<p>The lives of LGBT+ people are shaped by history, context and tradition. We belong here. We are traditional.<\/p>\n\n<\/div>\n\n\n<div class=\"block\n  block--core-paragraph\n  block--align-none\n      \">\n  \n<p>Traditions are human institutions created to ensure the functionality of certain aspects of human life. We take them for granted, but they appear natural to us because they are transgenerational. Traditions come into being \u2013 someone invents them for a&nbsp;purpose \u2013 which is why some traditions must be questioned whether they still serve a&nbsp;purpose and whether they are relics of their times.<\/p>\n\n<\/div>\n\n\n<div class=\"block\n  block--core-paragraph\n  block--align-none\n      \">\n  \n<p>Traditions shape the relationship we have with ourselves. What kind of relationships are we meant to have? What is our role in society? What are our bodies supposed to look like? These questions relate to tradition. Society, through discourse and stereotypes, pushes how bodies should look in relation to conventions, in relation to traditions. What does a&nbsp;proper queer person, trans person or non-binary person look like?<\/p>\n\n<\/div>\n\n\n<div class=\"block\n  block--core-paragraph\n  block--align-none\n      \">\n  \n<p>Pride is a&nbsp;tradition \u2013 represented by rainbow flags, a&nbsp;mass of people in the streets, and a&nbsp;style of dress or undress. Pride is represented by certain symbols, language and visuals. Is the concept of pride expressed in this way still relevant? Or does it also preserve relics of another time, and do we need to look at this tradition in a&nbsp;new way?<\/p>\n\n<\/div>\n\n\n<div class=\"block\n  block--core-paragraph\n  block--align-none\n      \">\n  \n<p>Traditions are about the future and what lies ahead, our goals and actions. Traditions are personal. We create our own traditions \u2013 individual traditions, family traditions, traditions with friends. You too can create your own traditions.<\/p>\n\n<\/div>\n\n\n<div class=\"block\n  block--core-paragraph\n  block--align-none\n      \">\n  \n<p>Because the future is in queer joy.<\/p>\n\n<\/div>\n\n\n<div class=\"block\n  block--core-heading\n  block--align-none\n      \">\n  \n<h2 class=\"wp-block-heading\">Questions to ask ourselves during the festival<\/h2>\n\n<\/div>\n\n\n<div class=\"block\n  block--core-paragraph\n  block--align-none\n      \">\n  \n<p>What are traditions, and what is traditional?<br>What are the traditions we want to keep, and which ones do we want to break? Which ones do we want to (re)create?<br>What does tradition mean to queer people?<\/p>\n\n<\/div>\n\n\n<div class=\"block\n  block--core-heading\n  block--align-none\n      \">\n  \n<h2 class=\"wp-block-heading\">Programme areas for development<\/h2>\n\n<\/div>\n\n\n<div class=\"block\n  block--core-paragraph\n  block--align-none\n      \">\n  \n<p>Connecting generations and together exploring what is traditional to each.<br>Reflecting on the historical experience of queer people.<br>Looking for queer traditions and the queer experience in traditions.<br>Investigating how queer bodies are traditionally portrayed.<br>Finding out the rituals linked to queer traditions, and discovering the rituals tied to the lives of queer people.<\/p>\n\n<\/div>\n","protected":false},"excerpt":{"rendered":"<p>Building on values: As people who dedicate their free time for minimal remuneration to create the Prague Pride festival, we consider ourselves agents of social change. Our work and beliefs are based on the values of freedom, equality and human dignity. We approach our work openly with respect for human rights to create inclusive environments [&hellip;]<\/p>\n","protected":false},"author":2,"featured_media":411,"parent":605,"menu_order":4,"comment_status":"closed","ping_status":"closed","template":"","meta":{"footnotes":""},"class_list":["post-601","page","type-page","status-publish","has-post-thumbnail","hentry"],"acf":[],"yoast_head":"<!-- This site is optimized with the Yoast SEO plugin v27.3 - https:\/\/yoast.com\/product\/yoast-seo-wordpress\/ -->\n<title>Prague Pride Festival<\/title>\n<meta name=\"robots\" content=\"index, follow, max-snippet:-1, max-image-preview:large, max-video-preview:-1\" \/>\n<link rel=\"canonical\" href=\"https:\/\/festival.praguepride.com\/en\/about-the-festival\/concept-for-2023\/\" \/>\n<meta property=\"og:locale\" content=\"en_US\" \/>\n<meta property=\"og:type\" content=\"article\" \/>\n<meta property=\"og:site_name\" content=\"Prague Pride Festival\" \/>\n<meta property=\"article:publisher\" content=\"https:\/\/www.facebook.com\/PraguePrideCZ\" \/>\n<meta property=\"article:modified_time\" content=\"2023-07-17T13:11:29+00:00\" \/>\n<meta property=\"og:image\" content=\"https:\/\/festival.praguepride.com\/app\/uploads\/2022\/06\/2017_Pruvod_Cathy-Shiflett.jpg\" \/>\n\t<meta property=\"og:image:width\" content=\"2048\" \/>\n\t<meta property=\"og:image:height\" content=\"1365\" \/>\n\t<meta property=\"og:image:type\" content=\"image\/jpeg\" \/>\n<meta name=\"twitter:card\" content=\"summary_large_image\" \/>\n<meta name=\"twitter:site\" content=\"@praguepride\" \/>\n<script type=\"application\/ld+json\" class=\"yoast-schema-graph\">{\"@context\":\"https:\\\/\\\/schema.org\",\"@graph\":[{\"@type\":\"WebPage\",\"@id\":\"https:\\\/\\\/festival.praguepride.com\\\/en\\\/about-the-festival\\\/concept-for-2023\\\/\",\"url\":\"https:\\\/\\\/festival.praguepride.com\\\/en\\\/about-the-festival\\\/concept-for-2023\\\/\",\"name\":\"Concept for the Prague Pride 2023 Festival Programme | Prague Pride Festival\",\"isPartOf\":{\"@id\":\"https:\\\/\\\/festival.praguepride.com\\\/en\\\/#website\"},\"primaryImageOfPage\":{\"@id\":\"https:\\\/\\\/festival.praguepride.com\\\/en\\\/about-the-festival\\\/concept-for-2023\\\/#primaryimage\"},\"image\":{\"@id\":\"https:\\\/\\\/festival.praguepride.com\\\/en\\\/about-the-festival\\\/concept-for-2023\\\/#primaryimage\"},\"thumbnailUrl\":\"https:\\\/\\\/festival.praguepride.com\\\/app\\\/uploads\\\/2022\\\/06\\\/2017_Pruvod_Cathy-Shiflett.jpg\",\"datePublished\":\"2022-06-09T10:54:33+00:00\",\"dateModified\":\"2023-07-17T13:11:29+00:00\",\"description\":\"D\u011bkujeme n\u00e1v\u0161t\u011bvnictvu Prague Pride Festivalu 2024! Do pr\u016fvodu v\u00e1s p\u0159i\u0161lo p\u0159es 100 000. T\u011b\u0161\u00edme se na v\u00e1s na Prague Pride Festivalu 28. 7. \u2013 3. 8. 2025\",\"breadcrumb\":{\"@id\":\"https:\\\/\\\/festival.praguepride.com\\\/en\\\/about-the-festival\\\/concept-for-2023\\\/#breadcrumb\"},\"inLanguage\":\"en-US\",\"potentialAction\":[{\"@type\":\"ReadAction\",\"target\":[\"https:\\\/\\\/festival.praguepride.com\\\/en\\\/about-the-festival\\\/concept-for-2023\\\/\"]}]},{\"@type\":\"ImageObject\",\"inLanguage\":\"en-US\",\"@id\":\"https:\\\/\\\/festival.praguepride.com\\\/en\\\/about-the-festival\\\/concept-for-2023\\\/#primaryimage\",\"url\":\"https:\\\/\\\/festival.praguepride.com\\\/app\\\/uploads\\\/2022\\\/06\\\/2017_Pruvod_Cathy-Shiflett.jpg\",\"contentUrl\":\"https:\\\/\\\/festival.praguepride.com\\\/app\\\/uploads\\\/2022\\\/06\\\/2017_Pruvod_Cathy-Shiflett.jpg\",\"width\":2048,\"height\":1365,\"caption\":\"Gigantick\u00e1 duhov\u00e1 vlajka nesen\u00e1 v pr\u016fvodu Prague Pride\"},{\"@type\":\"BreadcrumbList\",\"@id\":\"https:\\\/\\\/festival.praguepride.com\\\/en\\\/about-the-festival\\\/concept-for-2023\\\/#breadcrumb\",\"itemListElement\":[{\"@type\":\"ListItem\",\"position\":1,\"name\":\"Home\",\"item\":\"https:\\\/\\\/festival.praguepride.com\\\/en\\\/\"},{\"@type\":\"ListItem\",\"position\":2,\"name\":\"About the festival\",\"item\":\"https:\\\/\\\/festival.praguepride.com\\\/en\\\/about-the-festival\\\/\"},{\"@type\":\"ListItem\",\"position\":3,\"name\":\"Concept for the Prague Pride 2023 Festival Programme\"}]},{\"@type\":\"WebSite\",\"@id\":\"https:\\\/\\\/festival.praguepride.com\\\/en\\\/#website\",\"url\":\"https:\\\/\\\/festival.praguepride.com\\\/en\\\/\",\"name\":\"Prague Pride Festival\",\"description\":\"3\\\/8 - 9\\\/8\\\/2026\",\"publisher\":{\"@id\":\"https:\\\/\\\/festival.praguepride.com\\\/en\\\/#organization\"},\"potentialAction\":[{\"@type\":\"SearchAction\",\"target\":{\"@type\":\"EntryPoint\",\"urlTemplate\":\"https:\\\/\\\/festival.praguepride.com\\\/en\\\/?s={search_term_string}\"},\"query-input\":{\"@type\":\"PropertyValueSpecification\",\"valueRequired\":true,\"valueName\":\"search_term_string\"}}],\"inLanguage\":\"en-US\"},{\"@type\":\"Organization\",\"@id\":\"https:\\\/\\\/festival.praguepride.com\\\/en\\\/#organization\",\"name\":\"Prague Pride Festival\",\"url\":\"https:\\\/\\\/festival.praguepride.com\\\/en\\\/\",\"logo\":{\"@type\":\"ImageObject\",\"inLanguage\":\"en-US\",\"@id\":\"https:\\\/\\\/festival.praguepride.com\\\/en\\\/#\\\/schema\\\/logo\\\/image\\\/\",\"url\":\"https:\\\/\\\/festival.praguepride.com\\\/app\\\/uploads\\\/2022\\\/06\\\/favicon.png\",\"contentUrl\":\"https:\\\/\\\/festival.praguepride.com\\\/app\\\/uploads\\\/2022\\\/06\\\/favicon.png\",\"width\":512,\"height\":512,\"caption\":\"Prague Pride Festival\"},\"image\":{\"@id\":\"https:\\\/\\\/festival.praguepride.com\\\/en\\\/#\\\/schema\\\/logo\\\/image\\\/\"},\"sameAs\":[\"https:\\\/\\\/www.facebook.com\\\/PraguePrideCZ\",\"https:\\\/\\\/x.com\\\/praguepride\",\"https:\\\/\\\/www.instagram.com\\\/prague.pride\\\/\",\"https:\\\/\\\/www.linkedin.com\\\/company\\\/prague-pride-o.s.\\\/\"]}]}<\/script>\n<!-- \/ Yoast SEO plugin. -->","yoast_head_json":{"title":"Prague Pride Festival","robots":{"index":"index","follow":"follow","max-snippet":"max-snippet:-1","max-image-preview":"max-image-preview:large","max-video-preview":"max-video-preview:-1"},"canonical":"https:\/\/festival.praguepride.com\/en\/about-the-festival\/concept-for-2023\/","og_locale":"en_US","og_type":"article","og_site_name":"Prague Pride Festival","article_publisher":"https:\/\/www.facebook.com\/PraguePrideCZ","article_modified_time":"2023-07-17T13:11:29+00:00","og_image":[{"width":2048,"height":1365,"url":"https:\/\/festival.praguepride.com\/app\/uploads\/2022\/06\/2017_Pruvod_Cathy-Shiflett.jpg","type":"image\/jpeg"}],"twitter_card":"summary_large_image","twitter_site":"@praguepride","schema":{"@context":"https:\/\/schema.org","@graph":[{"@type":"WebPage","@id":"https:\/\/festival.praguepride.com\/en\/about-the-festival\/concept-for-2023\/","url":"https:\/\/festival.praguepride.com\/en\/about-the-festival\/concept-for-2023\/","name":"Concept for the Prague Pride 2023 Festival Programme | Prague Pride Festival","isPartOf":{"@id":"https:\/\/festival.praguepride.com\/en\/#website"},"primaryImageOfPage":{"@id":"https:\/\/festival.praguepride.com\/en\/about-the-festival\/concept-for-2023\/#primaryimage"},"image":{"@id":"https:\/\/festival.praguepride.com\/en\/about-the-festival\/concept-for-2023\/#primaryimage"},"thumbnailUrl":"https:\/\/festival.praguepride.com\/app\/uploads\/2022\/06\/2017_Pruvod_Cathy-Shiflett.jpg","datePublished":"2022-06-09T10:54:33+00:00","dateModified":"2023-07-17T13:11:29+00:00","description":"D\u011bkujeme n\u00e1v\u0161t\u011bvnictvu Prague Pride Festivalu 2024! Do pr\u016fvodu v\u00e1s p\u0159i\u0161lo p\u0159es 100 000. T\u011b\u0161\u00edme se na v\u00e1s na Prague Pride Festivalu 28. 7. \u2013 3. 8. 2025","breadcrumb":{"@id":"https:\/\/festival.praguepride.com\/en\/about-the-festival\/concept-for-2023\/#breadcrumb"},"inLanguage":"en-US","potentialAction":[{"@type":"ReadAction","target":["https:\/\/festival.praguepride.com\/en\/about-the-festival\/concept-for-2023\/"]}]},{"@type":"ImageObject","inLanguage":"en-US","@id":"https:\/\/festival.praguepride.com\/en\/about-the-festival\/concept-for-2023\/#primaryimage","url":"https:\/\/festival.praguepride.com\/app\/uploads\/2022\/06\/2017_Pruvod_Cathy-Shiflett.jpg","contentUrl":"https:\/\/festival.praguepride.com\/app\/uploads\/2022\/06\/2017_Pruvod_Cathy-Shiflett.jpg","width":2048,"height":1365,"caption":"Gigantick\u00e1 duhov\u00e1 vlajka nesen\u00e1 v pr\u016fvodu Prague Pride"},{"@type":"BreadcrumbList","@id":"https:\/\/festival.praguepride.com\/en\/about-the-festival\/concept-for-2023\/#breadcrumb","itemListElement":[{"@type":"ListItem","position":1,"name":"Home","item":"https:\/\/festival.praguepride.com\/en\/"},{"@type":"ListItem","position":2,"name":"About the festival","item":"https:\/\/festival.praguepride.com\/en\/about-the-festival\/"},{"@type":"ListItem","position":3,"name":"Concept for the Prague Pride 2023 Festival Programme"}]},{"@type":"WebSite","@id":"https:\/\/festival.praguepride.com\/en\/#website","url":"https:\/\/festival.praguepride.com\/en\/","name":"Prague Pride Festival","description":"3\/8 - 9\/8\/2026","publisher":{"@id":"https:\/\/festival.praguepride.com\/en\/#organization"},"potentialAction":[{"@type":"SearchAction","target":{"@type":"EntryPoint","urlTemplate":"https:\/\/festival.praguepride.com\/en\/?s={search_term_string}"},"query-input":{"@type":"PropertyValueSpecification","valueRequired":true,"valueName":"search_term_string"}}],"inLanguage":"en-US"},{"@type":"Organization","@id":"https:\/\/festival.praguepride.com\/en\/#organization","name":"Prague Pride Festival","url":"https:\/\/festival.praguepride.com\/en\/","logo":{"@type":"ImageObject","inLanguage":"en-US","@id":"https:\/\/festival.praguepride.com\/en\/#\/schema\/logo\/image\/","url":"https:\/\/festival.praguepride.com\/app\/uploads\/2022\/06\/favicon.png","contentUrl":"https:\/\/festival.praguepride.com\/app\/uploads\/2022\/06\/favicon.png","width":512,"height":512,"caption":"Prague Pride Festival"},"image":{"@id":"https:\/\/festival.praguepride.com\/en\/#\/schema\/logo\/image\/"},"sameAs":["https:\/\/www.facebook.com\/PraguePrideCZ","https:\/\/x.com\/praguepride","https:\/\/www.instagram.com\/prague.pride\/","https:\/\/www.linkedin.com\/company\/prague-pride-o.s.\/"]}]}},"_links":{"self":[{"href":"https:\/\/festival.praguepride.com\/en\/wp-json\/wp\/v2\/pages\/601","targetHints":{"allow":["GET"]}}],"collection":[{"href":"https:\/\/festival.praguepride.com\/en\/wp-json\/wp\/v2\/pages"}],"about":[{"href":"https:\/\/festival.praguepride.com\/en\/wp-json\/wp\/v2\/types\/page"}],"author":[{"embeddable":true,"href":"https:\/\/festival.praguepride.com\/en\/wp-json\/wp\/v2\/users\/2"}],"replies":[{"embeddable":true,"href":"https:\/\/festival.praguepride.com\/en\/wp-json\/wp\/v2\/comments?post=601"}],"version-history":[{"count":4,"href":"https:\/\/festival.praguepride.com\/en\/wp-json\/wp\/v2\/pages\/601\/revisions"}],"predecessor-version":[{"id":10082,"href":"https:\/\/festival.praguepride.com\/en\/wp-json\/wp\/v2\/pages\/601\/revisions\/10082"}],"up":[{"embeddable":true,"href":"https:\/\/festival.praguepride.com\/en\/wp-json\/wp\/v2\/pages\/605"}],"wp:featuredmedia":[{"embeddable":true,"href":"https:\/\/festival.praguepride.com\/en\/wp-json\/wp\/v2\/media\/411"}],"wp:attachment":[{"href":"https:\/\/festival.praguepride.com\/en\/wp-json\/wp\/v2\/media?parent=601"}],"curies":[{"name":"wp","href":"https:\/\/api.w.org\/{rel}","templated":true}]}}