{"id":568,"date":"2022-06-07T17:42:06","date_gmt":"2022-06-07T15:42:06","guid":{"rendered":"https:\/\/festival.praguepride.com\/prague-pride-festival\/"},"modified":"2026-04-07T18:57:01","modified_gmt":"2026-04-07T16:57:01","slug":"prague-pride-festival","status":"publish","type":"page","link":"https:\/\/festival.praguepride.com\/en\/","title":{"rendered":"Prague Pride Festival"},"content":{"rendered":"<div class=\"block\n  block--core-site-tagline\n  block--align-none\n      \">\n  <p class=\"wp-block-site-tagline\">3\/8 &#8211; 9\/8\/2026<\/p>\n<\/div>\n\n\n<div class=\"block\n  block--acf-countdown\n  block--align-none\n      \">\n  <div class=\"b-countdown\">\n  Starts in 112 days\n<\/div>\n\n<\/div>\n\n\n<div class=\"block\n  block--core-paragraph\n  block--align-none\n      \">\n  \n<p>Thank you for coming to the Prague Pride Festival! We look forward to seeing you this year on 3\/8 &#8211; 9\/8&nbsp;2026 and at the parade on 8\/8&nbsp;2026.<\/p>\n\n<\/div>\n\n\n<div class=\"block\n  block--core-paragraph\n  block--align-none\n      \">\n  \n<p><strong>IMPORTANT INFO<\/strong><br>The registration forms for stalls at Pride Village and Pride Park, as well as the group registration form for the parade, will be published on April 16, 2026. Thank you!<\/p>\n\n<\/div>\n\n\n<div class=\"block\n  block--acf-spacer\n  block--align-none\n      \">\n  <div class=\"b-spacer b-spacer--transparent\" style=\"height: var(--spacer-height-md);\">\n  <!-- space -->\n<\/div>\n\n<\/div>\n\n\n<div class=\"block\n  block--core-paragraph\n  block--align-none\n  u-pt--500  u-pb--400  \">\n  \n<p><strong>Follow Qalendar for tips on queer events<\/strong>!<\/p>\n\n<\/div>\n\n\n<div class=\"block\n  block--acf-button-group\n  block--align-none\n  u-pt--400    \">\n  <div class=\"b-button-group b-button-group--whole\">\n            <a href=\"https:\/\/www.qalendar.cz\/?lang=en\"\n         target=\"_blank\"\n         rel=\"noopener\"\n         class=\"b-button-group__button-wrap\">\n                <span class=\"b-button-group__button\">\n          QALENDAR\n        <\/span>\n      <\/a>\n      <\/div>\n\n<\/div>\n\n\n<div class=\"block\n  block--acf-spacer\n  block--align-none\n      \">\n  <div class=\"b-spacer b-spacer--transparent\" style=\"height: var(--spacer-height-md);\">\n  <!-- space -->\n<\/div>\n\n<\/div>\n\n\n<div class=\"block\n  block--core-heading\n  block--align-none\n    u-pb--400  \">\n  \n<h3 class=\"wp-block-heading\"><strong>DON&#8217;T MISS OUT<\/strong><\/h3>\n\n<\/div>\n\n\n<div class=\"block\n  block--acf-button-group\n  block--align-none\n      \">\n  <div class=\"b-button-group b-button-group--quarters\">\n            <a href=\"https:\/\/festival.praguepride.com\/en\/prague-pride-festival-2026-thematic-concept\/\"\n         \n         \n         class=\"b-button-group__button-wrap b-button-group__button-wrap--has-thumbnail\">\n                  <img decoding=\"async\" srcset=\"https:\/\/festival.praguepride.com\/app\/uploads\/2026\/03\/02-Event-Prague-Pride-Photo-by-Filip-Kustka-@filip_kustka-mensi-220x220-c-default.jpeg 220w, https:\/\/festival.praguepride.com\/app\/uploads\/2026\/03\/02-Event-Prague-Pride-Photo-by-Filip-Kustka-@filip_kustka-mensi-440x440-c-default.jpeg 440w\" src=\"data:image\/gif;base64,R0lGODlhAQABAIAAAAAAAP\/\/\/yH5BAEAAAAALAAAAAABAAEAAAIBRAA7\"\n            class=\"b-button-group__thumbnail\"\n            loading=\"lazy\"\n            width=\"512\"\n            height=\"288\"\n            alt=\"Prague Pride Festival 2026 Thematic Concept\"\/>\n                <span class=\"b-button-group__button\">\n          Prague Pride Festival 2026 Thematic Concept\n        <\/span>\n      <\/a>\n                <a href=\"https:\/\/festival.praguepride.com\/en\/photogallery-2025\/\"\n         \n         \n         class=\"b-button-group__button-wrap b-button-group__button-wrap--has-thumbnail\">\n                  <img decoding=\"async\" srcset=\"https:\/\/festival.praguepride.com\/app\/uploads\/2025\/07\/Kopie-souboru-21.00_Sound-Spectrum_LetoslavChromek-9-220x220-c-default.jpg 220w, https:\/\/festival.praguepride.com\/app\/uploads\/2025\/07\/Kopie-souboru-21.00_Sound-Spectrum_LetoslavChromek-9-440x440-c-default.jpg 440w\" src=\"data:image\/gif;base64,R0lGODlhAQABAIAAAAAAAP\/\/\/yH5BAEAAAAALAAAAAABAAEAAAIBRAA7\"\n            class=\"b-button-group__thumbnail\"\n            loading=\"lazy\"\n            width=\"512\"\n            height=\"288\"\n            alt=\"Photogallery 2025\"\/>\n                <span class=\"b-button-group__button\">\n          Photogallery 2025\n        <\/span>\n      <\/a>\n                <a href=\"https:\/\/festival.praguepride.com\/en\/rainbow-educational-trails-through-prague\/\"\n         \n         \n         class=\"b-button-group__button-wrap b-button-group__button-wrap--has-thumbnail\">\n                  <img decoding=\"async\" srcset=\"https:\/\/festival.praguepride.com\/app\/uploads\/2025\/06\/stezka-220x220-c-default.png 220w, https:\/\/festival.praguepride.com\/app\/uploads\/2025\/06\/stezka-440x440-c-default.png 440w\" src=\"data:image\/gif;base64,R0lGODlhAQABAIAAAAAAAP\/\/\/yH5BAEAAAAALAAAAAABAAEAAAIBRAA7\"\n            class=\"b-button-group__thumbnail\"\n            loading=\"lazy\"\n            width=\"512\"\n            height=\"288\"\n            alt=\"RAINBOW EDUCATIONAL TRAILS THROUGH PRAGUE\"\/>\n                <span class=\"b-button-group__button\">\n          RAINBOW EDUCATIONAL TRAILS THROUGH PRAGUE\n        <\/span>\n      <\/a>\n                <a href=\"https:\/\/festival.praguepride.com\/en\/support\/become-a-partner-of-the-festival\/\"\n         \n         \n         class=\"b-button-group__button-wrap b-button-group__button-wrap--has-thumbnail\">\n                  <img decoding=\"async\" srcset=\"https:\/\/festival.praguepride.com\/app\/uploads\/2022\/07\/Slavnostni-recepce-Leah-Takata-220x220-c-default.jpg 220w, https:\/\/festival.praguepride.com\/app\/uploads\/2022\/07\/Slavnostni-recepce-Leah-Takata-440x440-c-default.jpg 440w\" src=\"data:image\/gif;base64,R0lGODlhAQABAIAAAAAAAP\/\/\/yH5BAEAAAAALAAAAAABAAEAAAIBRAA7\"\n            class=\"b-button-group__thumbnail\"\n            loading=\"lazy\"\n            width=\"512\"\n            height=\"288\"\n            alt=\"Become a\u00a0partner\"\/>\n                <span class=\"b-button-group__button\">\n          Become a\u00a0partner\n        <\/span>\n      <\/a>\n      <\/div>\n\n<\/div>\n\n\n<div class=\"block\n  block--acf-spacer\n  block--align-none\n      \">\n  <div class=\"b-spacer b-spacer--transparent\" style=\"height: var(--spacer-height-md);\">\n  <!-- space -->\n<\/div>\n\n<\/div>\n\n\n<div class=\"block\n  block--core-heading\n  block--align-none\n      \">\n  \n<h3 class=\"wp-block-heading\"><strong>NEWSLETTER<\/strong><\/h3>\n\n<\/div>\n\n\n<div class=\"block\n  block--core-paragraph\n  block--align-none\n      \">\n  \n<p>Subscribe to the newsletter to be among the first to know about all the festival news.<\/p>\n\n<\/div>\n\n\n<div class=\"block\n  block--core-paragraph\n  block--align-none\n      \">\n  \n<form class=\"newsletter-submission-form\" action=\"https:\/\/muj.praguepride.com\/api\/form!send\" method=\"post\">\r\n  <p>\r\n    <label>\r\n      <span class=\"newsletter-submission-label\">E-mail:<\/span>\r\n      <input name=\"email\" type=\"email\" autocomplete=\"email\" required=\"\" class=\"newsletter-submission-input-field\" \/>\r\n    <\/label>\r\n  <\/p>\r\n  <label><input checked=\"checked\" name=\"newsletter\" type=\"checkbox\" \/> Subscribe me to Prague Pride newsletter<\/label><br \/>\r\n  <label\r\n    ><input name=\"confirm\" type=\"checkbox\" required=\"\" \/> I accept \r\n    <a target=\"_blank\" href=\"https:\/\/www.praguepride.cz\/en\/newsletter-terms-en\" rel=\"noopener\">the personal data processing policy<\/a><\/label\r\n  ><br \/>\r\n  <!-- Never set this field to pre-filled to checked! -->\r\n\r\n  <input name=\"submit_button\" type=\"submit\" value=\"Odeb\u00edrat newsletter\" class=\"btn primary button\" \/>\r\n  <span class=\"newsletter-submission-is-submitting-label\">Odes\u00edl\u00e1m...<\/span>\r\n\r\n  <input name=\"network\" type=\"hidden\" value=\"54\" \/>\r\n  <input name=\"journey\" type=\"hidden\" value=\"14\" \/>\r\n  <input name=\"source\" type=\"hidden\" value=\"web-fest signup\" \/>\r\n  <input name=\"locale\" type=\"hidden\" value=\"en\" \/>\r\n  <p class=\"newsletter-submission-submitted-text\">\r\n\tNow you still have to confirm the newsletter subscription.\r\n\t<br><br>\r\n\tOpen the e-mail we sent you and click on the confirmation link. Then you can look forward to our news. \ud83d\ude42\r\n  <\/p>\r\n<\/form>\n\n<\/div>\n","protected":false},"excerpt":{"rendered":"<p>Thank you for coming to the Prague Pride Festival! We look forward to seeing you this year on 3\/8 &#8211; 9\/8&nbsp;2026 and at the parade on 8\/8&nbsp;2026. IMPORTANT INFOThe registration forms for stalls at Pride Village and Pride Park, as well as the group registration form for the parade, will be published on April 16, [&hellip;]<\/p>\n","protected":false},"author":1,"featured_media":10329,"parent":0,"menu_order":8,"comment_status":"closed","ping_status":"closed","template":"","meta":{"footnotes":""},"class_list":["post-568","page","type-page","status-publish","has-post-thumbnail","hentry"],"acf":[],"yoast_head":"<!-- This site is optimized with the Yoast SEO plugin v27.3 - https:\/\/yoast.com\/product\/yoast-seo-wordpress\/ -->\n<title>Prague Pride Festival<\/title>\n<meta name=\"robots\" content=\"index, follow, max-snippet:-1, max-image-preview:large, max-video-preview:-1\" \/>\n<link rel=\"canonical\" href=\"https:\/\/festival.praguepride.com\/en\/\" \/>\n<meta property=\"og:locale\" content=\"en_US\" \/>\n<meta property=\"og:type\" content=\"article\" \/>\n<meta property=\"og:site_name\" content=\"Prague Pride Festival\" \/>\n<meta property=\"article:publisher\" content=\"https:\/\/www.facebook.com\/PraguePrideCZ\" \/>\n<meta property=\"article:modified_time\" content=\"2026-04-07T16:57:01+00:00\" \/>\n<meta property=\"og:image\" content=\"https:\/\/festival.praguepride.com\/app\/uploads\/2023\/07\/og-image.png\" \/>\n\t<meta property=\"og:image:width\" content=\"1440\" \/>\n\t<meta property=\"og:image:height\" content=\"715\" \/>\n\t<meta property=\"og:image:type\" content=\"image\/png\" \/>\n<meta name=\"twitter:card\" content=\"summary_large_image\" \/>\n<meta name=\"twitter:site\" content=\"@praguepride\" \/>\n<script type=\"application\/ld+json\" class=\"yoast-schema-graph\">{\"@context\":\"https:\\\/\\\/schema.org\",\"@graph\":[{\"@type\":\"WebPage\",\"@id\":\"https:\\\/\\\/festival.praguepride.com\\\/en\\\/\",\"url\":\"https:\\\/\\\/festival.praguepride.com\\\/en\\\/\",\"name\":\"Prague Pride Festival | 3\\\/8 - 9\\\/8\\\/2026\",\"isPartOf\":{\"@id\":\"https:\\\/\\\/festival.praguepride.com\\\/en\\\/#website\"},\"primaryImageOfPage\":{\"@id\":\"https:\\\/\\\/festival.praguepride.com\\\/en\\\/#primaryimage\"},\"image\":{\"@id\":\"https:\\\/\\\/festival.praguepride.com\\\/en\\\/#primaryimage\"},\"thumbnailUrl\":\"https:\\\/\\\/festival.praguepride.com\\\/app\\\/uploads\\\/2023\\\/07\\\/og-image.png\",\"datePublished\":\"2022-06-07T15:42:06+00:00\",\"dateModified\":\"2026-04-07T16:57:01+00:00\",\"description\":\"D\u011bkujeme n\u00e1v\u0161t\u011bvnictvu Prague Pride Festivalu 2024! Do pr\u016fvodu v\u00e1s p\u0159i\u0161lo p\u0159es 100 000. T\u011b\u0161\u00edme se na v\u00e1s na Prague Pride Festivalu 28. 7. \u2013 3. 8. 2025\",\"breadcrumb\":{\"@id\":\"https:\\\/\\\/festival.praguepride.com\\\/en\\\/#breadcrumb\"},\"inLanguage\":\"en-US\",\"potentialAction\":[{\"@type\":\"ReadAction\",\"target\":[\"https:\\\/\\\/festival.praguepride.com\\\/en\\\/\"]}]},{\"@type\":\"ImageObject\",\"inLanguage\":\"en-US\",\"@id\":\"https:\\\/\\\/festival.praguepride.com\\\/en\\\/#primaryimage\",\"url\":\"https:\\\/\\\/festival.praguepride.com\\\/app\\\/uploads\\\/2023\\\/07\\\/og-image.png\",\"contentUrl\":\"https:\\\/\\\/festival.praguepride.com\\\/app\\\/uploads\\\/2023\\\/07\\\/og-image.png\",\"width\":1440,\"height\":715},{\"@type\":\"BreadcrumbList\",\"@id\":\"https:\\\/\\\/festival.praguepride.com\\\/en\\\/#breadcrumb\",\"itemListElement\":[{\"@type\":\"ListItem\",\"position\":1,\"name\":\"Home\",\"item\":\"https:\\\/\\\/festival.praguepride.com\\\/en\\\/\"},{\"@type\":\"ListItem\",\"position\":2,\"name\":\"Prague Pride Festival\"}]},{\"@type\":\"WebSite\",\"@id\":\"https:\\\/\\\/festival.praguepride.com\\\/en\\\/#website\",\"url\":\"https:\\\/\\\/festival.praguepride.com\\\/en\\\/\",\"name\":\"Prague Pride Festival\",\"description\":\"3\\\/8 - 9\\\/8\\\/2026\",\"publisher\":{\"@id\":\"https:\\\/\\\/festival.praguepride.com\\\/en\\\/#organization\"},\"potentialAction\":[{\"@type\":\"SearchAction\",\"target\":{\"@type\":\"EntryPoint\",\"urlTemplate\":\"https:\\\/\\\/festival.praguepride.com\\\/en\\\/?s={search_term_string}\"},\"query-input\":{\"@type\":\"PropertyValueSpecification\",\"valueRequired\":true,\"valueName\":\"search_term_string\"}}],\"inLanguage\":\"en-US\"},{\"@type\":\"Organization\",\"@id\":\"https:\\\/\\\/festival.praguepride.com\\\/en\\\/#organization\",\"name\":\"Prague Pride Festival\",\"url\":\"https:\\\/\\\/festival.praguepride.com\\\/en\\\/\",\"logo\":{\"@type\":\"ImageObject\",\"inLanguage\":\"en-US\",\"@id\":\"https:\\\/\\\/festival.praguepride.com\\\/en\\\/#\\\/schema\\\/logo\\\/image\\\/\",\"url\":\"https:\\\/\\\/festival.praguepride.com\\\/app\\\/uploads\\\/2022\\\/06\\\/favicon.png\",\"contentUrl\":\"https:\\\/\\\/festival.praguepride.com\\\/app\\\/uploads\\\/2022\\\/06\\\/favicon.png\",\"width\":512,\"height\":512,\"caption\":\"Prague Pride Festival\"},\"image\":{\"@id\":\"https:\\\/\\\/festival.praguepride.com\\\/en\\\/#\\\/schema\\\/logo\\\/image\\\/\"},\"sameAs\":[\"https:\\\/\\\/www.facebook.com\\\/PraguePrideCZ\",\"https:\\\/\\\/x.com\\\/praguepride\",\"https:\\\/\\\/www.instagram.com\\\/prague.pride\\\/\",\"https:\\\/\\\/www.linkedin.com\\\/company\\\/prague-pride-o.s.\\\/\"]}]}<\/script>\n<!-- \/ Yoast SEO plugin. -->","yoast_head_json":{"title":"Prague Pride Festival","robots":{"index":"index","follow":"follow","max-snippet":"max-snippet:-1","max-image-preview":"max-image-preview:large","max-video-preview":"max-video-preview:-1"},"canonical":"https:\/\/festival.praguepride.com\/en\/","og_locale":"en_US","og_type":"article","og_site_name":"Prague Pride Festival","article_publisher":"https:\/\/www.facebook.com\/PraguePrideCZ","article_modified_time":"2026-04-07T16:57:01+00:00","og_image":[{"width":1440,"height":715,"url":"https:\/\/festival.praguepride.com\/app\/uploads\/2023\/07\/og-image.png","type":"image\/png"}],"twitter_card":"summary_large_image","twitter_site":"@praguepride","schema":{"@context":"https:\/\/schema.org","@graph":[{"@type":"WebPage","@id":"https:\/\/festival.praguepride.com\/en\/","url":"https:\/\/festival.praguepride.com\/en\/","name":"Prague Pride Festival | 3\/8 - 9\/8\/2026","isPartOf":{"@id":"https:\/\/festival.praguepride.com\/en\/#website"},"primaryImageOfPage":{"@id":"https:\/\/festival.praguepride.com\/en\/#primaryimage"},"image":{"@id":"https:\/\/festival.praguepride.com\/en\/#primaryimage"},"thumbnailUrl":"https:\/\/festival.praguepride.com\/app\/uploads\/2023\/07\/og-image.png","datePublished":"2022-06-07T15:42:06+00:00","dateModified":"2026-04-07T16:57:01+00:00","description":"D\u011bkujeme n\u00e1v\u0161t\u011bvnictvu Prague Pride Festivalu 2024! Do pr\u016fvodu v\u00e1s p\u0159i\u0161lo p\u0159es 100 000. T\u011b\u0161\u00edme se na v\u00e1s na Prague Pride Festivalu 28. 7. \u2013 3. 8. 2025","breadcrumb":{"@id":"https:\/\/festival.praguepride.com\/en\/#breadcrumb"},"inLanguage":"en-US","potentialAction":[{"@type":"ReadAction","target":["https:\/\/festival.praguepride.com\/en\/"]}]},{"@type":"ImageObject","inLanguage":"en-US","@id":"https:\/\/festival.praguepride.com\/en\/#primaryimage","url":"https:\/\/festival.praguepride.com\/app\/uploads\/2023\/07\/og-image.png","contentUrl":"https:\/\/festival.praguepride.com\/app\/uploads\/2023\/07\/og-image.png","width":1440,"height":715},{"@type":"BreadcrumbList","@id":"https:\/\/festival.praguepride.com\/en\/#breadcrumb","itemListElement":[{"@type":"ListItem","position":1,"name":"Home","item":"https:\/\/festival.praguepride.com\/en\/"},{"@type":"ListItem","position":2,"name":"Prague Pride Festival"}]},{"@type":"WebSite","@id":"https:\/\/festival.praguepride.com\/en\/#website","url":"https:\/\/festival.praguepride.com\/en\/","name":"Prague Pride Festival","description":"3\/8 - 9\/8\/2026","publisher":{"@id":"https:\/\/festival.praguepride.com\/en\/#organization"},"potentialAction":[{"@type":"SearchAction","target":{"@type":"EntryPoint","urlTemplate":"https:\/\/festival.praguepride.com\/en\/?s={search_term_string}"},"query-input":{"@type":"PropertyValueSpecification","valueRequired":true,"valueName":"search_term_string"}}],"inLanguage":"en-US"},{"@type":"Organization","@id":"https:\/\/festival.praguepride.com\/en\/#organization","name":"Prague Pride Festival","url":"https:\/\/festival.praguepride.com\/en\/","logo":{"@type":"ImageObject","inLanguage":"en-US","@id":"https:\/\/festival.praguepride.com\/en\/#\/schema\/logo\/image\/","url":"https:\/\/festival.praguepride.com\/app\/uploads\/2022\/06\/favicon.png","contentUrl":"https:\/\/festival.praguepride.com\/app\/uploads\/2022\/06\/favicon.png","width":512,"height":512,"caption":"Prague Pride Festival"},"image":{"@id":"https:\/\/festival.praguepride.com\/en\/#\/schema\/logo\/image\/"},"sameAs":["https:\/\/www.facebook.com\/PraguePrideCZ","https:\/\/x.com\/praguepride","https:\/\/www.instagram.com\/prague.pride\/","https:\/\/www.linkedin.com\/company\/prague-pride-o.s.\/"]}]}},"_links":{"self":[{"href":"https:\/\/festival.praguepride.com\/en\/wp-json\/wp\/v2\/pages\/568","targetHints":{"allow":["GET"]}}],"collection":[{"href":"https:\/\/festival.praguepride.com\/en\/wp-json\/wp\/v2\/pages"}],"about":[{"href":"https:\/\/festival.praguepride.com\/en\/wp-json\/wp\/v2\/types\/page"}],"author":[{"embeddable":true,"href":"https:\/\/festival.praguepride.com\/en\/wp-json\/wp\/v2\/users\/1"}],"replies":[{"embeddable":true,"href":"https:\/\/festival.praguepride.com\/en\/wp-json\/wp\/v2\/comments?post=568"}],"version-history":[{"count":252,"href":"https:\/\/festival.praguepride.com\/en\/wp-json\/wp\/v2\/pages\/568\/revisions"}],"predecessor-version":[{"id":31556,"href":"https:\/\/festival.praguepride.com\/en\/wp-json\/wp\/v2\/pages\/568\/revisions\/31556"}],"wp:featuredmedia":[{"embeddable":true,"href":"https:\/\/festival.praguepride.com\/en\/wp-json\/wp\/v2\/media\/10329"}],"wp:attachment":[{"href":"https:\/\/festival.praguepride.com\/en\/wp-json\/wp\/v2\/media?parent=568"}],"curies":[{"name":"wp","href":"https:\/\/api.w.org\/{rel}","templated":true}]}}