{"id":529,"date":"2022-06-09T12:36:25","date_gmt":"2022-06-09T10:36:25","guid":{"rendered":"https:\/\/festival.praguepride.com\/support-us\/"},"modified":"2025-06-30T12:18:09","modified_gmt":"2025-06-30T10:18:09","slug":"support-us","status":"publish","type":"page","link":"https:\/\/festival.praguepride.com\/en\/support\/support-us\/","title":{"rendered":"Support us!"},"content":{"rendered":"<div class=\"block\n  block--core-post-featured-image\n  block--align-none\n      \">\n  <figure class=\"wp-block-post-featured-image\"><img loading=\"lazy\" decoding=\"async\" width=\"1920\" height=\"1080\" src=\"https:\/\/festival.praguepride.com\/app\/uploads\/2022\/06\/2019_Pruvod_Max-Homolka-1920x1080-c-default.jpg\" class=\"attachment-large_crop size-large_crop wp-post-image\" alt=\"Lid v pr\u016fvodu tan\u010d\u00edc\u00ed a sm\u011bj\u00edc\u00ed se v z\u00e1plav\u011b srd\u00ed\u010dkov\u00fdch konfet\" style=\"object-fit:cover;\" \/><figcaption class=\"u-fs--200 u-pt--200\">Foto: Max Homolka<\/figcaption><\/figure>\n<\/div>\n\n\n<div class=\"block\n  block--core-paragraph\n  block--align-none\n      \">\n  \n<p>Do you love the Prague Pride festival? Please support us! There are many ways to do it, and it\u2019s not all about money.<\/p>\n\n<\/div>\n\n\n<div class=\"block\n  block--core-paragraph\n  block--align-none\n      \">\n  \n<p><strong>Prague Pride is a&nbsp;non-profit project.<\/strong> This means that the money it earns goes back into the festival to pay for services, rentals, artist fees, and more.<\/p>\n\n<\/div>\n\n\n<div class=\"block\n  block--core-heading\n  block--align-none\n      \">\n  \n<h3 class=\"wp-block-heading\">Let the World Know You&#8217;re Going to Pride<\/h3>\n\n<\/div>\n\n\n<div class=\"block\n  block--core-paragraph\n  block--align-none\n      \">\n  \n<p>We&#8217;d love it if you could spread the word about the festival. By doing so, you\u2019ll help us attract an even larger audience and build the image of Pride as a&nbsp;well-established and respected cultural event. Planning to attend Pride? Let the world know! (Unless you&#8217;re hiding your attendance of Pride from your family.) Have you chosen which events to attend? Recommend them on social media to others. Got a&nbsp;phone full of Pride photos? Share them so everyone who didn&#8217;t come will regret it.<\/p>\n\n<\/div>\n\n\n<div class=\"block\n  block--core-heading\n  block--align-none\n      \">\n  \n<h3 class=\"wp-block-heading\">Treat Yourself to Festival Merch<\/h3>\n\n<\/div>\n\n\n<div class=\"block\n  block--core-paragraph\n  block--align-none\n    u-pb--400  \">\n  \n<p>When you buy <a href=\"https:\/\/festival.praguepride.com\/en\/we-have-awesome-merch\/\">festival merchandise<\/a> at the Queershop stand in Pride Village and Pride Park, you&#8217;re not just making yourself happy. You&#8217;re making us happy too, because you&#8217;re supporting the festival. Selling merch is one of the important ways we raise funds to cover production costs.<\/p>\n\n<\/div>\n\n\n<div class=\"block\n  block--core-heading\n  block--align-none\n      \">\n  \n<h3 class=\"wp-block-heading\">Buy ticket to Pride Park<\/h3>\n\n<\/div>\n\n\n<div class=\"block\n  block--core-paragraph\n  block--align-none\n      \">\n  \n<p>For the first time in the history of Prague Pride Festival, entry to Pride Park will be subject to a&nbsp;fee of CZK 200. This step reflects a&nbsp;significant rise in costs and the reduced engagement of sponsors\u2014partly due to the political influence of Donald Trump. On top of that, the demands on programming, event logistics, and security continue to grow. Under current conditions, it is no longer possible to organize an afternoon for tens of thousands of people at Letn\u00e1 free of charge for attendees.<\/p>\n\n<\/div>\n\n\n<div class=\"block\n  block--core-paragraph\n  block--align-none\n      \">\n  \n<p>We\u2019ve set the admission price to make the event financially sustainable while keeping the burden on attendees as low as possible. Entry remains free for people with a&nbsp;disability card (ZTP\/P) and their assistants, for seniors over 65, and for children and youth under 15. A&nbsp;CZK 0 ticket is available for them on GoOut.cz.<\/p>\n\n<\/div>\n\n\n<div class=\"block\n  block--core-paragraph\n  block--align-none\n    u-pb--400  \">\n  \n<p>At the same time, we are cancelling the entry fee for Monday\u2019s Opening Ceremony in Pride Village, which this year will be free and open to all.<\/p>\n\n<\/div>\n\n\n<div class=\"block\n  block--acf-button-group\n  block--align-none\n    u-pb--400  \">\n  <div class=\"b-button-group b-button-group--whole\">\n            <a href=\"https:\/\/goout.net\/en\/tickets\/pride-park-2025\/jhffb\/\"\n         target=\"_blank\"\n         rel=\"noopener\"\n         class=\"b-button-group__button-wrap\">\n                <span class=\"b-button-group__button\">\n          BUY TICKET\n        <\/span>\n      <\/a>\n      <\/div>\n\n<\/div>\n\n\n<div class=\"block\n  block--core-heading\n  block--align-none\n      \">\n  \n<h3 class=\"wp-block-heading\">Direct financial support<\/h3>\n\n<\/div>\n\n\n<div class=\"block\n  block--core-paragraph\n  block--align-none\n    u-pb--400  \">\n  \n<p>We appreciate every amount that anyone contributes. Private contributions and corporate partnerships allow us to make the festival accessible almost entirely for free. This means that even groups with limited financial means &#8211; for example, teenagers with no income of their own &#8211; can attend.<\/p>\n\n<\/div>\n\n\n<div class=\"block\n  block--acf-button-group\n  block--align-none\n      \">\n  <div class=\"b-button-group b-button-group--whole\">\n            <a href=\"https:\/\/www.darujme.cz\/projekt\/583?locale=en\"\n         \n         \n         class=\"b-button-group__button-wrap\">\n                <span class=\"b-button-group__button\">\n          Donate\n        <\/span>\n      <\/a>\n      <\/div>\n\n<\/div>\n\n\n<div class=\"block\n  block--core-paragraph\n  block--align-none\n      \">\n  \n<p>In addition to donations made by individuals, dozens of our corporate partners, private foundations, endowments and Czech and European grants and subsidies help with the realization of the festival each year.<\/p>\n\n<\/div>\n\n\n<div class=\"block\n  block--core-paragraph\n  block--align-none\n      \">\n  \n<p>We are financially supported by the City of Prague as well, whose representatives also provide the festival with their official patronage. Cultural program is usually co-financed by the Ministry of Culture, while the Ministry of Health supports the program for HIV prevention and destigmatization of HIV+ individuals. The European Commission is also an important partner for us through its many financial instruments. Furthermore, we greatly appreciate the support of many foreign embassies in the Czech Republic. <\/p>\n\n<\/div>\n\n\n<div class=\"block\n  block--core-heading\n  block--align-none\n      \">\n  \n<h3 class=\"wp-block-heading\">Give Some of Your Time to the Festival<\/h3>\n\n<\/div>\n\n\n<div class=\"block\n  block--core-paragraph\n  block--align-none\n      \">\n  \n<p>Volunteers handle many tasks at Prague Pride that keep everything running smoothly. Their often unseen but essential work deserves a&nbsp;big thank you. If a&nbsp;financial or other donation isn\u2019t possible for you, <a href=\"https:\/\/festival.praguepride.com\/en\/support\/volunteers\/\" target=\"_blank\" rel=\"noreferrer noopener\">volunteering<\/a> can be a&nbsp;fantastic way to support the festival.<\/p>\n\n<\/div>\n","protected":false},"excerpt":{"rendered":"<p>Do you love the Prague Pride festival? Please support us! There are many ways to do it, and it\u2019s not all about money. Prague Pride is a&nbsp;non-profit project. This means that the money it earns goes back into the festival to pay for services, rentals, artist fees, and more. Let the World Know You&#8217;re Going [&hellip;]<\/p>\n","protected":false},"author":2,"featured_media":417,"parent":598,"menu_order":1,"comment_status":"closed","ping_status":"closed","template":"","meta":{"footnotes":""},"class_list":["post-529","page","type-page","status-publish","has-post-thumbnail","hentry"],"acf":[],"yoast_head":"<!-- This site is optimized with the Yoast SEO plugin v27.3 - https:\/\/yoast.com\/product\/yoast-seo-wordpress\/ -->\n<title>Prague Pride Festival<\/title>\n<meta name=\"robots\" content=\"index, follow, max-snippet:-1, max-image-preview:large, max-video-preview:-1\" \/>\n<link rel=\"canonical\" href=\"https:\/\/festival.praguepride.com\/en\/support\/support-us\/\" \/>\n<meta property=\"og:locale\" content=\"en_US\" \/>\n<meta property=\"og:type\" content=\"article\" \/>\n<meta property=\"og:site_name\" content=\"Prague Pride Festival\" \/>\n<meta property=\"article:publisher\" content=\"https:\/\/www.facebook.com\/PraguePrideCZ\" \/>\n<meta property=\"article:modified_time\" content=\"2025-06-30T10:18:09+00:00\" \/>\n<meta property=\"og:image\" content=\"https:\/\/festival.praguepride.com\/app\/uploads\/2022\/06\/2019_Pruvod_Max-Homolka.jpg\" \/>\n\t<meta property=\"og:image:width\" content=\"1807\" \/>\n\t<meta property=\"og:image:height\" content=\"1205\" \/>\n\t<meta property=\"og:image:type\" content=\"image\/jpeg\" \/>\n<meta name=\"twitter:card\" content=\"summary_large_image\" \/>\n<meta name=\"twitter:site\" content=\"@praguepride\" \/>\n<script type=\"application\/ld+json\" class=\"yoast-schema-graph\">{\"@context\":\"https:\\\/\\\/schema.org\",\"@graph\":[{\"@type\":\"WebPage\",\"@id\":\"https:\\\/\\\/festival.praguepride.com\\\/en\\\/support\\\/support-us\\\/\",\"url\":\"https:\\\/\\\/festival.praguepride.com\\\/en\\\/support\\\/support-us\\\/\",\"name\":\"Support us! | Prague Pride Festival\",\"isPartOf\":{\"@id\":\"https:\\\/\\\/festival.praguepride.com\\\/en\\\/#website\"},\"primaryImageOfPage\":{\"@id\":\"https:\\\/\\\/festival.praguepride.com\\\/en\\\/support\\\/support-us\\\/#primaryimage\"},\"image\":{\"@id\":\"https:\\\/\\\/festival.praguepride.com\\\/en\\\/support\\\/support-us\\\/#primaryimage\"},\"thumbnailUrl\":\"https:\\\/\\\/festival.praguepride.com\\\/app\\\/uploads\\\/2022\\\/06\\\/2019_Pruvod_Max-Homolka.jpg\",\"datePublished\":\"2022-06-09T10:36:25+00:00\",\"dateModified\":\"2025-06-30T10:18:09+00:00\",\"description\":\"D\u011bkujeme n\u00e1v\u0161t\u011bvnictvu Prague Pride Festivalu 2024! Do pr\u016fvodu v\u00e1s p\u0159i\u0161lo p\u0159es 100 000. T\u011b\u0161\u00edme se na v\u00e1s na Prague Pride Festivalu 28. 7. \u2013 3. 8. 2025\",\"breadcrumb\":{\"@id\":\"https:\\\/\\\/festival.praguepride.com\\\/en\\\/support\\\/support-us\\\/#breadcrumb\"},\"inLanguage\":\"en-US\",\"potentialAction\":[{\"@type\":\"ReadAction\",\"target\":[\"https:\\\/\\\/festival.praguepride.com\\\/en\\\/support\\\/support-us\\\/\"]}]},{\"@type\":\"ImageObject\",\"inLanguage\":\"en-US\",\"@id\":\"https:\\\/\\\/festival.praguepride.com\\\/en\\\/support\\\/support-us\\\/#primaryimage\",\"url\":\"https:\\\/\\\/festival.praguepride.com\\\/app\\\/uploads\\\/2022\\\/06\\\/2019_Pruvod_Max-Homolka.jpg\",\"contentUrl\":\"https:\\\/\\\/festival.praguepride.com\\\/app\\\/uploads\\\/2022\\\/06\\\/2019_Pruvod_Max-Homolka.jpg\",\"width\":1807,\"height\":1205,\"caption\":\"Lid v pr\u016fvodu tan\u010d\u00edc\u00ed a sm\u011bj\u00edc\u00ed se v z\u00e1plav\u011b srd\u00ed\u010dkov\u00fdch konfet\"},{\"@type\":\"BreadcrumbList\",\"@id\":\"https:\\\/\\\/festival.praguepride.com\\\/en\\\/support\\\/support-us\\\/#breadcrumb\",\"itemListElement\":[{\"@type\":\"ListItem\",\"position\":1,\"name\":\"Home\",\"item\":\"https:\\\/\\\/festival.praguepride.com\\\/en\\\/\"},{\"@type\":\"ListItem\",\"position\":2,\"name\":\"Collaboration\",\"item\":\"https:\\\/\\\/festival.praguepride.com\\\/en\\\/support\\\/\"},{\"@type\":\"ListItem\",\"position\":3,\"name\":\"Support us!\"}]},{\"@type\":\"WebSite\",\"@id\":\"https:\\\/\\\/festival.praguepride.com\\\/en\\\/#website\",\"url\":\"https:\\\/\\\/festival.praguepride.com\\\/en\\\/\",\"name\":\"Prague Pride Festival\",\"description\":\"3\\\/8 - 9\\\/8\\\/2026\",\"publisher\":{\"@id\":\"https:\\\/\\\/festival.praguepride.com\\\/en\\\/#organization\"},\"potentialAction\":[{\"@type\":\"SearchAction\",\"target\":{\"@type\":\"EntryPoint\",\"urlTemplate\":\"https:\\\/\\\/festival.praguepride.com\\\/en\\\/?s={search_term_string}\"},\"query-input\":{\"@type\":\"PropertyValueSpecification\",\"valueRequired\":true,\"valueName\":\"search_term_string\"}}],\"inLanguage\":\"en-US\"},{\"@type\":\"Organization\",\"@id\":\"https:\\\/\\\/festival.praguepride.com\\\/en\\\/#organization\",\"name\":\"Prague Pride Festival\",\"url\":\"https:\\\/\\\/festival.praguepride.com\\\/en\\\/\",\"logo\":{\"@type\":\"ImageObject\",\"inLanguage\":\"en-US\",\"@id\":\"https:\\\/\\\/festival.praguepride.com\\\/en\\\/#\\\/schema\\\/logo\\\/image\\\/\",\"url\":\"https:\\\/\\\/festival.praguepride.com\\\/app\\\/uploads\\\/2022\\\/06\\\/favicon.png\",\"contentUrl\":\"https:\\\/\\\/festival.praguepride.com\\\/app\\\/uploads\\\/2022\\\/06\\\/favicon.png\",\"width\":512,\"height\":512,\"caption\":\"Prague Pride Festival\"},\"image\":{\"@id\":\"https:\\\/\\\/festival.praguepride.com\\\/en\\\/#\\\/schema\\\/logo\\\/image\\\/\"},\"sameAs\":[\"https:\\\/\\\/www.facebook.com\\\/PraguePrideCZ\",\"https:\\\/\\\/x.com\\\/praguepride\",\"https:\\\/\\\/www.instagram.com\\\/prague.pride\\\/\",\"https:\\\/\\\/www.linkedin.com\\\/company\\\/prague-pride-o.s.\\\/\"]}]}<\/script>\n<!-- \/ Yoast SEO plugin. -->","yoast_head_json":{"title":"Prague Pride Festival","robots":{"index":"index","follow":"follow","max-snippet":"max-snippet:-1","max-image-preview":"max-image-preview:large","max-video-preview":"max-video-preview:-1"},"canonical":"https:\/\/festival.praguepride.com\/en\/support\/support-us\/","og_locale":"en_US","og_type":"article","og_site_name":"Prague Pride Festival","article_publisher":"https:\/\/www.facebook.com\/PraguePrideCZ","article_modified_time":"2025-06-30T10:18:09+00:00","og_image":[{"width":1807,"height":1205,"url":"https:\/\/festival.praguepride.com\/app\/uploads\/2022\/06\/2019_Pruvod_Max-Homolka.jpg","type":"image\/jpeg"}],"twitter_card":"summary_large_image","twitter_site":"@praguepride","schema":{"@context":"https:\/\/schema.org","@graph":[{"@type":"WebPage","@id":"https:\/\/festival.praguepride.com\/en\/support\/support-us\/","url":"https:\/\/festival.praguepride.com\/en\/support\/support-us\/","name":"Support us! | Prague Pride Festival","isPartOf":{"@id":"https:\/\/festival.praguepride.com\/en\/#website"},"primaryImageOfPage":{"@id":"https:\/\/festival.praguepride.com\/en\/support\/support-us\/#primaryimage"},"image":{"@id":"https:\/\/festival.praguepride.com\/en\/support\/support-us\/#primaryimage"},"thumbnailUrl":"https:\/\/festival.praguepride.com\/app\/uploads\/2022\/06\/2019_Pruvod_Max-Homolka.jpg","datePublished":"2022-06-09T10:36:25+00:00","dateModified":"2025-06-30T10:18:09+00:00","description":"D\u011bkujeme n\u00e1v\u0161t\u011bvnictvu Prague Pride Festivalu 2024! Do pr\u016fvodu v\u00e1s p\u0159i\u0161lo p\u0159es 100 000. T\u011b\u0161\u00edme se na v\u00e1s na Prague Pride Festivalu 28. 7. \u2013 3. 8. 2025","breadcrumb":{"@id":"https:\/\/festival.praguepride.com\/en\/support\/support-us\/#breadcrumb"},"inLanguage":"en-US","potentialAction":[{"@type":"ReadAction","target":["https:\/\/festival.praguepride.com\/en\/support\/support-us\/"]}]},{"@type":"ImageObject","inLanguage":"en-US","@id":"https:\/\/festival.praguepride.com\/en\/support\/support-us\/#primaryimage","url":"https:\/\/festival.praguepride.com\/app\/uploads\/2022\/06\/2019_Pruvod_Max-Homolka.jpg","contentUrl":"https:\/\/festival.praguepride.com\/app\/uploads\/2022\/06\/2019_Pruvod_Max-Homolka.jpg","width":1807,"height":1205,"caption":"Lid v pr\u016fvodu tan\u010d\u00edc\u00ed a sm\u011bj\u00edc\u00ed se v z\u00e1plav\u011b srd\u00ed\u010dkov\u00fdch konfet"},{"@type":"BreadcrumbList","@id":"https:\/\/festival.praguepride.com\/en\/support\/support-us\/#breadcrumb","itemListElement":[{"@type":"ListItem","position":1,"name":"Home","item":"https:\/\/festival.praguepride.com\/en\/"},{"@type":"ListItem","position":2,"name":"Collaboration","item":"https:\/\/festival.praguepride.com\/en\/support\/"},{"@type":"ListItem","position":3,"name":"Support us!"}]},{"@type":"WebSite","@id":"https:\/\/festival.praguepride.com\/en\/#website","url":"https:\/\/festival.praguepride.com\/en\/","name":"Prague Pride Festival","description":"3\/8 - 9\/8\/2026","publisher":{"@id":"https:\/\/festival.praguepride.com\/en\/#organization"},"potentialAction":[{"@type":"SearchAction","target":{"@type":"EntryPoint","urlTemplate":"https:\/\/festival.praguepride.com\/en\/?s={search_term_string}"},"query-input":{"@type":"PropertyValueSpecification","valueRequired":true,"valueName":"search_term_string"}}],"inLanguage":"en-US"},{"@type":"Organization","@id":"https:\/\/festival.praguepride.com\/en\/#organization","name":"Prague Pride Festival","url":"https:\/\/festival.praguepride.com\/en\/","logo":{"@type":"ImageObject","inLanguage":"en-US","@id":"https:\/\/festival.praguepride.com\/en\/#\/schema\/logo\/image\/","url":"https:\/\/festival.praguepride.com\/app\/uploads\/2022\/06\/favicon.png","contentUrl":"https:\/\/festival.praguepride.com\/app\/uploads\/2022\/06\/favicon.png","width":512,"height":512,"caption":"Prague Pride Festival"},"image":{"@id":"https:\/\/festival.praguepride.com\/en\/#\/schema\/logo\/image\/"},"sameAs":["https:\/\/www.facebook.com\/PraguePrideCZ","https:\/\/x.com\/praguepride","https:\/\/www.instagram.com\/prague.pride\/","https:\/\/www.linkedin.com\/company\/prague-pride-o.s.\/"]}]}},"_links":{"self":[{"href":"https:\/\/festival.praguepride.com\/en\/wp-json\/wp\/v2\/pages\/529","targetHints":{"allow":["GET"]}}],"collection":[{"href":"https:\/\/festival.praguepride.com\/en\/wp-json\/wp\/v2\/pages"}],"about":[{"href":"https:\/\/festival.praguepride.com\/en\/wp-json\/wp\/v2\/types\/page"}],"author":[{"embeddable":true,"href":"https:\/\/festival.praguepride.com\/en\/wp-json\/wp\/v2\/users\/2"}],"replies":[{"embeddable":true,"href":"https:\/\/festival.praguepride.com\/en\/wp-json\/wp\/v2\/comments?post=529"}],"version-history":[{"count":12,"href":"https:\/\/festival.praguepride.com\/en\/wp-json\/wp\/v2\/pages\/529\/revisions"}],"predecessor-version":[{"id":27739,"href":"https:\/\/festival.praguepride.com\/en\/wp-json\/wp\/v2\/pages\/529\/revisions\/27739"}],"up":[{"embeddable":true,"href":"https:\/\/festival.praguepride.com\/en\/wp-json\/wp\/v2\/pages\/598"}],"wp:featuredmedia":[{"embeddable":true,"href":"https:\/\/festival.praguepride.com\/en\/wp-json\/wp\/v2\/media\/417"}],"wp:attachment":[{"href":"https:\/\/festival.praguepride.com\/en\/wp-json\/wp\/v2\/media?parent=529"}],"curies":[{"name":"wp","href":"https:\/\/api.w.org\/{rel}","templated":true}]}}