{"id":519,"date":"2022-06-09T12:37:55","date_gmt":"2022-06-09T10:37:55","guid":{"rendered":"https:\/\/festival.praguepride.com\/become-a-partner-of-the-festival\/"},"modified":"2025-04-02T10:41:20","modified_gmt":"2025-04-02T08:41:20","slug":"become-a-partner-of-the-festival","status":"publish","type":"page","link":"https:\/\/festival.praguepride.com\/en\/support\/become-a-partner-of-the-festival\/","title":{"rendered":"Become a&nbsp;partner"},"content":{"rendered":"<div class=\"block\n  block--core-post-featured-image\n  block--align-none\n      \">\n  <figure class=\"wp-block-post-featured-image\"><img loading=\"lazy\" decoding=\"async\" width=\"1920\" height=\"1080\" src=\"https:\/\/festival.praguepride.com\/app\/uploads\/2022\/06\/2018_recepce_Leah-Takata-1920x1080-c-default.jpg\" class=\"attachment-large_crop size-large_crop wp-post-image\" alt=\"Photo of formal reception. People in formal clothes in\" style=\"object-fit:cover;\" \/><figcaption class=\"u-fs--200 u-pt--200\">Autorka: Leah Takata<\/figcaption><\/figure>\n<\/div>\n\n\n<div class=\"block\n  block--core-paragraph\n  block--align-none\n      \">\n  \n<p>The Prague Pride festival is <strong>the largest Pride festival in Central and Eastern Europe<\/strong>. Last year\u2019s Saturday parade drew over <strong>60,000 attendees<\/strong>, with a&nbsp;total festival attendance exceeding <strong>90,000 visitors<\/strong>. The Prague Pride festival also has significant media reach, whether it\u2019s TV coverage, print, radio, or the internet. On social media, the festival reaches hundreds of thousands of users.<\/p>\n\n<\/div>\n\n\n<div class=\"block\n  block--core-paragraph\n  block--align-none\n      \">\n  \n<p>Every year, Prague Pride offers a&nbsp;wide range of program events \u2013 this year there will be over 200. From lectures, film screenings, and workshops, to picnics and health discussions, to the traditional rainbow parade through Prague. Organizing such an event would be unthinkable without the support and cooperation of partners. Join us! Our fundraising director, Lenka, would be happy to have a&nbsp;coffee with you and discuss possibilities for the coming years.<\/p>\n\n<\/div>\n\n\n<div class=\"block\n  block--core-heading\n  block--align-none\n      \">\n  \n<h2 class=\"wp-block-heading\"><strong>Your impact<\/strong><\/h2>\n\n<\/div>\n\n\n<div class=\"block\n  block--core-list\n  block--align-none\n      \">\n  \n<ul class=\"wp-block-list\"><div class=\"block\n  block--core-list-item\n  block--align-none\n      \">\n  \n<li>Supporting 200+ events, the vast majority of which are free to attend<\/li>\n\n<\/div>\n\n\n<div class=\"block\n  block--core-list-item\n  block--align-none\n      \">\n  \n<li>Creating an environment where people, who often face discrimination and constant minority stress, feel safe and free to be themselves<\/li>\n\n<\/div>\n\n\n<div class=\"block\n  block--core-list-item\n  block--align-none\n      \">\n  \n<li>Promoting the values of respect, freedom, and acceptance<\/li>\n\n<\/div>\n\n\n<div class=\"block\n  block--core-list-item\n  block--align-none\n      \">\n  \n<li>Increasing the interest of LGBT+ consumers and employees<\/li>\n\n<\/div>\n<\/ul>\n\n<\/div>\n\n\n<div class=\"block\n  block--core-heading\n  block--align-none\n      \">\n  \n<h2 class=\"wp-block-heading\"><strong>Corporate Partnership and Support Opportunities<\/strong><\/h2>\n\n<\/div>\n\n\n<div class=\"block\n  block--core-heading\n  block--align-none\n      \">\n  \n<h3 class=\"wp-block-heading\"><strong>Financial support<\/strong><\/h3>\n\n<\/div>\n\n\n<div class=\"block\n  block--core-paragraph\n  block--align-none\n      \">\n  \n<p>Versatile support that allows us to maximize its potential and use it exactly where we need it most. You can make a&nbsp;financial donation to support the festival as a&nbsp;whole, or work with us to determine how we will use the funds specifically. Would you like to pay for part of the rainbow decorations or perhaps support the production of a&nbsp;specific event? Everything is possible.<\/p>\n\n<\/div>\n\n\n<div class=\"block\n  block--core-heading\n  block--align-none\n      \">\n  \n<h3 class=\"wp-block-heading\"><strong>Products<\/strong><\/h3>\n\n<\/div>\n\n\n<div class=\"block\n  block--core-paragraph\n  block--align-none\n      \">\n  \n<p>For many companies, support in the form of product donations or loans is more accessible. This can include production equipment (booths, lighting and audio equipment, fencing\u2026), airline tickets, food and beverages for our dozens of volunteers, rainbow decorations, and much more.<\/p>\n\n<\/div>\n\n\n<div class=\"block\n  block--core-heading\n  block--align-none\n      \">\n  \n<h3 class=\"wp-block-heading\"><strong>Services<\/strong><\/h3>\n\n<\/div>\n\n\n<div class=\"block\n  block--core-paragraph\n  block--align-none\n      \">\n  \n<p>We wouldn\u2019t be able to run the festival without our service partners. Without hotel partners, we couldn\u2019t accommodate international guests. Logistic services are also extremely valuable, as organizing a&nbsp;festival with locations all over Prague is impossible without them. Digital, media, marketing, cleaning, and other services are also necessary for the festival&#8217;s&nbsp;organization. Is your company a&nbsp;specialist in the service sector? Do not hesitate to contact us; we will surely find a&nbsp;suitable form of cooperation.<\/p>\n\n<\/div>\n\n\n<div class=\"block\n  block--core-heading\n  block--align-none\n      \">\n  \n<h3 class=\"wp-block-heading\"><strong>Programme<\/strong><\/h3>\n\n<\/div>\n\n\n<div class=\"block\n  block--core-paragraph\n  block--align-none\n      \">\n  \n<p>What makes a&nbsp;festival tick? A&nbsp;quality accompanying program. You can help us bring in performers from abroad, organize your own event, provide a&nbsp;venue for the event, and more. Of course, we can also cooperate if you are artistically, educationally, or otherwise actively involved.<\/p>\n\n<\/div>\n\n\n<div class=\"block\n  block--acf-posts-list\n  block--align-none\n      \">\n  <article class=\"b-posts-list\">\n  <div class=\"b-posts-list__grid b-posts-list__grid--quarters\">\n          <div class=\"b-posts-list__tease\">\n        <article class=\"tease\">\n  <div class=\"tease__layout\">\n          <div class=\"tease__media\">\n                  <img decoding=\"async\" srcset=\"https:\/\/festival.praguepride.com\/app\/uploads\/2025\/01\/Lenka-Bartova-1-220x220-c-default.jpeg 220w, https:\/\/festival.praguepride.com\/app\/uploads\/2025\/01\/Lenka-Bartova-1-440x440-c-default.jpeg 440w\" src=\"data:image\/gif;base64,R0lGODlhAQABAIAAAAAAAP\/\/\/yH5BAEAAAAALAAAAAABAAEAAAIBRAA7\"\n            loading=\"lazy\"\n            width=\"512\"\n            height=\"512\"\n            alt=\"Lenka B\u00e1rtov\u00e1\"\/>\n              <\/div>\n    \n    <div class=\"tease__content\">\n      <h2 class=\"tease__title\">\n                  Lenka B\u00e1rtov\u00e1\n              <\/h2>\n              <div class=\"tease__meta\">\n                      <p>Corporate Fundraising Manager<\/p>\n                                <p class=\"u-fs--200 u-overflow--ellipsis\">\n              <a href=\"tel:lenka.bartova@praguepride.com\">\n                lenka.bartova@praguepride.com\n              <\/a>\n            <\/p>\n                            <\/div>\n          <\/div>\n  <\/div>\n<\/article>\n      <\/div>\n      <\/div>\n  <\/article>\n\n<\/div>\n","protected":false},"excerpt":{"rendered":"<p>The Prague Pride festival is the largest Pride festival in Central and Eastern Europe. Last year\u2019s Saturday parade drew over 60,000 attendees, with a&nbsp;total festival attendance exceeding 90,000 visitors. The Prague Pride festival also has significant media reach, whether it\u2019s TV coverage, print, radio, or the internet. On social media, the festival reaches hundreds of [&hellip;]<\/p>\n","protected":false},"author":2,"featured_media":379,"parent":598,"menu_order":3,"comment_status":"closed","ping_status":"closed","template":"","meta":{"footnotes":""},"class_list":["post-519","page","type-page","status-publish","has-post-thumbnail","hentry"],"acf":[],"yoast_head":"<!-- This site is optimized with the Yoast SEO plugin v27.3 - https:\/\/yoast.com\/product\/yoast-seo-wordpress\/ -->\n<title>Prague Pride Festival<\/title>\n<meta name=\"robots\" content=\"index, follow, max-snippet:-1, max-image-preview:large, max-video-preview:-1\" \/>\n<link rel=\"canonical\" href=\"https:\/\/festival.praguepride.com\/en\/support\/become-a-partner-of-the-festival\/\" \/>\n<meta property=\"og:locale\" content=\"en_US\" \/>\n<meta property=\"og:type\" content=\"article\" \/>\n<meta property=\"og:site_name\" content=\"Prague Pride Festival\" \/>\n<meta property=\"article:publisher\" content=\"https:\/\/www.facebook.com\/PraguePrideCZ\" \/>\n<meta property=\"article:modified_time\" content=\"2025-04-02T08:41:20+00:00\" \/>\n<meta property=\"og:image\" content=\"https:\/\/festival.praguepride.com\/app\/uploads\/2022\/06\/2018_recepce_Leah-Takata.jpg\" \/>\n\t<meta property=\"og:image:width\" content=\"2560\" \/>\n\t<meta property=\"og:image:height\" content=\"1707\" \/>\n\t<meta property=\"og:image:type\" content=\"image\/jpeg\" \/>\n<meta name=\"twitter:card\" content=\"summary_large_image\" \/>\n<meta name=\"twitter:site\" content=\"@praguepride\" \/>\n<script type=\"application\/ld+json\" class=\"yoast-schema-graph\">{\"@context\":\"https:\\\/\\\/schema.org\",\"@graph\":[{\"@type\":\"WebPage\",\"@id\":\"https:\\\/\\\/festival.praguepride.com\\\/en\\\/support\\\/become-a-partner-of-the-festival\\\/\",\"url\":\"https:\\\/\\\/festival.praguepride.com\\\/en\\\/support\\\/become-a-partner-of-the-festival\\\/\",\"name\":\"Become a partner | Prague Pride Festival\",\"isPartOf\":{\"@id\":\"https:\\\/\\\/festival.praguepride.com\\\/en\\\/#website\"},\"primaryImageOfPage\":{\"@id\":\"https:\\\/\\\/festival.praguepride.com\\\/en\\\/support\\\/become-a-partner-of-the-festival\\\/#primaryimage\"},\"image\":{\"@id\":\"https:\\\/\\\/festival.praguepride.com\\\/en\\\/support\\\/become-a-partner-of-the-festival\\\/#primaryimage\"},\"thumbnailUrl\":\"https:\\\/\\\/festival.praguepride.com\\\/app\\\/uploads\\\/2022\\\/06\\\/2018_recepce_Leah-Takata.jpg\",\"datePublished\":\"2022-06-09T10:37:55+00:00\",\"dateModified\":\"2025-04-02T08:41:20+00:00\",\"description\":\"D\u011bkujeme n\u00e1v\u0161t\u011bvnictvu Prague Pride Festivalu 2024! Do pr\u016fvodu v\u00e1s p\u0159i\u0161lo p\u0159es 100 000. T\u011b\u0161\u00edme se na v\u00e1s na Prague Pride Festivalu 28. 7. \u2013 3. 8. 2025\",\"breadcrumb\":{\"@id\":\"https:\\\/\\\/festival.praguepride.com\\\/en\\\/support\\\/become-a-partner-of-the-festival\\\/#breadcrumb\"},\"inLanguage\":\"en-US\",\"potentialAction\":[{\"@type\":\"ReadAction\",\"target\":[\"https:\\\/\\\/festival.praguepride.com\\\/en\\\/support\\\/become-a-partner-of-the-festival\\\/\"]}]},{\"@type\":\"ImageObject\",\"inLanguage\":\"en-US\",\"@id\":\"https:\\\/\\\/festival.praguepride.com\\\/en\\\/support\\\/become-a-partner-of-the-festival\\\/#primaryimage\",\"url\":\"https:\\\/\\\/festival.praguepride.com\\\/app\\\/uploads\\\/2022\\\/06\\\/2018_recepce_Leah-Takata.jpg\",\"contentUrl\":\"https:\\\/\\\/festival.praguepride.com\\\/app\\\/uploads\\\/2022\\\/06\\\/2018_recepce_Leah-Takata.jpg\",\"width\":2560,\"height\":1707,\"caption\":\"Foto: Leah Takata\"},{\"@type\":\"BreadcrumbList\",\"@id\":\"https:\\\/\\\/festival.praguepride.com\\\/en\\\/support\\\/become-a-partner-of-the-festival\\\/#breadcrumb\",\"itemListElement\":[{\"@type\":\"ListItem\",\"position\":1,\"name\":\"Home\",\"item\":\"https:\\\/\\\/festival.praguepride.com\\\/en\\\/\"},{\"@type\":\"ListItem\",\"position\":2,\"name\":\"Collaboration\",\"item\":\"https:\\\/\\\/festival.praguepride.com\\\/en\\\/support\\\/\"},{\"@type\":\"ListItem\",\"position\":3,\"name\":\"Become a&nbsp;partner\"}]},{\"@type\":\"WebSite\",\"@id\":\"https:\\\/\\\/festival.praguepride.com\\\/en\\\/#website\",\"url\":\"https:\\\/\\\/festival.praguepride.com\\\/en\\\/\",\"name\":\"Prague Pride Festival\",\"description\":\"3\\\/8 - 9\\\/8\\\/2026\",\"publisher\":{\"@id\":\"https:\\\/\\\/festival.praguepride.com\\\/en\\\/#organization\"},\"potentialAction\":[{\"@type\":\"SearchAction\",\"target\":{\"@type\":\"EntryPoint\",\"urlTemplate\":\"https:\\\/\\\/festival.praguepride.com\\\/en\\\/?s={search_term_string}\"},\"query-input\":{\"@type\":\"PropertyValueSpecification\",\"valueRequired\":true,\"valueName\":\"search_term_string\"}}],\"inLanguage\":\"en-US\"},{\"@type\":\"Organization\",\"@id\":\"https:\\\/\\\/festival.praguepride.com\\\/en\\\/#organization\",\"name\":\"Prague Pride Festival\",\"url\":\"https:\\\/\\\/festival.praguepride.com\\\/en\\\/\",\"logo\":{\"@type\":\"ImageObject\",\"inLanguage\":\"en-US\",\"@id\":\"https:\\\/\\\/festival.praguepride.com\\\/en\\\/#\\\/schema\\\/logo\\\/image\\\/\",\"url\":\"https:\\\/\\\/festival.praguepride.com\\\/app\\\/uploads\\\/2022\\\/06\\\/favicon.png\",\"contentUrl\":\"https:\\\/\\\/festival.praguepride.com\\\/app\\\/uploads\\\/2022\\\/06\\\/favicon.png\",\"width\":512,\"height\":512,\"caption\":\"Prague Pride Festival\"},\"image\":{\"@id\":\"https:\\\/\\\/festival.praguepride.com\\\/en\\\/#\\\/schema\\\/logo\\\/image\\\/\"},\"sameAs\":[\"https:\\\/\\\/www.facebook.com\\\/PraguePrideCZ\",\"https:\\\/\\\/x.com\\\/praguepride\",\"https:\\\/\\\/www.instagram.com\\\/prague.pride\\\/\",\"https:\\\/\\\/www.linkedin.com\\\/company\\\/prague-pride-o.s.\\\/\"]}]}<\/script>\n<!-- \/ Yoast SEO plugin. -->","yoast_head_json":{"title":"Prague Pride Festival","robots":{"index":"index","follow":"follow","max-snippet":"max-snippet:-1","max-image-preview":"max-image-preview:large","max-video-preview":"max-video-preview:-1"},"canonical":"https:\/\/festival.praguepride.com\/en\/support\/become-a-partner-of-the-festival\/","og_locale":"en_US","og_type":"article","og_site_name":"Prague Pride Festival","article_publisher":"https:\/\/www.facebook.com\/PraguePrideCZ","article_modified_time":"2025-04-02T08:41:20+00:00","og_image":[{"width":2560,"height":1707,"url":"https:\/\/festival.praguepride.com\/app\/uploads\/2022\/06\/2018_recepce_Leah-Takata.jpg","type":"image\/jpeg"}],"twitter_card":"summary_large_image","twitter_site":"@praguepride","schema":{"@context":"https:\/\/schema.org","@graph":[{"@type":"WebPage","@id":"https:\/\/festival.praguepride.com\/en\/support\/become-a-partner-of-the-festival\/","url":"https:\/\/festival.praguepride.com\/en\/support\/become-a-partner-of-the-festival\/","name":"Become a partner | Prague Pride Festival","isPartOf":{"@id":"https:\/\/festival.praguepride.com\/en\/#website"},"primaryImageOfPage":{"@id":"https:\/\/festival.praguepride.com\/en\/support\/become-a-partner-of-the-festival\/#primaryimage"},"image":{"@id":"https:\/\/festival.praguepride.com\/en\/support\/become-a-partner-of-the-festival\/#primaryimage"},"thumbnailUrl":"https:\/\/festival.praguepride.com\/app\/uploads\/2022\/06\/2018_recepce_Leah-Takata.jpg","datePublished":"2022-06-09T10:37:55+00:00","dateModified":"2025-04-02T08:41:20+00:00","description":"D\u011bkujeme n\u00e1v\u0161t\u011bvnictvu Prague Pride Festivalu 2024! Do pr\u016fvodu v\u00e1s p\u0159i\u0161lo p\u0159es 100 000. T\u011b\u0161\u00edme se na v\u00e1s na Prague Pride Festivalu 28. 7. \u2013 3. 8. 2025","breadcrumb":{"@id":"https:\/\/festival.praguepride.com\/en\/support\/become-a-partner-of-the-festival\/#breadcrumb"},"inLanguage":"en-US","potentialAction":[{"@type":"ReadAction","target":["https:\/\/festival.praguepride.com\/en\/support\/become-a-partner-of-the-festival\/"]}]},{"@type":"ImageObject","inLanguage":"en-US","@id":"https:\/\/festival.praguepride.com\/en\/support\/become-a-partner-of-the-festival\/#primaryimage","url":"https:\/\/festival.praguepride.com\/app\/uploads\/2022\/06\/2018_recepce_Leah-Takata.jpg","contentUrl":"https:\/\/festival.praguepride.com\/app\/uploads\/2022\/06\/2018_recepce_Leah-Takata.jpg","width":2560,"height":1707,"caption":"Foto: Leah Takata"},{"@type":"BreadcrumbList","@id":"https:\/\/festival.praguepride.com\/en\/support\/become-a-partner-of-the-festival\/#breadcrumb","itemListElement":[{"@type":"ListItem","position":1,"name":"Home","item":"https:\/\/festival.praguepride.com\/en\/"},{"@type":"ListItem","position":2,"name":"Collaboration","item":"https:\/\/festival.praguepride.com\/en\/support\/"},{"@type":"ListItem","position":3,"name":"Become a&nbsp;partner"}]},{"@type":"WebSite","@id":"https:\/\/festival.praguepride.com\/en\/#website","url":"https:\/\/festival.praguepride.com\/en\/","name":"Prague Pride Festival","description":"3\/8 - 9\/8\/2026","publisher":{"@id":"https:\/\/festival.praguepride.com\/en\/#organization"},"potentialAction":[{"@type":"SearchAction","target":{"@type":"EntryPoint","urlTemplate":"https:\/\/festival.praguepride.com\/en\/?s={search_term_string}"},"query-input":{"@type":"PropertyValueSpecification","valueRequired":true,"valueName":"search_term_string"}}],"inLanguage":"en-US"},{"@type":"Organization","@id":"https:\/\/festival.praguepride.com\/en\/#organization","name":"Prague Pride Festival","url":"https:\/\/festival.praguepride.com\/en\/","logo":{"@type":"ImageObject","inLanguage":"en-US","@id":"https:\/\/festival.praguepride.com\/en\/#\/schema\/logo\/image\/","url":"https:\/\/festival.praguepride.com\/app\/uploads\/2022\/06\/favicon.png","contentUrl":"https:\/\/festival.praguepride.com\/app\/uploads\/2022\/06\/favicon.png","width":512,"height":512,"caption":"Prague Pride Festival"},"image":{"@id":"https:\/\/festival.praguepride.com\/en\/#\/schema\/logo\/image\/"},"sameAs":["https:\/\/www.facebook.com\/PraguePrideCZ","https:\/\/x.com\/praguepride","https:\/\/www.instagram.com\/prague.pride\/","https:\/\/www.linkedin.com\/company\/prague-pride-o.s.\/"]}]}},"_links":{"self":[{"href":"https:\/\/festival.praguepride.com\/en\/wp-json\/wp\/v2\/pages\/519","targetHints":{"allow":["GET"]}}],"collection":[{"href":"https:\/\/festival.praguepride.com\/en\/wp-json\/wp\/v2\/pages"}],"about":[{"href":"https:\/\/festival.praguepride.com\/en\/wp-json\/wp\/v2\/types\/page"}],"author":[{"embeddable":true,"href":"https:\/\/festival.praguepride.com\/en\/wp-json\/wp\/v2\/users\/2"}],"replies":[{"embeddable":true,"href":"https:\/\/festival.praguepride.com\/en\/wp-json\/wp\/v2\/comments?post=519"}],"version-history":[{"count":9,"href":"https:\/\/festival.praguepride.com\/en\/wp-json\/wp\/v2\/pages\/519\/revisions"}],"predecessor-version":[{"id":25799,"href":"https:\/\/festival.praguepride.com\/en\/wp-json\/wp\/v2\/pages\/519\/revisions\/25799"}],"up":[{"embeddable":true,"href":"https:\/\/festival.praguepride.com\/en\/wp-json\/wp\/v2\/pages\/598"}],"wp:featuredmedia":[{"embeddable":true,"href":"https:\/\/festival.praguepride.com\/en\/wp-json\/wp\/v2\/media\/379"}],"wp:attachment":[{"href":"https:\/\/festival.praguepride.com\/en\/wp-json\/wp\/v2\/media?parent=519"}],"curies":[{"name":"wp","href":"https:\/\/api.w.org\/{rel}","templated":true}]}}