{"id":515,"date":"2022-06-09T12:35:59","date_gmt":"2022-06-09T10:35:59","guid":{"rendered":"https:\/\/festival.praguepride.com\/volunteers\/"},"modified":"2025-07-04T09:52:41","modified_gmt":"2025-07-04T07:52:41","slug":"volunteers","status":"publish","type":"page","link":"https:\/\/festival.praguepride.com\/en\/support\/volunteers\/","title":{"rendered":"Volunteers"},"content":{"rendered":"<div class=\"block\n  block--core-post-featured-image\n  block--align-none\n      \">\n  <figure class=\"wp-block-post-featured-image\"><img loading=\"lazy\" decoding=\"async\" width=\"1920\" height=\"1080\" src=\"https:\/\/festival.praguepride.com\/app\/uploads\/2022\/06\/2018_Pruvod_Milan-Mosna02-1920x1080-c-default.jpg\" class=\"attachment-large_crop size-large_crop wp-post-image\" alt=\"Mlad\u00e1 \u017eena s t\u00fdmovou visa\u010dkou nesouc\u00ed vlajku na ty\u010di.\" style=\"object-fit:cover;\" \/><figcaption class=\"u-fs--200 u-pt--200\">Foto: Milan Mo\u0161na<\/figcaption><\/figure>\n<\/div>\n\n\n<div class=\"block\n  block--core-paragraph\n  block--align-none\n      \">\n  \n<p>For the Prague Pride Festival, volunteers are indispensable. If it weren&#8217;t for their amazing work and high dedication, Prague Pride would not be the festival we love. You, too, can <strong>become a&nbsp;part of our team<\/strong> and help the festival run smoothly. Plus, you&#8217;ll get to meet the awesome people in the crew and make new contacts and friends.<\/p>\n\n<\/div>\n\n\n<div class=\"block\n  block--core-paragraph\n  block--align-none\n      \">\n  \n<p>Contact us via <a href=\"mailto:dobrovolnici@praguepride.com\">dobrovolnici@praguepride.com<\/a> and we will get back to you. If you add you phone number to the e-mail, the communication will be quicker.<\/p>\n\n<\/div>\n\n\n<div class=\"block\n  block--core-heading\n  block--align-none\n      \">\n  \n<h2 class=\"wp-block-heading\">What do we need help with?<\/h2>\n\n<\/div>\n\n\n<div class=\"block\n  block--core-paragraph\n  block--align-none\n      \">\n  \n<p>The highest number of capable volunteers will be needed during <strong>the<\/strong> <strong>parade on Saturday<\/strong>. We will make use of dozens of them: they carry flags, oversee security, lead groups, assure everyone has enough space&#8230; Volunteer help is also essential at <strong>Pride Park at Letn\u00e1<\/strong>, as well as in the construction and cleaning of <strong>Pride Village<\/strong>.<\/p>\n\n<\/div>\n\n\n<div class=\"block\n  block--core-paragraph\n  block--align-none\n      \">\n  \n<p>Volunteers also help with the rainbow <strong>decorations<\/strong>, <strong>surveying<\/strong> visitors, <strong>making sales<\/strong> at the stands, <strong>lending<\/strong> blankets and sports equipment, <strong>handing out<\/strong> posters, <strong>looking after<\/strong> <strong>performers<\/strong> and guests, and much more. Many of them also contribute as <strong>the helping hands<\/strong> of the production team.<\/p>\n\n<\/div>\n\n\n<div class=\"block\n  block--core-paragraph\n  block--align-none\n      \">\n  \n<p>What you help us with is up to you. Choose what you feel up to doing and your availability. It&#8217;s&nbsp;not a&nbsp;problem if you aren&#8217;t interested in any of the previously mentioned positions, we will 100% find another task for you. All you need to do is get in touch \u2013 adventure, unique experiences and a&nbsp;wonderful feeling brought on by helping in a&nbsp;meaningful way are guaranteed.<\/p>\n\n<\/div>\n\n\n<div class=\"block\n  block--acf-button-group\n  block--align-none\n  u-pt--400    \">\n  <div class=\"b-button-group b-button-group--whole\">\n            <a href=\"https:\/\/praguepride.sinch.cz\"\n         target=\"_blank\"\n         rel=\"noopener\"\n         class=\"b-button-group__button-wrap\">\n                <span class=\"b-button-group__button\">\n          Create a&nbsp;volunteer profile\n        <\/span>\n      <\/a>\n      <\/div>\n\n<\/div>\n\n\n<div class=\"block\n  block--core-heading\n  block--align-none\n      \">\n  \n<h2 class=\"wp-block-heading\">Listed positions<\/h2>\n\n<\/div>\n\n\n<div class=\"block\n  block--core-paragraph\n  block--align-none\n      \">\n  \n<p>In some cases, we also list <strong>specific volunteer positions<\/strong>. These generally need to be done systematically prior to the festival and require more responsibility and independent work. It&#8217;s&nbsp;a&nbsp;great opportunity for people who want to apply their talents or who are looking for an opportunity to get new work experience.<\/p>\n\n<\/div>\n\n\n<div class=\"block\n  block--core-paragraph\n  block--align-none\n      \">\n  \n<p>You can find these positions listed on the <a href=\"https:\/\/festival.praguepride.com\/en\/support\/careers\/\">Careers page<\/a>. Most of them are for Czech speaking people only, so we only have a&nbsp;Czech version of that page.<\/p>\n\n<\/div>\n\n\n<div class=\"block\n  block--core-heading\n  block--align-none\n      \">\n  \n<h2 class=\"wp-block-heading\">Code of ethics<\/h2>\n\n<\/div>\n\n\n<div class=\"block\n  block--core-paragraph\n  block--align-none\n      \">\n  \n<p>In order to make sure that cooperation with volunteers does not bring more harm than good, we all follow a&nbsp;few rules and principles. We have summed them up in a&nbsp;volunteers Code of ethics:<\/p>\n\n<\/div>\n\n\n<div class=\"block\n  block--core-file\n  block--align-none\n      \">\n  \n<div class=\"wp-block-file\"><a id=\"wp-block-file--media-96032ad3-9eb8-4349-8179-75fb93479459\" href=\"https:\/\/festival.praguepride.com\/app\/uploads\/2025\/07\/Kodex_volunteers_PP.pdf\" target=\"_blank\" rel=\"noreferrer noopener\">Kodex_volunteers_PP<\/a><a href=\"https:\/\/festival.praguepride.com\/app\/uploads\/2025\/07\/Kodex_volunteers_PP.pdf\" class=\"wp-block-file__button wp-element-button\" download aria-describedby=\"wp-block-file--media-96032ad3-9eb8-4349-8179-75fb93479459\">Download<\/a><\/div>\n\n<\/div>\n\n\n<div class=\"block\n  block--acf-posts-list\n  block--align-none\n      \">\n  <article class=\"b-posts-list\">\n  <div class=\"b-posts-list__grid b-posts-list__grid--quarters\">\n          <div class=\"b-posts-list__tease\">\n        <article class=\"tease\">\n  <div class=\"tease__layout\">\n          <div class=\"tease__media\">\n                  <img decoding=\"async\" srcset=\"https:\/\/festival.praguepride.com\/app\/uploads\/2025\/01\/Miroslav-Gyenes-1-220x220-c-default.jpeg 220w, https:\/\/festival.praguepride.com\/app\/uploads\/2025\/01\/Miroslav-Gyenes-1-440x440-c-default.jpeg 440w\" src=\"data:image\/gif;base64,R0lGODlhAQABAIAAAAAAAP\/\/\/yH5BAEAAAAALAAAAAABAAEAAAIBRAA7\"\n            loading=\"lazy\"\n            width=\"512\"\n            height=\"512\"\n            alt=\"Miro Gyenes\"\/>\n              <\/div>\n    \n    <div class=\"tease__content\">\n      <h2 class=\"tease__title\">\n                  Miro Gyenes\n              <\/h2>\n              <div class=\"tease__meta\">\n                      <p>Volunteers Manager<\/p>\n                                <p class=\"u-fs--200 u-overflow--ellipsis\">\n              <a href=\"tel:miroslav.gyenes@praguepride.com\">\n                miroslav.gyenes@praguepride.com\n              <\/a>\n            <\/p>\n                                <p class=\"u-fs--200 u-overflow--ellipsis\">\n              <a href=\"tel:+420 773 774 014\">\n                +420&nbsp;773&nbsp;774&nbsp;014\n              <\/a>\n            <\/p>\n                  <\/div>\n          <\/div>\n  <\/div>\n<\/article>\n      <\/div>\n      <\/div>\n  <\/article>\n\n<\/div>\n","protected":false},"excerpt":{"rendered":"<p>For the Prague Pride Festival, volunteers are indispensable. If it weren&#8217;t for their amazing work and high dedication, Prague Pride would not be the festival we love. You, too, can become a&nbsp;part of our team and help the festival run smoothly. Plus, you&#8217;ll get to meet the awesome people in the crew and make new [&hellip;]<\/p>\n","protected":false},"author":2,"featured_media":446,"parent":598,"menu_order":2,"comment_status":"closed","ping_status":"closed","template":"","meta":{"footnotes":""},"class_list":["post-515","page","type-page","status-publish","has-post-thumbnail","hentry"],"acf":[],"yoast_head":"<!-- This site is optimized with the Yoast SEO plugin v26.9 - https:\/\/yoast.com\/product\/yoast-seo-wordpress\/ -->\n<title>Prague Pride Festival<\/title>\n<meta name=\"robots\" content=\"index, follow, max-snippet:-1, max-image-preview:large, max-video-preview:-1\" \/>\n<link rel=\"canonical\" href=\"https:\/\/festival.praguepride.com\/en\/support\/volunteers\/\" \/>\n<meta property=\"og:locale\" content=\"en_US\" \/>\n<meta property=\"og:type\" content=\"article\" \/>\n<meta property=\"og:site_name\" content=\"Prague Pride Festival\" \/>\n<meta property=\"article:publisher\" content=\"https:\/\/www.facebook.com\/PraguePrideCZ\" \/>\n<meta property=\"article:modified_time\" content=\"2025-07-04T07:52:41+00:00\" \/>\n<meta property=\"og:image\" content=\"https:\/\/festival.praguepride.com\/app\/uploads\/2022\/06\/2018_Pruvod_Milan-Mosna02-440x440-c-default.jpg\" \/>\n\t<meta property=\"og:image:width\" content=\"440\" \/>\n\t<meta property=\"og:image:height\" content=\"440\" \/>\n\t<meta property=\"og:image:type\" content=\"image\/jpeg\" \/>\n<meta name=\"twitter:card\" content=\"summary_large_image\" \/>\n<meta name=\"twitter:site\" content=\"@praguepride\" \/>\n<script type=\"application\/ld+json\" class=\"yoast-schema-graph\">{\"@context\":\"https:\/\/schema.org\",\"@graph\":[{\"@type\":\"WebPage\",\"@id\":\"https:\/\/festival.praguepride.com\/en\/support\/volunteers\/\",\"url\":\"https:\/\/festival.praguepride.com\/en\/support\/volunteers\/\",\"name\":\"Volunteers | Prague Pride Festival\",\"isPartOf\":{\"@id\":\"https:\/\/festival.praguepride.com\/en\/#website\"},\"primaryImageOfPage\":{\"@id\":\"https:\/\/festival.praguepride.com\/en\/support\/volunteers\/#primaryimage\"},\"image\":{\"@id\":\"https:\/\/festival.praguepride.com\/en\/support\/volunteers\/#primaryimage\"},\"thumbnailUrl\":\"https:\/\/festival.praguepride.com\/app\/uploads\/2022\/06\/2018_Pruvod_Milan-Mosna02.jpg\",\"datePublished\":\"2022-06-09T10:35:59+00:00\",\"dateModified\":\"2025-07-04T07:52:41+00:00\",\"description\":\"D\u011bkujeme n\u00e1v\u0161t\u011bvnictvu Prague Pride Festivalu 2024! Do pr\u016fvodu v\u00e1s p\u0159i\u0161lo p\u0159es 100 000. T\u011b\u0161\u00edme se na v\u00e1s na Prague Pride Festivalu 28. 7. \u2013 3. 8. 2025\",\"breadcrumb\":{\"@id\":\"https:\/\/festival.praguepride.com\/en\/support\/volunteers\/#breadcrumb\"},\"inLanguage\":\"en-US\",\"potentialAction\":[{\"@type\":\"ReadAction\",\"target\":[\"https:\/\/festival.praguepride.com\/en\/support\/volunteers\/\"]}]},{\"@type\":\"ImageObject\",\"inLanguage\":\"en-US\",\"@id\":\"https:\/\/festival.praguepride.com\/en\/support\/volunteers\/#primaryimage\",\"url\":\"https:\/\/festival.praguepride.com\/app\/uploads\/2022\/06\/2018_Pruvod_Milan-Mosna02.jpg\",\"contentUrl\":\"https:\/\/festival.praguepride.com\/app\/uploads\/2022\/06\/2018_Pruvod_Milan-Mosna02.jpg\",\"width\":2500,\"height\":1668,\"caption\":\"Mlad\u00e1 \u017eena s t\u00fdmovou visa\u010dkou nesouc\u00ed vlajku na ty\u010di.\"},{\"@type\":\"BreadcrumbList\",\"@id\":\"https:\/\/festival.praguepride.com\/en\/support\/volunteers\/#breadcrumb\",\"itemListElement\":[{\"@type\":\"ListItem\",\"position\":1,\"name\":\"Home\",\"item\":\"https:\/\/festival.praguepride.com\/en\/\"},{\"@type\":\"ListItem\",\"position\":2,\"name\":\"Collaboration\",\"item\":\"https:\/\/festival.praguepride.com\/en\/support\/\"},{\"@type\":\"ListItem\",\"position\":3,\"name\":\"Volunteers\"}]},{\"@type\":\"WebSite\",\"@id\":\"https:\/\/festival.praguepride.com\/en\/#website\",\"url\":\"https:\/\/festival.praguepride.com\/en\/\",\"name\":\"Prague Pride Festival\",\"description\":\"3\/8 - 9\/8\/2026\",\"publisher\":{\"@id\":\"https:\/\/festival.praguepride.com\/en\/#organization\"},\"potentialAction\":[{\"@type\":\"SearchAction\",\"target\":{\"@type\":\"EntryPoint\",\"urlTemplate\":\"https:\/\/festival.praguepride.com\/en\/?s={search_term_string}\"},\"query-input\":{\"@type\":\"PropertyValueSpecification\",\"valueRequired\":true,\"valueName\":\"search_term_string\"}}],\"inLanguage\":\"en-US\"},{\"@type\":\"Organization\",\"@id\":\"https:\/\/festival.praguepride.com\/en\/#organization\",\"name\":\"Prague Pride Festival\",\"url\":\"https:\/\/festival.praguepride.com\/en\/\",\"logo\":{\"@type\":\"ImageObject\",\"inLanguage\":\"en-US\",\"@id\":\"https:\/\/festival.praguepride.com\/en\/#\/schema\/logo\/image\/\",\"url\":\"https:\/\/festival.praguepride.com\/app\/uploads\/2022\/06\/favicon.png\",\"contentUrl\":\"https:\/\/festival.praguepride.com\/app\/uploads\/2022\/06\/favicon.png\",\"width\":512,\"height\":512,\"caption\":\"Prague Pride Festival\"},\"image\":{\"@id\":\"https:\/\/festival.praguepride.com\/en\/#\/schema\/logo\/image\/\"},\"sameAs\":[\"https:\/\/www.facebook.com\/PraguePrideCZ\",\"https:\/\/x.com\/praguepride\",\"https:\/\/www.instagram.com\/prague.pride\/\",\"https:\/\/www.linkedin.com\/company\/prague-pride-o.s.\/\"]}]}<\/script>\n<!-- \/ Yoast SEO plugin. -->","yoast_head_json":{"title":"Prague Pride Festival","robots":{"index":"index","follow":"follow","max-snippet":"max-snippet:-1","max-image-preview":"max-image-preview:large","max-video-preview":"max-video-preview:-1"},"canonical":"https:\/\/festival.praguepride.com\/en\/support\/volunteers\/","og_locale":"en_US","og_type":"article","og_site_name":"Prague Pride Festival","article_publisher":"https:\/\/www.facebook.com\/PraguePrideCZ","article_modified_time":"2025-07-04T07:52:41+00:00","og_image":[{"url":"https:\/\/festival.praguepride.com\/app\/uploads\/2022\/06\/2018_Pruvod_Milan-Mosna02-440x440-c-default.jpg","width":440,"height":440,"type":"image\/jpeg"}],"twitter_card":"summary_large_image","twitter_site":"@praguepride","schema":{"@context":"https:\/\/schema.org","@graph":[{"@type":"WebPage","@id":"https:\/\/festival.praguepride.com\/en\/support\/volunteers\/","url":"https:\/\/festival.praguepride.com\/en\/support\/volunteers\/","name":"Volunteers | Prague Pride Festival","isPartOf":{"@id":"https:\/\/festival.praguepride.com\/en\/#website"},"primaryImageOfPage":{"@id":"https:\/\/festival.praguepride.com\/en\/support\/volunteers\/#primaryimage"},"image":{"@id":"https:\/\/festival.praguepride.com\/en\/support\/volunteers\/#primaryimage"},"thumbnailUrl":"https:\/\/festival.praguepride.com\/app\/uploads\/2022\/06\/2018_Pruvod_Milan-Mosna02.jpg","datePublished":"2022-06-09T10:35:59+00:00","dateModified":"2025-07-04T07:52:41+00:00","description":"D\u011bkujeme n\u00e1v\u0161t\u011bvnictvu Prague Pride Festivalu 2024! Do pr\u016fvodu v\u00e1s p\u0159i\u0161lo p\u0159es 100 000. T\u011b\u0161\u00edme se na v\u00e1s na Prague Pride Festivalu 28. 7. \u2013 3. 8. 2025","breadcrumb":{"@id":"https:\/\/festival.praguepride.com\/en\/support\/volunteers\/#breadcrumb"},"inLanguage":"en-US","potentialAction":[{"@type":"ReadAction","target":["https:\/\/festival.praguepride.com\/en\/support\/volunteers\/"]}]},{"@type":"ImageObject","inLanguage":"en-US","@id":"https:\/\/festival.praguepride.com\/en\/support\/volunteers\/#primaryimage","url":"https:\/\/festival.praguepride.com\/app\/uploads\/2022\/06\/2018_Pruvod_Milan-Mosna02.jpg","contentUrl":"https:\/\/festival.praguepride.com\/app\/uploads\/2022\/06\/2018_Pruvod_Milan-Mosna02.jpg","width":2500,"height":1668,"caption":"Mlad\u00e1 \u017eena s t\u00fdmovou visa\u010dkou nesouc\u00ed vlajku na ty\u010di."},{"@type":"BreadcrumbList","@id":"https:\/\/festival.praguepride.com\/en\/support\/volunteers\/#breadcrumb","itemListElement":[{"@type":"ListItem","position":1,"name":"Home","item":"https:\/\/festival.praguepride.com\/en\/"},{"@type":"ListItem","position":2,"name":"Collaboration","item":"https:\/\/festival.praguepride.com\/en\/support\/"},{"@type":"ListItem","position":3,"name":"Volunteers"}]},{"@type":"WebSite","@id":"https:\/\/festival.praguepride.com\/en\/#website","url":"https:\/\/festival.praguepride.com\/en\/","name":"Prague Pride Festival","description":"3\/8 - 9\/8\/2026","publisher":{"@id":"https:\/\/festival.praguepride.com\/en\/#organization"},"potentialAction":[{"@type":"SearchAction","target":{"@type":"EntryPoint","urlTemplate":"https:\/\/festival.praguepride.com\/en\/?s={search_term_string}"},"query-input":{"@type":"PropertyValueSpecification","valueRequired":true,"valueName":"search_term_string"}}],"inLanguage":"en-US"},{"@type":"Organization","@id":"https:\/\/festival.praguepride.com\/en\/#organization","name":"Prague Pride Festival","url":"https:\/\/festival.praguepride.com\/en\/","logo":{"@type":"ImageObject","inLanguage":"en-US","@id":"https:\/\/festival.praguepride.com\/en\/#\/schema\/logo\/image\/","url":"https:\/\/festival.praguepride.com\/app\/uploads\/2022\/06\/favicon.png","contentUrl":"https:\/\/festival.praguepride.com\/app\/uploads\/2022\/06\/favicon.png","width":512,"height":512,"caption":"Prague Pride Festival"},"image":{"@id":"https:\/\/festival.praguepride.com\/en\/#\/schema\/logo\/image\/"},"sameAs":["https:\/\/www.facebook.com\/PraguePrideCZ","https:\/\/x.com\/praguepride","https:\/\/www.instagram.com\/prague.pride\/","https:\/\/www.linkedin.com\/company\/prague-pride-o.s.\/"]}]}},"_links":{"self":[{"href":"https:\/\/festival.praguepride.com\/en\/wp-json\/wp\/v2\/pages\/515","targetHints":{"allow":["GET"]}}],"collection":[{"href":"https:\/\/festival.praguepride.com\/en\/wp-json\/wp\/v2\/pages"}],"about":[{"href":"https:\/\/festival.praguepride.com\/en\/wp-json\/wp\/v2\/types\/page"}],"author":[{"embeddable":true,"href":"https:\/\/festival.praguepride.com\/en\/wp-json\/wp\/v2\/users\/2"}],"replies":[{"embeddable":true,"href":"https:\/\/festival.praguepride.com\/en\/wp-json\/wp\/v2\/comments?post=515"}],"version-history":[{"count":15,"href":"https:\/\/festival.praguepride.com\/en\/wp-json\/wp\/v2\/pages\/515\/revisions"}],"predecessor-version":[{"id":27882,"href":"https:\/\/festival.praguepride.com\/en\/wp-json\/wp\/v2\/pages\/515\/revisions\/27882"}],"up":[{"embeddable":true,"href":"https:\/\/festival.praguepride.com\/en\/wp-json\/wp\/v2\/pages\/598"}],"wp:featuredmedia":[{"embeddable":true,"href":"https:\/\/festival.praguepride.com\/en\/wp-json\/wp\/v2\/media\/446"}],"wp:attachment":[{"href":"https:\/\/festival.praguepride.com\/en\/wp-json\/wp\/v2\/media?parent=515"}],"curies":[{"name":"wp","href":"https:\/\/api.w.org\/{rel}","templated":true}]}}