{"id":27694,"date":"2025-06-29T15:45:25","date_gmt":"2025-06-29T13:45:25","guid":{"rendered":"https:\/\/festival.praguepride.com\/?page_id=27694"},"modified":"2026-04-07T19:00:55","modified_gmt":"2026-04-07T17:00:55","slug":"festival-partners","status":"publish","type":"page","link":"https:\/\/festival.praguepride.com\/en\/support\/festival-partners\/","title":{"rendered":"Festival partners 2026"},"content":{"rendered":"<div class=\"block\n  block--core-paragraph\n  block--align-none\n      \">\n  \n<p>The Prague Pride Festival is a&nbsp;non-profit project and as such would not be able to function without its partners. Dozens of corporate partners, private foundations, endowments and Czech and European grants and subsidies help with the realization of the festival each year.<\/p>\n\n<\/div>\n\n\n<div class=\"block\n  block--core-paragraph\n  block--align-none\n    u-pb--400  \">\n  \n<p>Furthermore, we greatly appreciate the support of many foreign embassies in the Czech Republic. Last but not least, individual donations contribute to the festival budget.<\/p>\n\n<\/div>\n\n\n<div class=\"block\n  block--acf-button-group\n  block--align-none\n  u-pt--400    \">\n  <div class=\"b-button-group b-button-group--whole\">\n            <a href=\"https:\/\/festival.praguepride.com\/en\/support\/become-a-partner-of-the-festival\/\"\n         \n         \n         class=\"b-button-group__button-wrap\">\n                <span class=\"b-button-group__button\">\n          Become a&nbsp;partner\n        <\/span>\n      <\/a>\n      <\/div>\n\n<\/div>\n\n\n<div class=\"block\n  block--acf-spacer\n  block--align-none\n      \">\n  <div class=\"b-spacer b-spacer--transparent\" style=\"height: var(--spacer-height-md);\">\n  <!-- space -->\n<\/div>\n\n<\/div>\n\n\n<div class=\"block\n  block--core-heading\n  block--align-none\n      \">\n  \n<h3 class=\"wp-block-heading\"><strong>FESTIVAL PARTNERS 2025<\/strong><\/h3>\n\n<\/div>\n\n\n<div class=\"block\n  block--core-image\n  block--align-none\n      \">\n  \n<figure class=\"wp-block-image size-large is-resized\"><img decoding=\"async\" style=\"width:1304px;height:auto\" src=\"https:\/\/festival.praguepride.com\/app\/uploads\/2025\/07\/update-loga-25_en-logo-na-webu-v-sekci-partneri-1080x0-c-default.jpeg\" alt=\"\" class=\"wp-image-28765\"><\/figure>\n\n<\/div>\n","protected":false},"excerpt":{"rendered":"<p>The Prague Pride Festival is a&nbsp;non-profit project and as such would not be able to function without its partners. Dozens of corporate partners, private foundations, endowments and Czech and European grants and subsidies help with the realization of the festival each year. Furthermore, we greatly appreciate the support of many foreign embassies in the Czech [&hellip;]<\/p>\n","protected":false},"author":11,"featured_media":0,"parent":598,"menu_order":0,"comment_status":"closed","ping_status":"closed","template":"","meta":{"footnotes":""},"class_list":["post-27694","page","type-page","status-publish","hentry"],"acf":[],"yoast_head":"<!-- This site is optimized with the Yoast SEO plugin v26.9 - https:\/\/yoast.com\/product\/yoast-seo-wordpress\/ -->\n<title>Prague Pride Festival<\/title>\n<meta name=\"robots\" content=\"index, follow, max-snippet:-1, max-image-preview:large, max-video-preview:-1\" \/>\n<link rel=\"canonical\" href=\"https:\/\/festival.praguepride.com\/en\/support\/festival-partners\/\" \/>\n<meta property=\"og:locale\" content=\"en_US\" \/>\n<meta property=\"og:type\" content=\"article\" \/>\n<meta property=\"og:site_name\" content=\"Prague Pride Festival\" \/>\n<meta property=\"article:publisher\" content=\"https:\/\/www.facebook.com\/PraguePrideCZ\" \/>\n<meta property=\"article:modified_time\" content=\"2026-04-07T17:00:55+00:00\" \/>\n<meta property=\"og:image\" content=\"https:\/\/festival.praguepride.com\/app\/uploads\/2025\/07\/update-loga-25_en-logo-na-webu-v-sekci-partneri.jpeg\" \/>\n<meta name=\"twitter:card\" content=\"summary_large_image\" \/>\n<meta name=\"twitter:site\" content=\"@praguepride\" \/>\n<script type=\"application\/ld+json\" class=\"yoast-schema-graph\">{\"@context\":\"https:\/\/schema.org\",\"@graph\":[{\"@type\":\"WebPage\",\"@id\":\"https:\/\/festival.praguepride.com\/en\/support\/festival-partners\/\",\"url\":\"https:\/\/festival.praguepride.com\/en\/support\/festival-partners\/\",\"name\":\"Festival partners 2026 | Prague Pride Festival\",\"isPartOf\":{\"@id\":\"https:\/\/festival.praguepride.com\/en\/#website\"},\"primaryImageOfPage\":{\"@id\":\"https:\/\/festival.praguepride.com\/en\/support\/festival-partners\/#primaryimage\"},\"image\":{\"@id\":\"https:\/\/festival.praguepride.com\/en\/support\/festival-partners\/#primaryimage\"},\"thumbnailUrl\":\"https:\/\/festival.praguepride.com\/app\/uploads\/2025\/07\/update-loga-25_en-logo-na-webu-v-sekci-partneri.jpeg\",\"datePublished\":\"2025-06-29T13:45:25+00:00\",\"dateModified\":\"2026-04-07T17:00:55+00:00\",\"description\":\"D\u011bkujeme n\u00e1v\u0161t\u011bvnictvu Prague Pride Festivalu 2024! Do pr\u016fvodu v\u00e1s p\u0159i\u0161lo p\u0159es 100 000. T\u011b\u0161\u00edme se na v\u00e1s na Prague Pride Festivalu 28. 7. \u2013 3. 8. 2025\",\"breadcrumb\":{\"@id\":\"https:\/\/festival.praguepride.com\/en\/support\/festival-partners\/#breadcrumb\"},\"inLanguage\":\"en-US\",\"potentialAction\":[{\"@type\":\"ReadAction\",\"target\":[\"https:\/\/festival.praguepride.com\/en\/support\/festival-partners\/\"]}]},{\"@type\":\"ImageObject\",\"inLanguage\":\"en-US\",\"@id\":\"https:\/\/festival.praguepride.com\/en\/support\/festival-partners\/#primaryimage\",\"url\":\"https:\/\/festival.praguepride.com\/app\/uploads\/2025\/07\/update-loga-25_en-logo-na-webu-v-sekci-partneri.jpeg\",\"contentUrl\":\"https:\/\/festival.praguepride.com\/app\/uploads\/2025\/07\/update-loga-25_en-logo-na-webu-v-sekci-partneri.jpeg\"},{\"@type\":\"BreadcrumbList\",\"@id\":\"https:\/\/festival.praguepride.com\/en\/support\/festival-partners\/#breadcrumb\",\"itemListElement\":[{\"@type\":\"ListItem\",\"position\":1,\"name\":\"Home\",\"item\":\"https:\/\/festival.praguepride.com\/en\/\"},{\"@type\":\"ListItem\",\"position\":2,\"name\":\"Collaboration\",\"item\":\"https:\/\/festival.praguepride.com\/en\/support\/\"},{\"@type\":\"ListItem\",\"position\":3,\"name\":\"Festival partners 2026\"}]},{\"@type\":\"WebSite\",\"@id\":\"https:\/\/festival.praguepride.com\/en\/#website\",\"url\":\"https:\/\/festival.praguepride.com\/en\/\",\"name\":\"Prague Pride Festival\",\"description\":\"3\/8 - 9\/8\/2026\",\"publisher\":{\"@id\":\"https:\/\/festival.praguepride.com\/en\/#organization\"},\"potentialAction\":[{\"@type\":\"SearchAction\",\"target\":{\"@type\":\"EntryPoint\",\"urlTemplate\":\"https:\/\/festival.praguepride.com\/en\/?s={search_term_string}\"},\"query-input\":{\"@type\":\"PropertyValueSpecification\",\"valueRequired\":true,\"valueName\":\"search_term_string\"}}],\"inLanguage\":\"en-US\"},{\"@type\":\"Organization\",\"@id\":\"https:\/\/festival.praguepride.com\/en\/#organization\",\"name\":\"Prague Pride Festival\",\"url\":\"https:\/\/festival.praguepride.com\/en\/\",\"logo\":{\"@type\":\"ImageObject\",\"inLanguage\":\"en-US\",\"@id\":\"https:\/\/festival.praguepride.com\/en\/#\/schema\/logo\/image\/\",\"url\":\"https:\/\/festival.praguepride.com\/app\/uploads\/2022\/06\/favicon.png\",\"contentUrl\":\"https:\/\/festival.praguepride.com\/app\/uploads\/2022\/06\/favicon.png\",\"width\":512,\"height\":512,\"caption\":\"Prague Pride Festival\"},\"image\":{\"@id\":\"https:\/\/festival.praguepride.com\/en\/#\/schema\/logo\/image\/\"},\"sameAs\":[\"https:\/\/www.facebook.com\/PraguePrideCZ\",\"https:\/\/x.com\/praguepride\",\"https:\/\/www.instagram.com\/prague.pride\/\",\"https:\/\/www.linkedin.com\/company\/prague-pride-o.s.\/\"]}]}<\/script>\n<!-- \/ Yoast SEO plugin. -->","yoast_head_json":{"title":"Prague Pride Festival","robots":{"index":"index","follow":"follow","max-snippet":"max-snippet:-1","max-image-preview":"max-image-preview:large","max-video-preview":"max-video-preview:-1"},"canonical":"https:\/\/festival.praguepride.com\/en\/support\/festival-partners\/","og_locale":"en_US","og_type":"article","og_site_name":"Prague Pride Festival","article_publisher":"https:\/\/www.facebook.com\/PraguePrideCZ","article_modified_time":"2026-04-07T17:00:55+00:00","og_image":[{"url":"https:\/\/festival.praguepride.com\/app\/uploads\/2025\/07\/update-loga-25_en-logo-na-webu-v-sekci-partneri.jpeg","type":"","width":"","height":""}],"twitter_card":"summary_large_image","twitter_site":"@praguepride","schema":{"@context":"https:\/\/schema.org","@graph":[{"@type":"WebPage","@id":"https:\/\/festival.praguepride.com\/en\/support\/festival-partners\/","url":"https:\/\/festival.praguepride.com\/en\/support\/festival-partners\/","name":"Festival partners 2026 | Prague Pride Festival","isPartOf":{"@id":"https:\/\/festival.praguepride.com\/en\/#website"},"primaryImageOfPage":{"@id":"https:\/\/festival.praguepride.com\/en\/support\/festival-partners\/#primaryimage"},"image":{"@id":"https:\/\/festival.praguepride.com\/en\/support\/festival-partners\/#primaryimage"},"thumbnailUrl":"https:\/\/festival.praguepride.com\/app\/uploads\/2025\/07\/update-loga-25_en-logo-na-webu-v-sekci-partneri.jpeg","datePublished":"2025-06-29T13:45:25+00:00","dateModified":"2026-04-07T17:00:55+00:00","description":"D\u011bkujeme n\u00e1v\u0161t\u011bvnictvu Prague Pride Festivalu 2024! Do pr\u016fvodu v\u00e1s p\u0159i\u0161lo p\u0159es 100 000. T\u011b\u0161\u00edme se na v\u00e1s na Prague Pride Festivalu 28. 7. \u2013 3. 8. 2025","breadcrumb":{"@id":"https:\/\/festival.praguepride.com\/en\/support\/festival-partners\/#breadcrumb"},"inLanguage":"en-US","potentialAction":[{"@type":"ReadAction","target":["https:\/\/festival.praguepride.com\/en\/support\/festival-partners\/"]}]},{"@type":"ImageObject","inLanguage":"en-US","@id":"https:\/\/festival.praguepride.com\/en\/support\/festival-partners\/#primaryimage","url":"https:\/\/festival.praguepride.com\/app\/uploads\/2025\/07\/update-loga-25_en-logo-na-webu-v-sekci-partneri.jpeg","contentUrl":"https:\/\/festival.praguepride.com\/app\/uploads\/2025\/07\/update-loga-25_en-logo-na-webu-v-sekci-partneri.jpeg"},{"@type":"BreadcrumbList","@id":"https:\/\/festival.praguepride.com\/en\/support\/festival-partners\/#breadcrumb","itemListElement":[{"@type":"ListItem","position":1,"name":"Home","item":"https:\/\/festival.praguepride.com\/en\/"},{"@type":"ListItem","position":2,"name":"Collaboration","item":"https:\/\/festival.praguepride.com\/en\/support\/"},{"@type":"ListItem","position":3,"name":"Festival partners 2026"}]},{"@type":"WebSite","@id":"https:\/\/festival.praguepride.com\/en\/#website","url":"https:\/\/festival.praguepride.com\/en\/","name":"Prague Pride Festival","description":"3\/8 - 9\/8\/2026","publisher":{"@id":"https:\/\/festival.praguepride.com\/en\/#organization"},"potentialAction":[{"@type":"SearchAction","target":{"@type":"EntryPoint","urlTemplate":"https:\/\/festival.praguepride.com\/en\/?s={search_term_string}"},"query-input":{"@type":"PropertyValueSpecification","valueRequired":true,"valueName":"search_term_string"}}],"inLanguage":"en-US"},{"@type":"Organization","@id":"https:\/\/festival.praguepride.com\/en\/#organization","name":"Prague Pride Festival","url":"https:\/\/festival.praguepride.com\/en\/","logo":{"@type":"ImageObject","inLanguage":"en-US","@id":"https:\/\/festival.praguepride.com\/en\/#\/schema\/logo\/image\/","url":"https:\/\/festival.praguepride.com\/app\/uploads\/2022\/06\/favicon.png","contentUrl":"https:\/\/festival.praguepride.com\/app\/uploads\/2022\/06\/favicon.png","width":512,"height":512,"caption":"Prague Pride Festival"},"image":{"@id":"https:\/\/festival.praguepride.com\/en\/#\/schema\/logo\/image\/"},"sameAs":["https:\/\/www.facebook.com\/PraguePrideCZ","https:\/\/x.com\/praguepride","https:\/\/www.instagram.com\/prague.pride\/","https:\/\/www.linkedin.com\/company\/prague-pride-o.s.\/"]}]}},"_links":{"self":[{"href":"https:\/\/festival.praguepride.com\/en\/wp-json\/wp\/v2\/pages\/27694","targetHints":{"allow":["GET"]}}],"collection":[{"href":"https:\/\/festival.praguepride.com\/en\/wp-json\/wp\/v2\/pages"}],"about":[{"href":"https:\/\/festival.praguepride.com\/en\/wp-json\/wp\/v2\/types\/page"}],"author":[{"embeddable":true,"href":"https:\/\/festival.praguepride.com\/en\/wp-json\/wp\/v2\/users\/11"}],"replies":[{"embeddable":true,"href":"https:\/\/festival.praguepride.com\/en\/wp-json\/wp\/v2\/comments?post=27694"}],"version-history":[{"count":7,"href":"https:\/\/festival.praguepride.com\/en\/wp-json\/wp\/v2\/pages\/27694\/revisions"}],"predecessor-version":[{"id":31559,"href":"https:\/\/festival.praguepride.com\/en\/wp-json\/wp\/v2\/pages\/27694\/revisions\/31559"}],"up":[{"embeddable":true,"href":"https:\/\/festival.praguepride.com\/en\/wp-json\/wp\/v2\/pages\/598"}],"wp:attachment":[{"href":"https:\/\/festival.praguepride.com\/en\/wp-json\/wp\/v2\/media?parent=27694"}],"curies":[{"name":"wp","href":"https:\/\/api.w.org\/{rel}","templated":true}]}}