{"id":26086,"date":"2025-05-14T10:36:46","date_gmt":"2025-05-14T08:36:46","guid":{"rendered":"https:\/\/festival.praguepride.com\/?page_id=26086"},"modified":"2025-05-14T10:40:39","modified_gmt":"2025-05-14T08:40:39","slug":"video","status":"publish","type":"page","link":"https:\/\/festival.praguepride.com\/en\/video\/","title":{"rendered":"Video"},"content":{"rendered":"<div class=\"block\n  block--core-heading\n  block--align-none\n      \">\n  \n<h3 class=\"wp-block-heading\">Prague Pride 2024 &#8211; aftermovie<\/h3>\n\n<\/div>\n\n\n<div class=\"block\n  block--core-embed\n  block--align-none\n      wp-embed-aspect-16-9 wp-has-aspect-ratio\">\n  \n<figure class=\"wp-block-embed is-type-video is-provider-youtube wp-block-embed-youtube wp-embed-aspect-16-9 wp-has-aspect-ratio\"><div class=\"wp-block-embed__wrapper\">\n<iframe loading=\"lazy\" title=\"Festival Prague Pride 2024 | aftermovie \ud83c\udff3\ufe0f\u200d\ud83c\udf08 \ud83c\udff3\ufe0f\u200d\u26a7\ufe0f \ud83e\udd70\" width=\"500\" height=\"281\" src=\"https:\/\/www.youtube.com\/embed\/w9yU75rlhXA?feature=oembed\" frameborder=\"0\" allow=\"accelerometer; autoplay; clipboard-write; encrypted-media; gyroscope; picture-in-picture; web-share\" referrerpolicy=\"strict-origin-when-cross-origin\" allowfullscreen><\/iframe>\n<\/div><\/figure>\n\n<\/div>\n\n\n<div class=\"block\n  block--core-heading\n  block--align-none\n      \">\n  \n<h3 class=\"wp-block-heading\">Prague Pride 2023 &#8211; Come Closer<\/h3>\n\n<\/div>\n\n\n<div class=\"block\n  block--core-embed\n  block--align-none\n      wp-embed-aspect-16-9 wp-has-aspect-ratio\">\n  \n<figure class=\"wp-block-embed is-type-video is-provider-youtube wp-block-embed-youtube wp-embed-aspect-16-9 wp-has-aspect-ratio\"><div class=\"wp-block-embed__wrapper\">\n<iframe loading=\"lazy\" title=\"Festival Prague Pride 2023 | official video | Come Closer \ud83c\udf08\" width=\"500\" height=\"281\" src=\"https:\/\/www.youtube.com\/embed\/0MseRST1Y-8?start=2&#038;feature=oembed\" frameborder=\"0\" allow=\"accelerometer; autoplay; clipboard-write; encrypted-media; gyroscope; picture-in-picture; web-share\" referrerpolicy=\"strict-origin-when-cross-origin\" allowfullscreen><\/iframe>\n<\/div><\/figure>\n\n<\/div>\n","protected":false},"excerpt":{"rendered":"<p>Prague Pride 2024 &#8211; aftermovie Prague Pride 2023 &#8211; Come Closer<\/p>\n","protected":false},"author":11,"featured_media":0,"parent":0,"menu_order":0,"comment_status":"closed","ping_status":"closed","template":"","meta":{"footnotes":""},"class_list":["post-26086","page","type-page","status-publish","hentry"],"acf":[],"yoast_head":"<!-- This site is optimized with the Yoast SEO plugin v27.3 - https:\/\/yoast.com\/product\/yoast-seo-wordpress\/ -->\n<title>Prague Pride Festival<\/title>\n<meta name=\"robots\" content=\"index, follow, max-snippet:-1, max-image-preview:large, max-video-preview:-1\" \/>\n<link rel=\"canonical\" href=\"https:\/\/festival.praguepride.com\/en\/video\/\" \/>\n<meta property=\"og:locale\" content=\"en_US\" \/>\n<meta property=\"og:type\" content=\"article\" \/>\n<meta property=\"og:site_name\" content=\"Prague Pride Festival\" \/>\n<meta property=\"article:publisher\" content=\"https:\/\/www.facebook.com\/PraguePrideCZ\" \/>\n<meta property=\"article:modified_time\" content=\"2025-05-14T08:40:39+00:00\" \/>\n<meta property=\"og:image\" content=\"https:\/\/festival.praguepride.com\/app\/uploads\/2022\/06\/og-image.png\" \/>\n\t<meta property=\"og:image:width\" content=\"1440\" \/>\n\t<meta property=\"og:image:height\" content=\"715\" \/>\n\t<meta property=\"og:image:type\" content=\"image\/png\" \/>\n<meta name=\"twitter:card\" content=\"summary_large_image\" \/>\n<meta name=\"twitter:site\" content=\"@praguepride\" \/>\n<script type=\"application\/ld+json\" class=\"yoast-schema-graph\">{\"@context\":\"https:\\\/\\\/schema.org\",\"@graph\":[{\"@type\":\"WebPage\",\"@id\":\"https:\\\/\\\/festival.praguepride.com\\\/en\\\/video\\\/\",\"url\":\"https:\\\/\\\/festival.praguepride.com\\\/en\\\/video\\\/\",\"name\":\"Video | Prague Pride Festival\",\"isPartOf\":{\"@id\":\"https:\\\/\\\/festival.praguepride.com\\\/en\\\/#website\"},\"datePublished\":\"2025-05-14T08:36:46+00:00\",\"dateModified\":\"2025-05-14T08:40:39+00:00\",\"description\":\"D\u011bkujeme n\u00e1v\u0161t\u011bvnictvu Prague Pride Festivalu 2024! Do pr\u016fvodu v\u00e1s p\u0159i\u0161lo p\u0159es 100 000. T\u011b\u0161\u00edme se na v\u00e1s na Prague Pride Festivalu 28. 7. \u2013 3. 8. 2025\",\"breadcrumb\":{\"@id\":\"https:\\\/\\\/festival.praguepride.com\\\/en\\\/video\\\/#breadcrumb\"},\"inLanguage\":\"en-US\",\"potentialAction\":[{\"@type\":\"ReadAction\",\"target\":[\"https:\\\/\\\/festival.praguepride.com\\\/en\\\/video\\\/\"]}]},{\"@type\":\"BreadcrumbList\",\"@id\":\"https:\\\/\\\/festival.praguepride.com\\\/en\\\/video\\\/#breadcrumb\",\"itemListElement\":[{\"@type\":\"ListItem\",\"position\":1,\"name\":\"Home\",\"item\":\"https:\\\/\\\/festival.praguepride.com\\\/en\\\/\"},{\"@type\":\"ListItem\",\"position\":2,\"name\":\"Video\"}]},{\"@type\":\"WebSite\",\"@id\":\"https:\\\/\\\/festival.praguepride.com\\\/en\\\/#website\",\"url\":\"https:\\\/\\\/festival.praguepride.com\\\/en\\\/\",\"name\":\"Prague Pride Festival\",\"description\":\"3\\\/8 - 9\\\/8\\\/2026\",\"publisher\":{\"@id\":\"https:\\\/\\\/festival.praguepride.com\\\/en\\\/#organization\"},\"potentialAction\":[{\"@type\":\"SearchAction\",\"target\":{\"@type\":\"EntryPoint\",\"urlTemplate\":\"https:\\\/\\\/festival.praguepride.com\\\/en\\\/?s={search_term_string}\"},\"query-input\":{\"@type\":\"PropertyValueSpecification\",\"valueRequired\":true,\"valueName\":\"search_term_string\"}}],\"inLanguage\":\"en-US\"},{\"@type\":\"Organization\",\"@id\":\"https:\\\/\\\/festival.praguepride.com\\\/en\\\/#organization\",\"name\":\"Prague Pride Festival\",\"url\":\"https:\\\/\\\/festival.praguepride.com\\\/en\\\/\",\"logo\":{\"@type\":\"ImageObject\",\"inLanguage\":\"en-US\",\"@id\":\"https:\\\/\\\/festival.praguepride.com\\\/en\\\/#\\\/schema\\\/logo\\\/image\\\/\",\"url\":\"https:\\\/\\\/festival.praguepride.com\\\/app\\\/uploads\\\/2022\\\/06\\\/favicon.png\",\"contentUrl\":\"https:\\\/\\\/festival.praguepride.com\\\/app\\\/uploads\\\/2022\\\/06\\\/favicon.png\",\"width\":512,\"height\":512,\"caption\":\"Prague Pride Festival\"},\"image\":{\"@id\":\"https:\\\/\\\/festival.praguepride.com\\\/en\\\/#\\\/schema\\\/logo\\\/image\\\/\"},\"sameAs\":[\"https:\\\/\\\/www.facebook.com\\\/PraguePrideCZ\",\"https:\\\/\\\/x.com\\\/praguepride\",\"https:\\\/\\\/www.instagram.com\\\/prague.pride\\\/\",\"https:\\\/\\\/www.linkedin.com\\\/company\\\/prague-pride-o.s.\\\/\"]}]}<\/script>\n<!-- \/ Yoast SEO plugin. -->","yoast_head_json":{"title":"Prague Pride Festival","robots":{"index":"index","follow":"follow","max-snippet":"max-snippet:-1","max-image-preview":"max-image-preview:large","max-video-preview":"max-video-preview:-1"},"canonical":"https:\/\/festival.praguepride.com\/en\/video\/","og_locale":"en_US","og_type":"article","og_site_name":"Prague Pride Festival","article_publisher":"https:\/\/www.facebook.com\/PraguePrideCZ","article_modified_time":"2025-05-14T08:40:39+00:00","og_image":[{"width":1440,"height":715,"url":"https:\/\/festival.praguepride.com\/app\/uploads\/2022\/06\/og-image.png","type":"image\/png"}],"twitter_card":"summary_large_image","twitter_site":"@praguepride","schema":{"@context":"https:\/\/schema.org","@graph":[{"@type":"WebPage","@id":"https:\/\/festival.praguepride.com\/en\/video\/","url":"https:\/\/festival.praguepride.com\/en\/video\/","name":"Video | Prague Pride Festival","isPartOf":{"@id":"https:\/\/festival.praguepride.com\/en\/#website"},"datePublished":"2025-05-14T08:36:46+00:00","dateModified":"2025-05-14T08:40:39+00:00","description":"D\u011bkujeme n\u00e1v\u0161t\u011bvnictvu Prague Pride Festivalu 2024! Do pr\u016fvodu v\u00e1s p\u0159i\u0161lo p\u0159es 100 000. T\u011b\u0161\u00edme se na v\u00e1s na Prague Pride Festivalu 28. 7. \u2013 3. 8. 2025","breadcrumb":{"@id":"https:\/\/festival.praguepride.com\/en\/video\/#breadcrumb"},"inLanguage":"en-US","potentialAction":[{"@type":"ReadAction","target":["https:\/\/festival.praguepride.com\/en\/video\/"]}]},{"@type":"BreadcrumbList","@id":"https:\/\/festival.praguepride.com\/en\/video\/#breadcrumb","itemListElement":[{"@type":"ListItem","position":1,"name":"Home","item":"https:\/\/festival.praguepride.com\/en\/"},{"@type":"ListItem","position":2,"name":"Video"}]},{"@type":"WebSite","@id":"https:\/\/festival.praguepride.com\/en\/#website","url":"https:\/\/festival.praguepride.com\/en\/","name":"Prague Pride Festival","description":"3\/8 - 9\/8\/2026","publisher":{"@id":"https:\/\/festival.praguepride.com\/en\/#organization"},"potentialAction":[{"@type":"SearchAction","target":{"@type":"EntryPoint","urlTemplate":"https:\/\/festival.praguepride.com\/en\/?s={search_term_string}"},"query-input":{"@type":"PropertyValueSpecification","valueRequired":true,"valueName":"search_term_string"}}],"inLanguage":"en-US"},{"@type":"Organization","@id":"https:\/\/festival.praguepride.com\/en\/#organization","name":"Prague Pride Festival","url":"https:\/\/festival.praguepride.com\/en\/","logo":{"@type":"ImageObject","inLanguage":"en-US","@id":"https:\/\/festival.praguepride.com\/en\/#\/schema\/logo\/image\/","url":"https:\/\/festival.praguepride.com\/app\/uploads\/2022\/06\/favicon.png","contentUrl":"https:\/\/festival.praguepride.com\/app\/uploads\/2022\/06\/favicon.png","width":512,"height":512,"caption":"Prague Pride Festival"},"image":{"@id":"https:\/\/festival.praguepride.com\/en\/#\/schema\/logo\/image\/"},"sameAs":["https:\/\/www.facebook.com\/PraguePrideCZ","https:\/\/x.com\/praguepride","https:\/\/www.instagram.com\/prague.pride\/","https:\/\/www.linkedin.com\/company\/prague-pride-o.s.\/"]}]}},"_links":{"self":[{"href":"https:\/\/festival.praguepride.com\/en\/wp-json\/wp\/v2\/pages\/26086","targetHints":{"allow":["GET"]}}],"collection":[{"href":"https:\/\/festival.praguepride.com\/en\/wp-json\/wp\/v2\/pages"}],"about":[{"href":"https:\/\/festival.praguepride.com\/en\/wp-json\/wp\/v2\/types\/page"}],"author":[{"embeddable":true,"href":"https:\/\/festival.praguepride.com\/en\/wp-json\/wp\/v2\/users\/11"}],"replies":[{"embeddable":true,"href":"https:\/\/festival.praguepride.com\/en\/wp-json\/wp\/v2\/comments?post=26086"}],"version-history":[{"count":1,"href":"https:\/\/festival.praguepride.com\/en\/wp-json\/wp\/v2\/pages\/26086\/revisions"}],"predecessor-version":[{"id":26087,"href":"https:\/\/festival.praguepride.com\/en\/wp-json\/wp\/v2\/pages\/26086\/revisions\/26087"}],"wp:attachment":[{"href":"https:\/\/festival.praguepride.com\/en\/wp-json\/wp\/v2\/media?parent=26086"}],"curies":[{"name":"wp","href":"https:\/\/api.w.org\/{rel}","templated":true}]}}