{"id":25703,"date":"2025-03-12T20:41:01","date_gmt":"2025-03-12T19:41:01","guid":{"rendered":"https:\/\/festival.praguepride.com\/?page_id=25703"},"modified":"2026-03-17T12:14:26","modified_gmt":"2026-03-17T11:14:26","slug":"prague-pride-festival-2025-thematic-concept","status":"publish","type":"page","link":"https:\/\/festival.praguepride.com\/en\/prague-pride-festival-2025-thematic-concept\/","title":{"rendered":"Prague Pride Festival 2025 Thematic Concept"},"content":{"rendered":"<div class=\"block\n  block--core-image\n  block--align-none\n      \">\n  \n<figure class=\"wp-block-image size-large\"><img decoding=\"async\" src=\"https:\/\/festival.praguepride.com\/app\/uploads\/2025\/03\/Jana_Kupcakova_letna.jpg\" alt=\"\" class=\"wp-image-25685\"\/><figcaption class=\"wp-element-caption\">Foto by: Jana Kup\u010d\u00e1kov\u00e1<\/figcaption><\/figure>\n\n<\/div>\n\n\n<div class=\"block\n  block--core-paragraph\n  block--align-none\n      \">\n  \n<p><strong>LGBT+ people exist.<\/strong><br>LGBT+ people exist because they have fought for their existence.<br>We exist because we have decided to exist. To describe our reality in language and carve out a&nbsp;space in society that encompasses our desires and beliefs.<br>Our existence has taken years, even centuries, to come into being.<br>Now we are here, and resistance is growing stronger.<\/p>\n\n<\/div>\n\n\n<div class=\"block\n  block--core-paragraph\n  block--align-none\n      \">\n  \n<p>Nationalist tendencies, disinformation, and propaganda are on the rise. Targeted campaigns often focus on creating and exaggerating conflicts between traditional values and LGBT+ rights, destabilizing society and fostering a&nbsp;polarized environment that fuels extremist and populist forces. This negative trend is particularly evident in Central and Eastern Europe, where right-wing populist governments use cultural and social conservatism as a&nbsp;tool to gain political support. LGBT+ rights frequently become a&nbsp;target to reinforce nationalist discourses promoted by local governments.<\/p>\n\n<\/div>\n\n\n<div class=\"block\n  block--core-paragraph\n  block--align-none\n      \">\n  \n<p>The year 2025 will see another parliamentary election in the Czech Republic.<\/p>\n\n<\/div>\n\n\n<div class=\"block\n  block--core-paragraph\n  block--align-none\n      \">\n  \n<p>While the situation for LGBT+ people is improving\u2014thanks to the adoption of a&nbsp;partnership law, the removal of the sterilization requirement for legal gender change, and the allowance for gay men to donate blood\u2014Central and Eastern Europe remains a&nbsp;hostile environment for LGBT+ individuals. This hostility threatens the Czech Republic as well.<\/p>\n\n<\/div>\n\n\n<div class=\"block\n  block--core-paragraph\n  block--align-none\n      \">\n  \n<p>This situation leads LGBT+ people to ask:<\/p>\n\n<\/div>\n\n\n<div class=\"block\n  block--core-heading\n  block--align-none\n      \">\n  \n<h2 class=\"wp-block-heading\">WHERE IS MY HOME?<\/h2>\n\n<\/div>\n\n\n<div class=\"block\n  block--core-heading\n  block--align-none\n      \">\n  \n<h3 class=\"wp-block-heading\"><strong>\u2026The Czech Republic is our home.<\/strong><\/h3>\n\n<\/div>\n\n\n<div class=\"block\n  block--core-paragraph\n  block--align-none\n      \">\n  \n<p>The history of the Czech Republic is closely tied to the ideas of freedom and resistance to oppression. From the Hussite movement to the national revival and the fight against communist dictatorship\u2014these historical events have shaped Czech identity, with equality and justice always being key principles in its formation. We see the struggle for LGBT+ rights as a&nbsp;continuation of this tradition.<\/p>\n\n<\/div>\n\n\n<div class=\"block\n  block--core-paragraph\n  block--align-none\n      \">\n  \n<p>Queer history and culture, though often suppressed or invisible, are an inseparable part of national identity and pride.<\/p>\n\n<\/div>\n\n\n<div class=\"block\n  block--core-heading\n  block--align-none\n      \">\n  \n<h3 class=\"wp-block-heading\"><strong>Home\u2026<\/strong><\/h3>\n\n<\/div>\n\n\n<div class=\"block\n  block--core-list\n  block--align-none\n      \">\n  \n<ul class=\"wp-block-list\"><div class=\"block\n  block--core-list-item\n  block--align-none\n      \">\n  \n<li>&#8220;Home is a&nbsp;more or less coherent image of a&nbsp;circle of close, familiar people connected to the material environment where one has lived for an extended period (an apartment, house, landscape), filled with a&nbsp;sense of belonging, security, and background. Home is an expression of an emotional relationship to one&#8217;s&nbsp;closest world\u2014it is the appropriation, humanization, and intimacy of this world.&#8221; ~ Sociological Encyclopedia<\/li>\n\n<\/div>\n<\/ul>\n\n<\/div>\n\n\n<div class=\"block\n  block--core-list\n  block--align-none\n      \">\n  \n<ul class=\"wp-block-list\"><div class=\"block\n  block--core-list-item\n  block--align-none\n      \">\n  \n<li>&#8220;Home is where they welcome you when you arrive.&#8221; ~ Kate\u0159ina Tu\u010dkov\u00e1<\/li>\n\n<\/div>\n<\/ul>\n\n<\/div>\n\n\n<div class=\"block\n  block--core-list\n  block--align-none\n      \">\n  \n<ul class=\"wp-block-list\"><div class=\"block\n  block--core-list-item\n  block--align-none\n      \">\n  \n<li>&#8220;Home is where I&nbsp;don\u2019t feel like going anywhere else. I&nbsp;could stay there for weeks without leaving. I&nbsp;only need books, things I&nbsp;love, things I&nbsp;need to touch\u2014stones, plants, objects from my ancestors that ended up here with me. But above all, home is Magda, my partner, the person with whom I&nbsp;have shared over thirty years of my life.&#8221; ~ Libu\u0161e Jarcovj\u00e1kov\u00e1<\/li>\n\n<\/div>\n<\/ul>\n\n<\/div>\n\n\n<div class=\"block\n  block--core-list\n  block--align-none\n      \">\n  \n<ul class=\"wp-block-list\"><div class=\"block\n  block--core-list-item\n  block--align-none\n      \">\n  \n<li>&#8220;Home is more than just a&nbsp;physical place\u2014it is a&nbsp;space where we can be accepted as we truly are.&#8221; ~ Prague Pride<\/li>\n\n<\/div>\n<\/ul>\n\n<\/div>\n\n\n<div class=\"block\n  block--core-heading\n  block--align-none\n      \">\n  \n<h3 class=\"wp-block-heading\"><strong>The Search for Home<\/strong><\/h3>\n\n<\/div>\n\n\n<div class=\"block\n  block--core-paragraph\n  block--align-none\n      \">\n  \n<p>For LGBT+ people, finding home is a&nbsp;challenge hindered by legislation, the political direction of the country, societal prejudices, family issues, and the mental health impacts of all these factors.<\/p>\n\n<\/div>\n\n\n<div class=\"block\n  block--core-paragraph\n  block--align-none\n      \">\n  \n<p>Can we have a&nbsp;home in a&nbsp;country that restricts our right to self-identification, marriage, or child adoption\u2014or in one where laws criminalize our existence?<\/p>\n\n<\/div>\n\n\n<div class=\"block\n  block--core-paragraph\n  block--align-none\n      \">\n  \n<p>Can we have a&nbsp;home in a&nbsp;society where deep-rooted prejudices against our lived experiences prevail?<\/p>\n\n<\/div>\n\n\n<div class=\"block\n  block--core-paragraph\n  block--align-none\n      \">\n  \n<p>Can we find home in communities where we are not represented?<\/p>\n\n<\/div>\n\n\n<div class=\"block\n  block--core-paragraph\n  block--align-none\n      \">\n  \n<p>Can we have a&nbsp;home in families that cast us out?<\/p>\n\n<\/div>\n\n\n<div class=\"block\n  block--core-paragraph\n  block--align-none\n      \">\n  \n<p>Can we find home when we cannot find ourselves?<\/p>\n\n<\/div>\n\n\n<div class=\"block\n  block--core-heading\n  block--align-none\n      \">\n  \n<h3 class=\"wp-block-heading\"><strong>Where is my home?<\/strong><\/h3>\n\n<\/div>\n\n\n<div class=\"block\n  block--core-paragraph\n  block--align-none\n      \">\n  \n<p>This question resonates with all of us\u2014not only because of the opening lines of the Czech national anthem. &#8220;Where is my home?&#8221; is an intimate thought, a&nbsp;deeply personal question, part of searching for one&#8217;s&nbsp;identity, place in the world, and relationship with the country in which we live.<\/p>\n\n<\/div>\n\n\n<div class=\"block\n  block--core-paragraph\n  block--align-none\n      \">\n  \n<p>The question &#8220;Where is my home?&#8221; expresses a&nbsp;fundamental human need to belong\u2014to have a&nbsp;place that provides security, stability, and shapes our identity. Home is where our roots are. Home is where we grew up. Home is where our loved ones are. Home is where we can be ourselves.<\/p>\n\n<\/div>\n\n\n<div class=\"block\n  block--core-paragraph\n  block--align-none\n      \">\n  \n<p>Where is your home?<\/p>\n\n<\/div>\n\n\n<div class=\"block\n  block--core-heading\n  block--align-none\n      \">\n  \n<h3 class=\"wp-block-heading\"><strong>Thematic Program Areas<\/strong><\/h3>\n\n<\/div>\n\n\n<div class=\"block\n  block--core-paragraph\n  block--align-none\n      \">\n  \n<p><strong>Where is my home?<\/strong><br>~ The main theme and central question of Prague Pride 2025. Where and how do LGBT+ people find home? What are the obstacles, and what helps in the process of finding home? ~<\/p>\n\n<\/div>\n\n\n<div class=\"block\n  block--core-paragraph\n  block--align-none\n      \">\n  \n<p><strong>Czechia, my home<\/strong><br>~ What is life like for LGBT+ people in the Czech Republic? What does Czechia give us, and what do we give to it? How do we change its face, and how does the Czech environment shape our life stories? ~<\/p>\n\n<\/div>\n\n\n<div class=\"block\n  block--core-paragraph\n  block--align-none\n      \">\n  \n<p><strong>Lightning Over the Tatras<\/strong><br>~ In Slovakia, storm clouds are gathering, but not for better times. This area focuses on reflecting on the situation of our neighbors, with a&nbsp;specific emphasis on the growing threats to LGBT+ people in Slovakia. ~<\/p>\n\n<\/div>\n\n\n<div class=\"block\n  block--core-paragraph\n  block--align-none\n      \">\n  \n<p><strong>When Home is Not a&nbsp;Safe Space<\/strong><br>~ When home is not a&nbsp;safe space, we can feel lost. How does the absence of security affect our mental health? How can we create safe environments for our loved ones and for children and young people? ~<\/p>\n\n<\/div>\n\n\n<div class=\"block\n  block--core-paragraph\n  block--align-none\n      \">\n  \n<p><strong>Homo, Sweet Homo<\/strong><br>~ Home is, among other things, in the details. Photos of loved ones, travel souvenirs, a&nbsp;vase inherited from ancestors. How can we shape our home to be truly &#8220;home sweet home&#8221;? ~<\/p>\n\n<\/div>\n","protected":false},"excerpt":{"rendered":"<p>LGBT+ people exist.LGBT+ people exist because they have fought for their existence.We exist because we have decided to exist. To describe our reality in language and carve out a&nbsp;space in society that encompasses our desires and beliefs.Our existence has taken years, even centuries, to come into being.Now we are here, and resistance is growing stronger. [&hellip;]<\/p>\n","protected":false},"author":11,"featured_media":0,"parent":0,"menu_order":0,"comment_status":"closed","ping_status":"closed","template":"","meta":{"footnotes":""},"class_list":["post-25703","page","type-page","status-publish","hentry"],"acf":[],"yoast_head":"<!-- This site is optimized with the Yoast SEO plugin v27.3 - https:\/\/yoast.com\/product\/yoast-seo-wordpress\/ -->\n<title>Prague Pride Festival<\/title>\n<meta name=\"robots\" content=\"index, follow, max-snippet:-1, max-image-preview:large, max-video-preview:-1\" \/>\n<link rel=\"canonical\" href=\"https:\/\/festival.praguepride.com\/en\/prague-pride-festival-2025-thematic-concept\/\" \/>\n<meta property=\"og:locale\" content=\"en_US\" \/>\n<meta property=\"og:type\" content=\"article\" \/>\n<meta property=\"og:site_name\" content=\"Prague Pride Festival\" \/>\n<meta property=\"article:publisher\" content=\"https:\/\/www.facebook.com\/PraguePrideCZ\" \/>\n<meta property=\"article:modified_time\" content=\"2026-03-17T11:14:26+00:00\" \/>\n<meta property=\"og:image\" content=\"https:\/\/festival.praguepride.com\/app\/uploads\/2025\/03\/Jana_Kupcakova_letna.jpg\" \/>\n<meta name=\"twitter:card\" content=\"summary_large_image\" \/>\n<meta name=\"twitter:site\" content=\"@praguepride\" \/>\n<script type=\"application\/ld+json\" class=\"yoast-schema-graph\">{\"@context\":\"https:\\\/\\\/schema.org\",\"@graph\":[{\"@type\":\"WebPage\",\"@id\":\"https:\\\/\\\/festival.praguepride.com\\\/en\\\/prague-pride-festival-2025-thematic-concept\\\/\",\"url\":\"https:\\\/\\\/festival.praguepride.com\\\/en\\\/prague-pride-festival-2025-thematic-concept\\\/\",\"name\":\"Prague Pride Festival 2025 Thematic Concept | Prague Pride Festival\",\"isPartOf\":{\"@id\":\"https:\\\/\\\/festival.praguepride.com\\\/en\\\/#website\"},\"primaryImageOfPage\":{\"@id\":\"https:\\\/\\\/festival.praguepride.com\\\/en\\\/prague-pride-festival-2025-thematic-concept\\\/#primaryimage\"},\"image\":{\"@id\":\"https:\\\/\\\/festival.praguepride.com\\\/en\\\/prague-pride-festival-2025-thematic-concept\\\/#primaryimage\"},\"thumbnailUrl\":\"https:\\\/\\\/festival.praguepride.com\\\/app\\\/uploads\\\/2025\\\/03\\\/Jana_Kupcakova_letna.jpg\",\"datePublished\":\"2025-03-12T19:41:01+00:00\",\"dateModified\":\"2026-03-17T11:14:26+00:00\",\"description\":\"D\u011bkujeme n\u00e1v\u0161t\u011bvnictvu Prague Pride Festivalu 2024! Do pr\u016fvodu v\u00e1s p\u0159i\u0161lo p\u0159es 100 000. T\u011b\u0161\u00edme se na v\u00e1s na Prague Pride Festivalu 28. 7. \u2013 3. 8. 2025\",\"breadcrumb\":{\"@id\":\"https:\\\/\\\/festival.praguepride.com\\\/en\\\/prague-pride-festival-2025-thematic-concept\\\/#breadcrumb\"},\"inLanguage\":\"en-US\",\"potentialAction\":[{\"@type\":\"ReadAction\",\"target\":[\"https:\\\/\\\/festival.praguepride.com\\\/en\\\/prague-pride-festival-2025-thematic-concept\\\/\"]}]},{\"@type\":\"ImageObject\",\"inLanguage\":\"en-US\",\"@id\":\"https:\\\/\\\/festival.praguepride.com\\\/en\\\/prague-pride-festival-2025-thematic-concept\\\/#primaryimage\",\"url\":\"https:\\\/\\\/festival.praguepride.com\\\/app\\\/uploads\\\/2025\\\/03\\\/Jana_Kupcakova_letna.jpg\",\"contentUrl\":\"https:\\\/\\\/festival.praguepride.com\\\/app\\\/uploads\\\/2025\\\/03\\\/Jana_Kupcakova_letna.jpg\"},{\"@type\":\"BreadcrumbList\",\"@id\":\"https:\\\/\\\/festival.praguepride.com\\\/en\\\/prague-pride-festival-2025-thematic-concept\\\/#breadcrumb\",\"itemListElement\":[{\"@type\":\"ListItem\",\"position\":1,\"name\":\"Home\",\"item\":\"https:\\\/\\\/festival.praguepride.com\\\/en\\\/\"},{\"@type\":\"ListItem\",\"position\":2,\"name\":\"Prague Pride Festival 2025 Thematic Concept\"}]},{\"@type\":\"WebSite\",\"@id\":\"https:\\\/\\\/festival.praguepride.com\\\/en\\\/#website\",\"url\":\"https:\\\/\\\/festival.praguepride.com\\\/en\\\/\",\"name\":\"Prague Pride Festival\",\"description\":\"3\\\/8 - 9\\\/8\\\/2026\",\"publisher\":{\"@id\":\"https:\\\/\\\/festival.praguepride.com\\\/en\\\/#organization\"},\"potentialAction\":[{\"@type\":\"SearchAction\",\"target\":{\"@type\":\"EntryPoint\",\"urlTemplate\":\"https:\\\/\\\/festival.praguepride.com\\\/en\\\/?s={search_term_string}\"},\"query-input\":{\"@type\":\"PropertyValueSpecification\",\"valueRequired\":true,\"valueName\":\"search_term_string\"}}],\"inLanguage\":\"en-US\"},{\"@type\":\"Organization\",\"@id\":\"https:\\\/\\\/festival.praguepride.com\\\/en\\\/#organization\",\"name\":\"Prague Pride Festival\",\"url\":\"https:\\\/\\\/festival.praguepride.com\\\/en\\\/\",\"logo\":{\"@type\":\"ImageObject\",\"inLanguage\":\"en-US\",\"@id\":\"https:\\\/\\\/festival.praguepride.com\\\/en\\\/#\\\/schema\\\/logo\\\/image\\\/\",\"url\":\"https:\\\/\\\/festival.praguepride.com\\\/app\\\/uploads\\\/2022\\\/06\\\/favicon.png\",\"contentUrl\":\"https:\\\/\\\/festival.praguepride.com\\\/app\\\/uploads\\\/2022\\\/06\\\/favicon.png\",\"width\":512,\"height\":512,\"caption\":\"Prague Pride Festival\"},\"image\":{\"@id\":\"https:\\\/\\\/festival.praguepride.com\\\/en\\\/#\\\/schema\\\/logo\\\/image\\\/\"},\"sameAs\":[\"https:\\\/\\\/www.facebook.com\\\/PraguePrideCZ\",\"https:\\\/\\\/x.com\\\/praguepride\",\"https:\\\/\\\/www.instagram.com\\\/prague.pride\\\/\",\"https:\\\/\\\/www.linkedin.com\\\/company\\\/prague-pride-o.s.\\\/\"]}]}<\/script>\n<!-- \/ Yoast SEO plugin. -->","yoast_head_json":{"title":"Prague Pride Festival","robots":{"index":"index","follow":"follow","max-snippet":"max-snippet:-1","max-image-preview":"max-image-preview:large","max-video-preview":"max-video-preview:-1"},"canonical":"https:\/\/festival.praguepride.com\/en\/prague-pride-festival-2025-thematic-concept\/","og_locale":"en_US","og_type":"article","og_site_name":"Prague Pride Festival","article_publisher":"https:\/\/www.facebook.com\/PraguePrideCZ","article_modified_time":"2026-03-17T11:14:26+00:00","og_image":[{"url":"https:\/\/festival.praguepride.com\/app\/uploads\/2025\/03\/Jana_Kupcakova_letna.jpg","type":"","width":"","height":""}],"twitter_card":"summary_large_image","twitter_site":"@praguepride","schema":{"@context":"https:\/\/schema.org","@graph":[{"@type":"WebPage","@id":"https:\/\/festival.praguepride.com\/en\/prague-pride-festival-2025-thematic-concept\/","url":"https:\/\/festival.praguepride.com\/en\/prague-pride-festival-2025-thematic-concept\/","name":"Prague Pride Festival 2025 Thematic Concept | Prague Pride Festival","isPartOf":{"@id":"https:\/\/festival.praguepride.com\/en\/#website"},"primaryImageOfPage":{"@id":"https:\/\/festival.praguepride.com\/en\/prague-pride-festival-2025-thematic-concept\/#primaryimage"},"image":{"@id":"https:\/\/festival.praguepride.com\/en\/prague-pride-festival-2025-thematic-concept\/#primaryimage"},"thumbnailUrl":"https:\/\/festival.praguepride.com\/app\/uploads\/2025\/03\/Jana_Kupcakova_letna.jpg","datePublished":"2025-03-12T19:41:01+00:00","dateModified":"2026-03-17T11:14:26+00:00","description":"D\u011bkujeme n\u00e1v\u0161t\u011bvnictvu Prague Pride Festivalu 2024! Do pr\u016fvodu v\u00e1s p\u0159i\u0161lo p\u0159es 100 000. T\u011b\u0161\u00edme se na v\u00e1s na Prague Pride Festivalu 28. 7. \u2013 3. 8. 2025","breadcrumb":{"@id":"https:\/\/festival.praguepride.com\/en\/prague-pride-festival-2025-thematic-concept\/#breadcrumb"},"inLanguage":"en-US","potentialAction":[{"@type":"ReadAction","target":["https:\/\/festival.praguepride.com\/en\/prague-pride-festival-2025-thematic-concept\/"]}]},{"@type":"ImageObject","inLanguage":"en-US","@id":"https:\/\/festival.praguepride.com\/en\/prague-pride-festival-2025-thematic-concept\/#primaryimage","url":"https:\/\/festival.praguepride.com\/app\/uploads\/2025\/03\/Jana_Kupcakova_letna.jpg","contentUrl":"https:\/\/festival.praguepride.com\/app\/uploads\/2025\/03\/Jana_Kupcakova_letna.jpg"},{"@type":"BreadcrumbList","@id":"https:\/\/festival.praguepride.com\/en\/prague-pride-festival-2025-thematic-concept\/#breadcrumb","itemListElement":[{"@type":"ListItem","position":1,"name":"Home","item":"https:\/\/festival.praguepride.com\/en\/"},{"@type":"ListItem","position":2,"name":"Prague Pride Festival 2025 Thematic Concept"}]},{"@type":"WebSite","@id":"https:\/\/festival.praguepride.com\/en\/#website","url":"https:\/\/festival.praguepride.com\/en\/","name":"Prague Pride Festival","description":"3\/8 - 9\/8\/2026","publisher":{"@id":"https:\/\/festival.praguepride.com\/en\/#organization"},"potentialAction":[{"@type":"SearchAction","target":{"@type":"EntryPoint","urlTemplate":"https:\/\/festival.praguepride.com\/en\/?s={search_term_string}"},"query-input":{"@type":"PropertyValueSpecification","valueRequired":true,"valueName":"search_term_string"}}],"inLanguage":"en-US"},{"@type":"Organization","@id":"https:\/\/festival.praguepride.com\/en\/#organization","name":"Prague Pride Festival","url":"https:\/\/festival.praguepride.com\/en\/","logo":{"@type":"ImageObject","inLanguage":"en-US","@id":"https:\/\/festival.praguepride.com\/en\/#\/schema\/logo\/image\/","url":"https:\/\/festival.praguepride.com\/app\/uploads\/2022\/06\/favicon.png","contentUrl":"https:\/\/festival.praguepride.com\/app\/uploads\/2022\/06\/favicon.png","width":512,"height":512,"caption":"Prague Pride Festival"},"image":{"@id":"https:\/\/festival.praguepride.com\/en\/#\/schema\/logo\/image\/"},"sameAs":["https:\/\/www.facebook.com\/PraguePrideCZ","https:\/\/x.com\/praguepride","https:\/\/www.instagram.com\/prague.pride\/","https:\/\/www.linkedin.com\/company\/prague-pride-o.s.\/"]}]}},"_links":{"self":[{"href":"https:\/\/festival.praguepride.com\/en\/wp-json\/wp\/v2\/pages\/25703","targetHints":{"allow":["GET"]}}],"collection":[{"href":"https:\/\/festival.praguepride.com\/en\/wp-json\/wp\/v2\/pages"}],"about":[{"href":"https:\/\/festival.praguepride.com\/en\/wp-json\/wp\/v2\/types\/page"}],"author":[{"embeddable":true,"href":"https:\/\/festival.praguepride.com\/en\/wp-json\/wp\/v2\/users\/11"}],"replies":[{"embeddable":true,"href":"https:\/\/festival.praguepride.com\/en\/wp-json\/wp\/v2\/comments?post=25703"}],"version-history":[{"count":1,"href":"https:\/\/festival.praguepride.com\/en\/wp-json\/wp\/v2\/pages\/25703\/revisions"}],"predecessor-version":[{"id":25704,"href":"https:\/\/festival.praguepride.com\/en\/wp-json\/wp\/v2\/pages\/25703\/revisions\/25704"}],"wp:attachment":[{"href":"https:\/\/festival.praguepride.com\/en\/wp-json\/wp\/v2\/media?parent=25703"}],"curies":[{"name":"wp","href":"https:\/\/api.w.org\/{rel}","templated":true}]}}