{"id":1886,"date":"2022-06-09T12:38:29","date_gmt":"2022-06-09T10:38:29","guid":{"rendered":"https:\/\/festival.praguepride.com\/contacs\/careers\/"},"modified":"2023-07-02T19:25:07","modified_gmt":"2023-07-02T17:25:07","slug":"careers","status":"publish","type":"page","link":"https:\/\/festival.praguepride.com\/en\/support\/careers\/","title":{"rendered":"Careers"},"content":{"rendered":"<div class=\"block\n  block--core-paragraph\n  block--align-none\n      \">\n  \n<p>It takes a&nbsp;lot of strength and energy to make festival this big happen. Some people from our team work on the festival all year round, many others join us few months before the event. The amount of work isn&#8217;t even through the year but increases rapidly before the festival.<\/p>\n\n<\/div>\n\n\n<div class=\"block\n  block--core-paragraph\n  block--align-none\n      \">\n  \n<p>Do you want to join the preparations of the festival? We have many <strong>voluntary and paid positions<\/strong> we urgently need to fill. If you want to help but don&#8217;t feel like the jobs fit you, you can become a&nbsp;<a href=\"https:\/\/festival.praguepride.com\/en\/support\/volunteers\/\">general volunteer<\/a>.<\/p>\n\n<\/div>\n\n\n<div class=\"block\n  block--core-paragraph\n  block--align-none\n      \">\n  \n<p>Alternatively, just send us an email to office@praguepride.com if you have an idea how to help the festival. And we will see if it makes sense for us. <\/p>\n\n<\/div>\n\n\n<div class=\"block\n  block--acf-spacer\n  block--align-none\n      \">\n  <div class=\"b-spacer b-spacer--transparent\" style=\"height: var(--spacer-height-md);\">\n  <!-- space -->\n<\/div>\n\n<\/div>\n\n\n<div class=\"block\n  block--core-heading\n  block--align-none\n      \">\n  \n<h2 class=\"wp-block-heading\">Long term positions<\/h2>\n\n<\/div>\n\n\n<div class=\"block\n  block--core-paragraph\n  block--align-none\n      \">\n  \n<p>There is no open position offered right now. <\/p>\n\n<\/div>\n\n\n<div class=\"block\n  block--acf-posts-list\n  block--align-none\n      \">\n  <article class=\"b-posts-list\">\n  <div class=\"b-posts-list__grid b-posts-list__grid--quarters\">\n      <\/div>\n  <\/article>\n\n<\/div>\n\n\n<div class=\"block\n  block--acf-spacer\n  block--align-none\n      \">\n  <div class=\"b-spacer b-spacer--transparent\" style=\"height: var(--spacer-height-md);\">\n  <!-- space -->\n<\/div>\n\n<\/div>\n\n\n<div class=\"block\n  block--core-heading\n  block--align-none\n      \">\n  \n<h2 class=\"wp-block-heading\">Short-term positions<\/h2>\n\n<\/div>\n\n\n<div class=\"block\n  block--core-paragraph\n  block--align-none\n      \">\n  \n<p>There is no open position offered right now. <\/p>\n\n<\/div>\n\n\n<div class=\"block\n  block--acf-posts-list\n  block--align-none\n      \">\n  <article class=\"b-posts-list\">\n  <div class=\"b-posts-list__grid b-posts-list__grid--quarters\">\n      <\/div>\n  <\/article>\n\n<\/div>\n","protected":false},"excerpt":{"rendered":"<p>It takes a&nbsp;lot of strength and energy to make festival this big happen. Some people from our team work on the festival all year round, many others join us few months before the event. The amount of work isn&#8217;t even through the year but increases rapidly before the festival. Do you want to join the [&hellip;]<\/p>\n","protected":false},"author":2,"featured_media":0,"parent":598,"menu_order":6,"comment_status":"closed","ping_status":"closed","template":"","meta":{"footnotes":""},"class_list":["post-1886","page","type-page","status-publish","hentry"],"acf":[],"yoast_head":"<!-- This site is optimized with the Yoast SEO plugin v26.9 - https:\/\/yoast.com\/product\/yoast-seo-wordpress\/ -->\n<title>Prague Pride Festival<\/title>\n<meta name=\"robots\" content=\"index, follow, max-snippet:-1, max-image-preview:large, max-video-preview:-1\" \/>\n<link rel=\"canonical\" href=\"https:\/\/festival.praguepride.com\/en\/support\/careers\/\" \/>\n<meta property=\"og:locale\" content=\"en_US\" \/>\n<meta property=\"og:type\" content=\"article\" \/>\n<meta property=\"og:site_name\" content=\"Prague Pride Festival\" \/>\n<meta property=\"article:publisher\" content=\"https:\/\/www.facebook.com\/PraguePrideCZ\" \/>\n<meta property=\"article:modified_time\" content=\"2023-07-02T17:25:07+00:00\" \/>\n<meta property=\"og:image\" content=\"https:\/\/festival.praguepride.com\/app\/uploads\/2022\/06\/og-image.png\" \/>\n\t<meta property=\"og:image:width\" content=\"1440\" \/>\n\t<meta property=\"og:image:height\" content=\"715\" \/>\n\t<meta property=\"og:image:type\" content=\"image\/png\" \/>\n<meta name=\"twitter:card\" content=\"summary_large_image\" \/>\n<meta name=\"twitter:site\" content=\"@praguepride\" \/>\n<script type=\"application\/ld+json\" class=\"yoast-schema-graph\">{\"@context\":\"https:\/\/schema.org\",\"@graph\":[{\"@type\":\"WebPage\",\"@id\":\"https:\/\/festival.praguepride.com\/en\/support\/careers\/\",\"url\":\"https:\/\/festival.praguepride.com\/en\/support\/careers\/\",\"name\":\"Careers | Prague Pride Festival\",\"isPartOf\":{\"@id\":\"https:\/\/festival.praguepride.com\/en\/#website\"},\"datePublished\":\"2022-06-09T10:38:29+00:00\",\"dateModified\":\"2023-07-02T17:25:07+00:00\",\"description\":\"D\u011bkujeme n\u00e1v\u0161t\u011bvnictvu Prague Pride Festivalu 2024! Do pr\u016fvodu v\u00e1s p\u0159i\u0161lo p\u0159es 100 000. T\u011b\u0161\u00edme se na v\u00e1s na Prague Pride Festivalu 28. 7. \u2013 3. 8. 2025\",\"breadcrumb\":{\"@id\":\"https:\/\/festival.praguepride.com\/en\/support\/careers\/#breadcrumb\"},\"inLanguage\":\"en-US\",\"potentialAction\":[{\"@type\":\"ReadAction\",\"target\":[\"https:\/\/festival.praguepride.com\/en\/support\/careers\/\"]}]},{\"@type\":\"BreadcrumbList\",\"@id\":\"https:\/\/festival.praguepride.com\/en\/support\/careers\/#breadcrumb\",\"itemListElement\":[{\"@type\":\"ListItem\",\"position\":1,\"name\":\"Home\",\"item\":\"https:\/\/festival.praguepride.com\/en\/\"},{\"@type\":\"ListItem\",\"position\":2,\"name\":\"Team\",\"item\":\"https:\/\/festival.praguepride.com\/en\/contacs\/\"},{\"@type\":\"ListItem\",\"position\":3,\"name\":\"Careers\"}]},{\"@type\":\"WebSite\",\"@id\":\"https:\/\/festival.praguepride.com\/en\/#website\",\"url\":\"https:\/\/festival.praguepride.com\/en\/\",\"name\":\"Prague Pride Festival\",\"description\":\"3\/8 - 9\/8\/2026\",\"publisher\":{\"@id\":\"https:\/\/festival.praguepride.com\/en\/#organization\"},\"potentialAction\":[{\"@type\":\"SearchAction\",\"target\":{\"@type\":\"EntryPoint\",\"urlTemplate\":\"https:\/\/festival.praguepride.com\/en\/?s={search_term_string}\"},\"query-input\":{\"@type\":\"PropertyValueSpecification\",\"valueRequired\":true,\"valueName\":\"search_term_string\"}}],\"inLanguage\":\"en-US\"},{\"@type\":\"Organization\",\"@id\":\"https:\/\/festival.praguepride.com\/en\/#organization\",\"name\":\"Prague Pride Festival\",\"url\":\"https:\/\/festival.praguepride.com\/en\/\",\"logo\":{\"@type\":\"ImageObject\",\"inLanguage\":\"en-US\",\"@id\":\"https:\/\/festival.praguepride.com\/en\/#\/schema\/logo\/image\/\",\"url\":\"https:\/\/festival.praguepride.com\/app\/uploads\/2022\/06\/favicon.png\",\"contentUrl\":\"https:\/\/festival.praguepride.com\/app\/uploads\/2022\/06\/favicon.png\",\"width\":512,\"height\":512,\"caption\":\"Prague Pride Festival\"},\"image\":{\"@id\":\"https:\/\/festival.praguepride.com\/en\/#\/schema\/logo\/image\/\"},\"sameAs\":[\"https:\/\/www.facebook.com\/PraguePrideCZ\",\"https:\/\/x.com\/praguepride\",\"https:\/\/www.instagram.com\/prague.pride\/\",\"https:\/\/www.linkedin.com\/company\/prague-pride-o.s.\/\"]}]}<\/script>\n<!-- \/ Yoast SEO plugin. -->","yoast_head_json":{"title":"Prague Pride Festival","robots":{"index":"index","follow":"follow","max-snippet":"max-snippet:-1","max-image-preview":"max-image-preview:large","max-video-preview":"max-video-preview:-1"},"canonical":"https:\/\/festival.praguepride.com\/en\/support\/careers\/","og_locale":"en_US","og_type":"article","og_site_name":"Prague Pride Festival","article_publisher":"https:\/\/www.facebook.com\/PraguePrideCZ","article_modified_time":"2023-07-02T17:25:07+00:00","og_image":[{"width":1440,"height":715,"url":"https:\/\/festival.praguepride.com\/app\/uploads\/2022\/06\/og-image.png","type":"image\/png"}],"twitter_card":"summary_large_image","twitter_site":"@praguepride","schema":{"@context":"https:\/\/schema.org","@graph":[{"@type":"WebPage","@id":"https:\/\/festival.praguepride.com\/en\/support\/careers\/","url":"https:\/\/festival.praguepride.com\/en\/support\/careers\/","name":"Careers | Prague Pride Festival","isPartOf":{"@id":"https:\/\/festival.praguepride.com\/en\/#website"},"datePublished":"2022-06-09T10:38:29+00:00","dateModified":"2023-07-02T17:25:07+00:00","description":"D\u011bkujeme n\u00e1v\u0161t\u011bvnictvu Prague Pride Festivalu 2024! Do pr\u016fvodu v\u00e1s p\u0159i\u0161lo p\u0159es 100 000. T\u011b\u0161\u00edme se na v\u00e1s na Prague Pride Festivalu 28. 7. \u2013 3. 8. 2025","breadcrumb":{"@id":"https:\/\/festival.praguepride.com\/en\/support\/careers\/#breadcrumb"},"inLanguage":"en-US","potentialAction":[{"@type":"ReadAction","target":["https:\/\/festival.praguepride.com\/en\/support\/careers\/"]}]},{"@type":"BreadcrumbList","@id":"https:\/\/festival.praguepride.com\/en\/support\/careers\/#breadcrumb","itemListElement":[{"@type":"ListItem","position":1,"name":"Home","item":"https:\/\/festival.praguepride.com\/en\/"},{"@type":"ListItem","position":2,"name":"Team","item":"https:\/\/festival.praguepride.com\/en\/contacs\/"},{"@type":"ListItem","position":3,"name":"Careers"}]},{"@type":"WebSite","@id":"https:\/\/festival.praguepride.com\/en\/#website","url":"https:\/\/festival.praguepride.com\/en\/","name":"Prague Pride Festival","description":"3\/8 - 9\/8\/2026","publisher":{"@id":"https:\/\/festival.praguepride.com\/en\/#organization"},"potentialAction":[{"@type":"SearchAction","target":{"@type":"EntryPoint","urlTemplate":"https:\/\/festival.praguepride.com\/en\/?s={search_term_string}"},"query-input":{"@type":"PropertyValueSpecification","valueRequired":true,"valueName":"search_term_string"}}],"inLanguage":"en-US"},{"@type":"Organization","@id":"https:\/\/festival.praguepride.com\/en\/#organization","name":"Prague Pride Festival","url":"https:\/\/festival.praguepride.com\/en\/","logo":{"@type":"ImageObject","inLanguage":"en-US","@id":"https:\/\/festival.praguepride.com\/en\/#\/schema\/logo\/image\/","url":"https:\/\/festival.praguepride.com\/app\/uploads\/2022\/06\/favicon.png","contentUrl":"https:\/\/festival.praguepride.com\/app\/uploads\/2022\/06\/favicon.png","width":512,"height":512,"caption":"Prague Pride Festival"},"image":{"@id":"https:\/\/festival.praguepride.com\/en\/#\/schema\/logo\/image\/"},"sameAs":["https:\/\/www.facebook.com\/PraguePrideCZ","https:\/\/x.com\/praguepride","https:\/\/www.instagram.com\/prague.pride\/","https:\/\/www.linkedin.com\/company\/prague-pride-o.s.\/"]}]}},"_links":{"self":[{"href":"https:\/\/festival.praguepride.com\/en\/wp-json\/wp\/v2\/pages\/1886","targetHints":{"allow":["GET"]}}],"collection":[{"href":"https:\/\/festival.praguepride.com\/en\/wp-json\/wp\/v2\/pages"}],"about":[{"href":"https:\/\/festival.praguepride.com\/en\/wp-json\/wp\/v2\/types\/page"}],"author":[{"embeddable":true,"href":"https:\/\/festival.praguepride.com\/en\/wp-json\/wp\/v2\/users\/2"}],"replies":[{"embeddable":true,"href":"https:\/\/festival.praguepride.com\/en\/wp-json\/wp\/v2\/comments?post=1886"}],"version-history":[{"count":3,"href":"https:\/\/festival.praguepride.com\/en\/wp-json\/wp\/v2\/pages\/1886\/revisions"}],"predecessor-version":[{"id":8030,"href":"https:\/\/festival.praguepride.com\/en\/wp-json\/wp\/v2\/pages\/1886\/revisions\/8030"}],"up":[{"embeddable":true,"href":"https:\/\/festival.praguepride.com\/en\/wp-json\/wp\/v2\/pages\/598"}],"wp:attachment":[{"href":"https:\/\/festival.praguepride.com\/en\/wp-json\/wp\/v2\/media?parent=1886"}],"curies":[{"name":"wp","href":"https:\/\/api.w.org\/{rel}","templated":true}]}}