{"id":17832,"date":"2024-06-09T22:27:01","date_gmt":"2024-06-09T20:27:01","guid":{"rendered":"https:\/\/festival.praguepride.com\/?page_id=17832"},"modified":"2025-06-28T13:09:44","modified_gmt":"2025-06-28T11:09:44","slug":"sustainability","status":"publish","type":"page","link":"https:\/\/festival.praguepride.com\/en\/practical-info\/sustainability\/","title":{"rendered":"Sustainability"},"content":{"rendered":"<div class=\"block\n  block--core-post-featured-image\n  block--align-none\n      \">\n  <figure class=\"wp-block-post-featured-image\"><img loading=\"lazy\" decoding=\"async\" width=\"1920\" height=\"1080\" src=\"https:\/\/festival.praguepride.com\/app\/uploads\/2022\/08\/Plechovky-srdce-Petr-Mracek-1920x1080-c-default.jpg\" class=\"attachment-large_crop size-large_crop wp-post-image\" alt=\"\" style=\"object-fit:cover;\" \/><figcaption class=\"u-fs--200 u-pt--200\"><\/figcaption><\/figure>\n<\/div>\n\n\n<div class=\"block\n  block--core-paragraph\n  block--align-none\n      \">\n  \n<p>We try to leave as much rainbow and love in Prague as possible, but as little waste as we can. We believe that sustainability should be a&nbsp;part of every organizing team&#8217;s&nbsp;mindset these days.<\/p>\n\n<\/div>\n\n\n<div class=\"block\n  block--core-list\n  block--align-none\n      \">\n  \n<ul class=\"wp-block-list\"><div class=\"block\n  block--core-list-item\n  block--align-none\n      \">\n  \n<li>That&#8217;s&nbsp;why we use <strong>returnable cups<\/strong>, and we&#8217;d be glad to see you bring your own cup from previous editions of Prague Pride or any other festival. <\/li>\n\n<\/div>\n<\/ul>\n\n<\/div>\n\n\n<div class=\"block\n  block--core-list\n  block--align-none\n      \">\n  \n<ul class=\"wp-block-list\"><div class=\"block\n  block--core-list-item\n  block--align-none\n      \">\n  \n<li>Please use the <strong>bins for sorted waste<\/strong> and think before you toss anything. We sort paper, plastics, and drink cans in cooperation with the Every Can Counts initiative.<\/li>\n\n<\/div>\n<\/ul>\n\n<\/div>\n\n\n<div class=\"block\n  block--core-list\n  block--align-none\n      \">\n  \n<ul class=\"wp-block-list\"><div class=\"block\n  block--core-list-item\n  block--align-none\n      \">\n  \n<li>Leave the car in the garage and come by public transport, on a&nbsp;shared bike, or just walk. For more info, check out the &#8220;<a href=\"https:\/\/festival.praguepride.com\/en\/practical-info\/transportation-around-prague\/\" target=\"_blank\" rel=\"noreferrer noopener\">Transportation around Prague<\/a>&#8221; section.<\/li>\n\n<\/div>\n<\/ul>\n\n<\/div>\n\n\n<div class=\"block\n  block--core-list\n  block--align-none\n      \">\n  \n<ul class=\"wp-block-list\"><div class=\"block\n  block--core-list-item\n  block--align-none\n      \">\n  \n<li>Don&#8217;t buy junk and think seriously about your consumption.<\/li>\n\n<\/div>\n<\/ul>\n\n<\/div>\n\n\n<div class=\"block\n  block--core-list\n  block--align-none\n      \">\n  \n<ul class=\"wp-block-list\"><div class=\"block\n  block--core-list-item\n  block--align-none\n      \">\n  \n<li>Don\u2019t buy a&nbsp;new costume for the parade \u2013 wear the same one as last year. Nobody remembers it anyway.<\/li>\n\n<\/div>\n<\/ul>\n\n<\/div>\n\n\n<div class=\"block\n  block--core-paragraph\n  block--align-none\n      \">\n  \n<p>Swap out the plastic sequins and glitter for biodegradable materials, and skip the confetti cannons. (This advice doesn\u2019t apply to Pride gin \u2013 it contains digestible glitter that won\u2019t stick around).<\/p>\n\n<\/div>\n","protected":false},"excerpt":{"rendered":"<p>We try to leave as much rainbow and love in Prague as possible, but as little waste as we can. We believe that sustainability should be a&nbsp;part of every organizing team&#8217;s&nbsp;mindset these days. Swap out the plastic sequins and glitter for biodegradable materials, and skip the confetti cannons. (This advice doesn\u2019t apply to Pride gin [&hellip;]<\/p>\n","protected":false},"author":11,"featured_media":2797,"parent":660,"menu_order":0,"comment_status":"closed","ping_status":"closed","template":"","meta":{"footnotes":""},"class_list":["post-17832","page","type-page","status-publish","has-post-thumbnail","hentry"],"acf":[],"yoast_head":"<!-- This site is optimized with the Yoast SEO plugin v27.3 - https:\/\/yoast.com\/product\/yoast-seo-wordpress\/ -->\n<title>Prague Pride Festival<\/title>\n<meta name=\"robots\" content=\"index, follow, max-snippet:-1, max-image-preview:large, max-video-preview:-1\" \/>\n<link rel=\"canonical\" href=\"https:\/\/festival.praguepride.com\/en\/practical-info\/sustainability\/\" \/>\n<meta property=\"og:locale\" content=\"en_US\" \/>\n<meta property=\"og:type\" content=\"article\" \/>\n<meta property=\"og:site_name\" content=\"Prague Pride Festival\" \/>\n<meta property=\"article:publisher\" content=\"https:\/\/www.facebook.com\/PraguePrideCZ\" \/>\n<meta property=\"article:modified_time\" content=\"2025-06-28T11:09:44+00:00\" \/>\n<meta property=\"og:image\" content=\"https:\/\/festival.praguepride.com\/app\/uploads\/2022\/08\/Plechovky-srdce-Petr-Mracek.jpg\" \/>\n\t<meta property=\"og:image:width\" content=\"1920\" \/>\n\t<meta property=\"og:image:height\" content=\"1282\" \/>\n\t<meta property=\"og:image:type\" content=\"image\/jpeg\" \/>\n<meta name=\"twitter:card\" content=\"summary_large_image\" \/>\n<meta name=\"twitter:site\" content=\"@praguepride\" \/>\n<script type=\"application\/ld+json\" class=\"yoast-schema-graph\">{\"@context\":\"https:\\\/\\\/schema.org\",\"@graph\":[{\"@type\":\"WebPage\",\"@id\":\"https:\\\/\\\/festival.praguepride.com\\\/en\\\/practical-info\\\/sustainability\\\/\",\"url\":\"https:\\\/\\\/festival.praguepride.com\\\/en\\\/practical-info\\\/sustainability\\\/\",\"name\":\"Sustainability | Prague Pride Festival\",\"isPartOf\":{\"@id\":\"https:\\\/\\\/festival.praguepride.com\\\/en\\\/#website\"},\"primaryImageOfPage\":{\"@id\":\"https:\\\/\\\/festival.praguepride.com\\\/en\\\/practical-info\\\/sustainability\\\/#primaryimage\"},\"image\":{\"@id\":\"https:\\\/\\\/festival.praguepride.com\\\/en\\\/practical-info\\\/sustainability\\\/#primaryimage\"},\"thumbnailUrl\":\"https:\\\/\\\/festival.praguepride.com\\\/app\\\/uploads\\\/2022\\\/08\\\/Plechovky-srdce-Petr-Mracek.jpg\",\"datePublished\":\"2024-06-09T20:27:01+00:00\",\"dateModified\":\"2025-06-28T11:09:44+00:00\",\"description\":\"D\u011bkujeme n\u00e1v\u0161t\u011bvnictvu Prague Pride Festivalu 2024! Do pr\u016fvodu v\u00e1s p\u0159i\u0161lo p\u0159es 100 000. T\u011b\u0161\u00edme se na v\u00e1s na Prague Pride Festivalu 28. 7. \u2013 3. 8. 2025\",\"breadcrumb\":{\"@id\":\"https:\\\/\\\/festival.praguepride.com\\\/en\\\/practical-info\\\/sustainability\\\/#breadcrumb\"},\"inLanguage\":\"en-US\",\"potentialAction\":[{\"@type\":\"ReadAction\",\"target\":[\"https:\\\/\\\/festival.praguepride.com\\\/en\\\/practical-info\\\/sustainability\\\/\"]}]},{\"@type\":\"ImageObject\",\"inLanguage\":\"en-US\",\"@id\":\"https:\\\/\\\/festival.praguepride.com\\\/en\\\/practical-info\\\/sustainability\\\/#primaryimage\",\"url\":\"https:\\\/\\\/festival.praguepride.com\\\/app\\\/uploads\\\/2022\\\/08\\\/Plechovky-srdce-Petr-Mracek.jpg\",\"contentUrl\":\"https:\\\/\\\/festival.praguepride.com\\\/app\\\/uploads\\\/2022\\\/08\\\/Plechovky-srdce-Petr-Mracek.jpg\",\"width\":1920,\"height\":1282},{\"@type\":\"BreadcrumbList\",\"@id\":\"https:\\\/\\\/festival.praguepride.com\\\/en\\\/practical-info\\\/sustainability\\\/#breadcrumb\",\"itemListElement\":[{\"@type\":\"ListItem\",\"position\":1,\"name\":\"Home\",\"item\":\"https:\\\/\\\/festival.praguepride.com\\\/en\\\/\"},{\"@type\":\"ListItem\",\"position\":2,\"name\":\"Practical info\",\"item\":\"https:\\\/\\\/festival.praguepride.com\\\/en\\\/practical-info\\\/\"},{\"@type\":\"ListItem\",\"position\":3,\"name\":\"Sustainability\"}]},{\"@type\":\"WebSite\",\"@id\":\"https:\\\/\\\/festival.praguepride.com\\\/en\\\/#website\",\"url\":\"https:\\\/\\\/festival.praguepride.com\\\/en\\\/\",\"name\":\"Prague Pride Festival\",\"description\":\"3\\\/8 - 9\\\/8\\\/2026\",\"publisher\":{\"@id\":\"https:\\\/\\\/festival.praguepride.com\\\/en\\\/#organization\"},\"potentialAction\":[{\"@type\":\"SearchAction\",\"target\":{\"@type\":\"EntryPoint\",\"urlTemplate\":\"https:\\\/\\\/festival.praguepride.com\\\/en\\\/?s={search_term_string}\"},\"query-input\":{\"@type\":\"PropertyValueSpecification\",\"valueRequired\":true,\"valueName\":\"search_term_string\"}}],\"inLanguage\":\"en-US\"},{\"@type\":\"Organization\",\"@id\":\"https:\\\/\\\/festival.praguepride.com\\\/en\\\/#organization\",\"name\":\"Prague Pride Festival\",\"url\":\"https:\\\/\\\/festival.praguepride.com\\\/en\\\/\",\"logo\":{\"@type\":\"ImageObject\",\"inLanguage\":\"en-US\",\"@id\":\"https:\\\/\\\/festival.praguepride.com\\\/en\\\/#\\\/schema\\\/logo\\\/image\\\/\",\"url\":\"https:\\\/\\\/festival.praguepride.com\\\/app\\\/uploads\\\/2022\\\/06\\\/favicon.png\",\"contentUrl\":\"https:\\\/\\\/festival.praguepride.com\\\/app\\\/uploads\\\/2022\\\/06\\\/favicon.png\",\"width\":512,\"height\":512,\"caption\":\"Prague Pride Festival\"},\"image\":{\"@id\":\"https:\\\/\\\/festival.praguepride.com\\\/en\\\/#\\\/schema\\\/logo\\\/image\\\/\"},\"sameAs\":[\"https:\\\/\\\/www.facebook.com\\\/PraguePrideCZ\",\"https:\\\/\\\/x.com\\\/praguepride\",\"https:\\\/\\\/www.instagram.com\\\/prague.pride\\\/\",\"https:\\\/\\\/www.linkedin.com\\\/company\\\/prague-pride-o.s.\\\/\"]}]}<\/script>\n<!-- \/ Yoast SEO plugin. -->","yoast_head_json":{"title":"Prague Pride Festival","robots":{"index":"index","follow":"follow","max-snippet":"max-snippet:-1","max-image-preview":"max-image-preview:large","max-video-preview":"max-video-preview:-1"},"canonical":"https:\/\/festival.praguepride.com\/en\/practical-info\/sustainability\/","og_locale":"en_US","og_type":"article","og_site_name":"Prague Pride Festival","article_publisher":"https:\/\/www.facebook.com\/PraguePrideCZ","article_modified_time":"2025-06-28T11:09:44+00:00","og_image":[{"width":1920,"height":1282,"url":"https:\/\/festival.praguepride.com\/app\/uploads\/2022\/08\/Plechovky-srdce-Petr-Mracek.jpg","type":"image\/jpeg"}],"twitter_card":"summary_large_image","twitter_site":"@praguepride","schema":{"@context":"https:\/\/schema.org","@graph":[{"@type":"WebPage","@id":"https:\/\/festival.praguepride.com\/en\/practical-info\/sustainability\/","url":"https:\/\/festival.praguepride.com\/en\/practical-info\/sustainability\/","name":"Sustainability | Prague Pride Festival","isPartOf":{"@id":"https:\/\/festival.praguepride.com\/en\/#website"},"primaryImageOfPage":{"@id":"https:\/\/festival.praguepride.com\/en\/practical-info\/sustainability\/#primaryimage"},"image":{"@id":"https:\/\/festival.praguepride.com\/en\/practical-info\/sustainability\/#primaryimage"},"thumbnailUrl":"https:\/\/festival.praguepride.com\/app\/uploads\/2022\/08\/Plechovky-srdce-Petr-Mracek.jpg","datePublished":"2024-06-09T20:27:01+00:00","dateModified":"2025-06-28T11:09:44+00:00","description":"D\u011bkujeme n\u00e1v\u0161t\u011bvnictvu Prague Pride Festivalu 2024! Do pr\u016fvodu v\u00e1s p\u0159i\u0161lo p\u0159es 100 000. T\u011b\u0161\u00edme se na v\u00e1s na Prague Pride Festivalu 28. 7. \u2013 3. 8. 2025","breadcrumb":{"@id":"https:\/\/festival.praguepride.com\/en\/practical-info\/sustainability\/#breadcrumb"},"inLanguage":"en-US","potentialAction":[{"@type":"ReadAction","target":["https:\/\/festival.praguepride.com\/en\/practical-info\/sustainability\/"]}]},{"@type":"ImageObject","inLanguage":"en-US","@id":"https:\/\/festival.praguepride.com\/en\/practical-info\/sustainability\/#primaryimage","url":"https:\/\/festival.praguepride.com\/app\/uploads\/2022\/08\/Plechovky-srdce-Petr-Mracek.jpg","contentUrl":"https:\/\/festival.praguepride.com\/app\/uploads\/2022\/08\/Plechovky-srdce-Petr-Mracek.jpg","width":1920,"height":1282},{"@type":"BreadcrumbList","@id":"https:\/\/festival.praguepride.com\/en\/practical-info\/sustainability\/#breadcrumb","itemListElement":[{"@type":"ListItem","position":1,"name":"Home","item":"https:\/\/festival.praguepride.com\/en\/"},{"@type":"ListItem","position":2,"name":"Practical info","item":"https:\/\/festival.praguepride.com\/en\/practical-info\/"},{"@type":"ListItem","position":3,"name":"Sustainability"}]},{"@type":"WebSite","@id":"https:\/\/festival.praguepride.com\/en\/#website","url":"https:\/\/festival.praguepride.com\/en\/","name":"Prague Pride Festival","description":"3\/8 - 9\/8\/2026","publisher":{"@id":"https:\/\/festival.praguepride.com\/en\/#organization"},"potentialAction":[{"@type":"SearchAction","target":{"@type":"EntryPoint","urlTemplate":"https:\/\/festival.praguepride.com\/en\/?s={search_term_string}"},"query-input":{"@type":"PropertyValueSpecification","valueRequired":true,"valueName":"search_term_string"}}],"inLanguage":"en-US"},{"@type":"Organization","@id":"https:\/\/festival.praguepride.com\/en\/#organization","name":"Prague Pride Festival","url":"https:\/\/festival.praguepride.com\/en\/","logo":{"@type":"ImageObject","inLanguage":"en-US","@id":"https:\/\/festival.praguepride.com\/en\/#\/schema\/logo\/image\/","url":"https:\/\/festival.praguepride.com\/app\/uploads\/2022\/06\/favicon.png","contentUrl":"https:\/\/festival.praguepride.com\/app\/uploads\/2022\/06\/favicon.png","width":512,"height":512,"caption":"Prague Pride Festival"},"image":{"@id":"https:\/\/festival.praguepride.com\/en\/#\/schema\/logo\/image\/"},"sameAs":["https:\/\/www.facebook.com\/PraguePrideCZ","https:\/\/x.com\/praguepride","https:\/\/www.instagram.com\/prague.pride\/","https:\/\/www.linkedin.com\/company\/prague-pride-o.s.\/"]}]}},"_links":{"self":[{"href":"https:\/\/festival.praguepride.com\/en\/wp-json\/wp\/v2\/pages\/17832","targetHints":{"allow":["GET"]}}],"collection":[{"href":"https:\/\/festival.praguepride.com\/en\/wp-json\/wp\/v2\/pages"}],"about":[{"href":"https:\/\/festival.praguepride.com\/en\/wp-json\/wp\/v2\/types\/page"}],"author":[{"embeddable":true,"href":"https:\/\/festival.praguepride.com\/en\/wp-json\/wp\/v2\/users\/11"}],"replies":[{"embeddable":true,"href":"https:\/\/festival.praguepride.com\/en\/wp-json\/wp\/v2\/comments?post=17832"}],"version-history":[{"count":5,"href":"https:\/\/festival.praguepride.com\/en\/wp-json\/wp\/v2\/pages\/17832\/revisions"}],"predecessor-version":[{"id":27424,"href":"https:\/\/festival.praguepride.com\/en\/wp-json\/wp\/v2\/pages\/17832\/revisions\/27424"}],"up":[{"embeddable":true,"href":"https:\/\/festival.praguepride.com\/en\/wp-json\/wp\/v2\/pages\/660"}],"wp:featuredmedia":[{"embeddable":true,"href":"https:\/\/festival.praguepride.com\/en\/wp-json\/wp\/v2\/media\/2797"}],"wp:attachment":[{"href":"https:\/\/festival.praguepride.com\/en\/wp-json\/wp\/v2\/media?parent=17832"}],"curies":[{"name":"wp","href":"https:\/\/api.w.org\/{rel}","templated":true}]}}