{"id":17823,"date":"2022-08-03T23:14:16","date_gmt":"2022-08-03T21:14:16","guid":{"rendered":"https:\/\/festival.praguepride.com\/?page_id=17823"},"modified":"2025-07-16T10:44:42","modified_gmt":"2025-07-16T08:44:42","slug":"health-at-the-festival","status":"publish","type":"page","link":"https:\/\/festival.praguepride.com\/en\/practical-info\/health-at-the-festival\/","title":{"rendered":"Health at the Festival"},"content":{"rendered":"<div class=\"block\n  block--core-post-featured-image\n  block--align-none\n      \">\n  <figure class=\"wp-block-post-featured-image\"><img loading=\"lazy\" decoding=\"async\" width=\"1920\" height=\"1080\" src=\"https:\/\/festival.praguepride.com\/app\/uploads\/2022\/08\/Testovani_sanitky_Letna2017-1-e1717962197645-1920x1080-c-default.jpg\" class=\"attachment-large_crop size-large_crop wp-post-image\" alt=\"\" style=\"object-fit:cover;\" \/><figcaption class=\"u-fs--200 u-pt--200\"><\/figcaption><\/figure>\n<\/div>\n\n\n<div class=\"block\n  block--core-paragraph\n  block--align-none\n      \">\n  \n<p>Even if you dive headfirst into the fabulous whirlwind of the Prague Pride Festival, don\u2019t forget the basics: you\u2019ve got to take care of yourself to truly enjoy the celebration and leave with joyful memories.<\/p>\n\n<\/div>\n\n\n<div class=\"block\n  block--core-paragraph\n  block--align-none\n      \">\n  \n<p><strong>We know, this is the kind of advice your mom probably gives you\u2014but guess what? She\u2019s right:<\/strong><\/p>\n\n<\/div>\n\n\n<div class=\"block\n  block--core-paragraph\n  block--align-none\n      \">\n  \n<p>Summer heat in the city is sneaky. Drink plenty of non-alcoholic fluids throughout the day. Your body loses water fast when you sweat, and dehydration is no joke\u2014you don\u2019t want to end up in the care of the medical team because you forgot to hydrate.<\/p>\n\n<\/div>\n\n\n<div class=\"block\n  block--core-paragraph\n  block--align-none\n      \">\n  \n<p>You need to eat\u2014even if you\u2019re trying to slim into that parade costume. If you skip breakfast and lunch, don\u2019t be surprised if your body gives up on the fun before you do.<\/p>\n\n<\/div>\n\n\n<div class=\"block\n  block--core-paragraph\n  block--align-none\n      \">\n  \n<p>Nothing ruins a&nbsp;festival day like falling asleep in the sun without sunscreen. Even sunburned earlobes can be a&nbsp;nightmare. Keep a&nbsp;little bottle of sunscreen with you every day unless the sky is completely overcast.<\/p>\n\n<\/div>\n\n\n<div class=\"block\n  block--core-paragraph\n  block--align-none\n      \">\n  \n<p>Wash your hands often and ideally carry some hand sanitizer. You\u2019ll be around a&nbsp;lot of people\u2014touching the same food stalls, railings, toilets\u2026 In Czechia, hepatitis A&nbsp;is currently on the rise. It\u2019s known as the \u201cdisease of dirty hands.\u201d There\u2019s no specific treatment, so good hygiene is your best defense. And yes, you should consider getting vaccinated\u2014it gives you long-term protection and Czech health insurance companies even cover a&nbsp;part the cost for their clients.<\/p>\n\n<\/div>\n\n\n<div class=\"block\n  block--core-heading\n  block--align-none\n      \">\n  \n<h3 class=\"wp-block-heading\">Mental Health<\/h3>\n\n<\/div>\n\n\n<div class=\"block\n  block--core-paragraph\n  block--align-none\n      \">\n  \n<p>Sometimes it can be the crowd, the loud music, the pressure drop before a&nbsp;storm, or just a&nbsp;bad night\u2019s sleep. If there\u2019s a&nbsp;moment when you don\u2019t feel okay, don\u2019t force it\u2014take a&nbsp;break. That\u2019s exactly what <strong>Pride HideOUT powered by Sephora<\/strong> is here for. You&#8217;ll find this mental health refuge in Pride Village and on Saturday in Pride Park. It\u2019s a&nbsp;space of calm, with cushions, earplugs, and gentle quiet. Come take a&nbsp;moment to breathe away from the noise and the people. Crisis support professionals will also be present\u2014you can lean on them if you\u2019re feeling overwhelmed or anxious.<\/p>\n\n<\/div>\n\n\n<div class=\"block\n  block--core-image\n  block--align-none\n      \">\n  \n<figure class=\"wp-block-image size-large\"><img decoding=\"async\" src=\"https:\/\/festival.praguepride.com\/app\/uploads\/2024\/06\/20230807_Zahajeni_Svobodova-6301-1280x0-c-default.jpg\" alt=\"\" class=\"wp-image-17187\"><\/figure>\n\n<\/div>\n\n\n<div class=\"block\n  block--core-heading\n  block--align-none\n      \">\n  \n<h3 class=\"wp-block-heading\">Starting the Day with a&nbsp;Clear Head<\/h3>\n\n<\/div>\n\n\n<div class=\"block\n  block--core-paragraph\n  block--align-none\n      \">\n  \n<p>You made your bed, now you gotta lie in it. On Saturday in Pride Park, a&nbsp;dedicated harm reduction team will be there to support you safely\u2014especially in the context of the dance floor and nightlife. Their goal is to help you minimize the risks connected to using legal and illegal psychoactive substances (yes, that includes alcohol too).<\/p>\n\n<\/div>\n\n\n<div class=\"block\n  block--core-paragraph\n  block--align-none\n      \">\n  \n<p>They\u2019re there to remind you to hydrate, help you find something gentle to eat that won\u2019t upset your stomach (think fruit!), and offer support if you&#8217;re not feeling well after taking any substance. If you feel unwell\u2014this is the team to turn to. They\u2019re experienced and non-judgmental.<\/p>\n\n<\/div>\n\n\n<div class=\"block\n  block--core-paragraph\n  block--align-none\n      \">\n  \n<p>And honestly? They\u2019re great to talk to even if you\u2019re just stopping by for a&nbsp;friendly chat.<\/p>\n\n<\/div>\n\n\n<div class=\"block\n  block--core-paragraph\n  block--align-none\n      \">\n  \n<p>At Letn\u00e1, you\u2019ll be looked after by <a href=\"https:\/\/progressive-ops.cz\/phr\/\" target=\"_blank\" rel=\"noreferrer noopener\">the Party Harm Reduction team<\/a> from Progressive o.p.s., and at the official afterparty Fever at Radost FX club, by the Hard&amp;Smart program from Podan\u00e9 ruce. We thank them for making the fun at Prague Pride Festival safer.<\/p>\n\n<\/div>\n\n\n<div class=\"block\n  block--core-heading\n  block--align-none\n      \">\n  \n<h3 class=\"wp-block-heading\">HIV Testing<\/h3>\n\n<\/div>\n\n\n<div class=\"block\n  block--core-paragraph\n  block--align-none\n    u-pb--400  \">\n  \n<p>The Prague Pride Festival is always a&nbsp;great opportunity to get tested and learn the latest about HIV prevention and treatment.<\/p>\n\n<\/div>\n\n\n<div class=\"block\n  block--core-image\n  block--align-none\n      \">\n  \n<figure class=\"wp-block-image size-large\"><img decoding=\"async\" src=\"https:\/\/festival.praguepride.com\/app\/uploads\/2024\/06\/20230808_Pride-Village_KHLYZINA-8083-1280x0-c-default.jpg\" alt=\"\" class=\"wp-image-17189\"><\/figure>\n\n<\/div>\n\n\n<div class=\"block\n  block--core-paragraph\n  block--align-none\n      \">\n  \n<p>From Monday to Friday, the Czech AIDS Help Society (\u010cSAP) will be running a&nbsp;testing booth in Pride Village, and on Saturday, they\u2019ll be in Pride Park at Letn\u00e1. You can get tested\u2014completely free of charge and anonymously\u2014for HIV, syphilis, and hepatitis B and C. The whole process takes just a&nbsp;few minutes, especially if you fill out the pre-test form online in advance.<\/p>\n\n<\/div>\n\n\n<div class=\"block\n  block--core-paragraph\n  block--align-none\n      \">\n  \n<p>At the booth, a&nbsp;healthcare worker will perform a&nbsp;rapid test using a&nbsp;drop of blood from your finger. You\u2019ll be identified by a&nbsp;code number\u2014no one will ask for your name. In about 30 minutes, you\u2019ll receive a&nbsp;notification on your phone that your result is available via the online system.<\/p>\n\n<\/div>\n\n\n<div class=\"block\n  block--core-paragraph\n  block--align-none\n      \">\n  \n<p>If your result isn\u2019t clearly negative, a&nbsp;venous blood sample will be taken and sent to the National Reference Laboratory for HIV\/AIDS for confirmation. This will determine whether the initial result was a&nbsp;false alarm or if treatment should begin. Don\u2019t panic\u2014most follow-up tests after a&nbsp;reactive result turn out negative.<\/p>\n\n<\/div>\n\n\n<div class=\"block\n  block--core-paragraph\n  block--align-none\n      \">\n  \n<p><strong>What exactly does a&nbsp;negative rapid test mean?<\/strong><br>Rapid tests don\u2019t detect the virus itself, but the body\u2019s response to it (antigens and antibodies). These take time to develop\u2014typically at least two months. So if you haven\u2019t been sexually abstinent or 100% protected in the past two months, a&nbsp;negative result does not guarantee you&#8217;re currently HIV-free. It only tells you that two months ago, you were. That\u2019s why people with active sex lives are encouraged to test regularly\u2014ideally every three months.<\/p>\n\n<\/div>\n\n\n<div class=\"block\n  block--acf-gallery\n  block--align-none\n      \">\n  <div class=\"b-gallery js-gallery\">\n      <a\n      href=\"https:\/\/festival.praguepride.com\/app\/uploads\/2022\/08\/Testovani_reakce-1-1920x0-c-default.jpg\"\n      data-barba-prevent>\n      <figure class=\"b-gallery__item\">\n        <img decoding=\"async\" srcset=\"https:\/\/festival.praguepride.com\/app\/uploads\/2022\/08\/Testovani_reakce-1-220x220-c-default.jpg 220w, https:\/\/festival.praguepride.com\/app\/uploads\/2022\/08\/Testovani_reakce-1-440x440-c-default.jpg 440w\" src=\"data:image\/gif;base64,R0lGODlhAQABAIAAAAAAAP\/\/\/yH5BAEAAAAALAAAAAABAAEAAAIBRAA7\"\n          class=\"b-gallery__thumbnail\"\n          loading=\"lazy\"\n          width=\"512\"\n          height=\"512\"\n          alt=\"Testov\u00e1n\u00ed_reakce\"\/>\n      <\/figure>\n    <\/a>\n      <a\n      href=\"https:\/\/festival.praguepride.com\/app\/uploads\/2022\/08\/Testovani_prst2-1-1920x0-c-default.jpg\"\n      data-barba-prevent>\n      <figure class=\"b-gallery__item\">\n        <img decoding=\"async\" srcset=\"https:\/\/festival.praguepride.com\/app\/uploads\/2022\/08\/Testovani_prst2-1-220x220-c-default.jpg 220w, https:\/\/festival.praguepride.com\/app\/uploads\/2022\/08\/Testovani_prst2-1-440x440-c-default.jpg 440w\" src=\"data:image\/gif;base64,R0lGODlhAQABAIAAAAAAAP\/\/\/yH5BAEAAAAALAAAAAABAAEAAAIBRAA7\"\n          class=\"b-gallery__thumbnail\"\n          loading=\"lazy\"\n          width=\"512\"\n          height=\"512\"\n          alt=\"Testov\u00e1n\u00ed_prst2\"\/>\n      <\/figure>\n    <\/a>\n      <a\n      href=\"https:\/\/festival.praguepride.com\/app\/uploads\/2022\/08\/Testovani_prst-1-1920x0-c-default.jpg\"\n      data-barba-prevent>\n      <figure class=\"b-gallery__item\">\n        <img decoding=\"async\" srcset=\"https:\/\/festival.praguepride.com\/app\/uploads\/2022\/08\/Testovani_prst-1-220x220-c-default.jpg 220w, https:\/\/festival.praguepride.com\/app\/uploads\/2022\/08\/Testovani_prst-1-440x440-c-default.jpg 440w\" src=\"data:image\/gif;base64,R0lGODlhAQABAIAAAAAAAP\/\/\/yH5BAEAAAAALAAAAAABAAEAAAIBRAA7\"\n          class=\"b-gallery__thumbnail\"\n          loading=\"lazy\"\n          width=\"512\"\n          height=\"512\"\n          alt=\"Testov\u00e1n\u00ed_prst\"\/>\n      <\/figure>\n    <\/a>\n      <a\n      href=\"https:\/\/festival.praguepride.com\/app\/uploads\/2022\/08\/Testovani_personal-1-1920x0-c-default.jpg\"\n      data-barba-prevent>\n      <figure class=\"b-gallery__item\">\n        <img decoding=\"async\" srcset=\"https:\/\/festival.praguepride.com\/app\/uploads\/2022\/08\/Testovani_personal-1-220x220-c-default.jpg 220w, https:\/\/festival.praguepride.com\/app\/uploads\/2022\/08\/Testovani_personal-1-440x440-c-default.jpg 440w\" src=\"data:image\/gif;base64,R0lGODlhAQABAIAAAAAAAP\/\/\/yH5BAEAAAAALAAAAAABAAEAAAIBRAA7\"\n          class=\"b-gallery__thumbnail\"\n          loading=\"lazy\"\n          width=\"512\"\n          height=\"512\"\n          alt=\"Testov\u00e1n\u00ed_person\u00e1l\"\/>\n      <\/figure>\n    <\/a>\n  <\/div>\n\n<\/div>\n\n\n<div class=\"block\n  block--core-heading\n  block--align-none\n      \">\n  \n<h3 class=\"wp-block-heading\">HIV Prevention\u2014During the Festival and Beyond<\/h3>\n\n<\/div>\n\n\n<div class=\"block\n  block--core-paragraph\n  block--align-none\n      \">\n  \n<p>If HIV is detected early and treated with modern antiretroviral medication, a&nbsp;person can live a&nbsp;long and healthy life, just like anyone else. There\u2019s no reason to avoid testing out of fear. Quite the opposite\u2014it\u2019s empowering to know your status and take control.<\/p>\n\n<\/div>\n\n\n<div class=\"block\n  block--core-paragraph\n  block--align-none\n      \">\n  \n<p>Recently, HIV transmission has also been rising among heterosexual people (no, it\u2019s not due to refugees from Ukraine). We&#8217;re all at some level of risk.<\/p>\n\n<\/div>\n\n\n<div class=\"block\n  block--core-paragraph\n  block--align-none\n      \">\n  \n<p>Many sexual activities carry zero or minimal risk\u2014like kissing, oral sex, or mutual masturbation.<br>However, unprotected anal sex carries up to 20 times higher risk than vaginal sex.<\/p>\n\n<\/div>\n\n\n<div class=\"block\n  block--core-paragraph\n  block--align-none\n    u-pb--400  \">\n  \n<p>You can protect yourself from HIV by:<\/p>\n\n<\/div>\n\n\n<div class=\"block\n  block--core-list\n  block--align-none\n      \">\n  \n<ul class=\"wp-block-list\"><div class=\"block\n  block--core-list-item\n  block--align-none\n      \">\n  \n<li>Using condoms (Durex condoms are available for free at all festival venues)<\/li>\n\n<\/div>\n\n\n<div class=\"block\n  block--core-list-item\n  block--align-none\n      \">\n  \n<li>Taking PrEP (pre-exposure prophylaxis\u2014a preventive medication that blocks HIV transmission if the virus enters your body). Learn more at www.chiprep.cz<\/li>\n\n<\/div>\n\n\n<div class=\"block\n  block--core-list-item\n  block--align-none\n      \">\n  \n<li>Having sex with someone living with HIV who has had an undetectable viral load for at least six months. Such people cannot transmit the virus. Most HIV-positive people on treatment in Czechia are non-infectious.<\/li>\n\n<\/div>\n\n\n<div class=\"block\n  block--core-list-item\n  block--align-none\n      \">\n  \n<li>Taking PEP (post-exposure prophylaxis). If you had a&nbsp;risky encounter, you can take a&nbsp;72-hour emergency treatment of antiretroviral medication to stop HIV from spreading in your body. PEP must be prescribed by a&nbsp;doctor\u2014it\u2019s not available over the counter like emergency contraception. It\u2019s not covered by insurance and costs around CZK 5000. And timing is crucial\u2014don\u2019t delay.<\/li>\n\n<\/div>\n<\/ul>\n\n<\/div>\n\n\n<div class=\"block\n  block--core-paragraph\n  block--align-none\n      \">\n  \n<p><strong>Remember: HIV isn\u2019t the only STI. PrEP and PEP don\u2019t protect against other infections like syphilis, hepatitis B\/C, gonorrhea, HPV, chlamydia, and more.<\/strong><\/p>\n\n<\/div>\n","protected":false},"excerpt":{"rendered":"<p>Even if you dive headfirst into the fabulous whirlwind of the Prague Pride Festival, don\u2019t forget the basics: you\u2019ve got to take care of yourself to truly enjoy the celebration and leave with joyful memories. We know, this is the kind of advice your mom probably gives you\u2014but guess what? She\u2019s right: Summer heat in [&hellip;]<\/p>\n","protected":false},"author":11,"featured_media":2928,"parent":660,"menu_order":3,"comment_status":"closed","ping_status":"closed","template":"","meta":{"footnotes":""},"class_list":["post-17823","page","type-page","status-publish","has-post-thumbnail","hentry"],"acf":[],"yoast_head":"<!-- This site is optimized with the Yoast SEO plugin v27.3 - https:\/\/yoast.com\/product\/yoast-seo-wordpress\/ -->\n<title>Prague Pride Festival<\/title>\n<meta name=\"robots\" content=\"index, follow, max-snippet:-1, max-image-preview:large, max-video-preview:-1\" \/>\n<link rel=\"canonical\" href=\"https:\/\/festival.praguepride.com\/en\/practical-info\/health-at-the-festival\/\" \/>\n<meta property=\"og:locale\" content=\"en_US\" \/>\n<meta property=\"og:type\" content=\"article\" \/>\n<meta property=\"og:site_name\" content=\"Prague Pride Festival\" \/>\n<meta property=\"article:publisher\" content=\"https:\/\/www.facebook.com\/PraguePrideCZ\" \/>\n<meta property=\"article:modified_time\" content=\"2025-07-16T08:44:42+00:00\" \/>\n<meta property=\"og:image\" content=\"https:\/\/festival.praguepride.com\/app\/uploads\/2022\/08\/Testovani_sanitky_Letna2017-1-e1717962197645.jpg\" \/>\n\t<meta property=\"og:image:width\" content=\"1526\" \/>\n\t<meta property=\"og:image:height\" content=\"1017\" \/>\n\t<meta property=\"og:image:type\" content=\"image\/jpeg\" \/>\n<meta name=\"twitter:card\" content=\"summary_large_image\" \/>\n<meta name=\"twitter:site\" content=\"@praguepride\" \/>\n<script type=\"application\/ld+json\" class=\"yoast-schema-graph\">{\"@context\":\"https:\\\/\\\/schema.org\",\"@graph\":[{\"@type\":\"WebPage\",\"@id\":\"https:\\\/\\\/festival.praguepride.com\\\/en\\\/practical-info\\\/health-at-the-festival\\\/\",\"url\":\"https:\\\/\\\/festival.praguepride.com\\\/en\\\/practical-info\\\/health-at-the-festival\\\/\",\"name\":\"Health at the Festival | Prague Pride Festival\",\"isPartOf\":{\"@id\":\"https:\\\/\\\/festival.praguepride.com\\\/en\\\/#website\"},\"primaryImageOfPage\":{\"@id\":\"https:\\\/\\\/festival.praguepride.com\\\/en\\\/practical-info\\\/health-at-the-festival\\\/#primaryimage\"},\"image\":{\"@id\":\"https:\\\/\\\/festival.praguepride.com\\\/en\\\/practical-info\\\/health-at-the-festival\\\/#primaryimage\"},\"thumbnailUrl\":\"https:\\\/\\\/festival.praguepride.com\\\/app\\\/uploads\\\/2022\\\/08\\\/Testovani_sanitky_Letna2017-1-e1717962197645.jpg\",\"datePublished\":\"2022-08-03T21:14:16+00:00\",\"dateModified\":\"2025-07-16T08:44:42+00:00\",\"description\":\"D\u011bkujeme n\u00e1v\u0161t\u011bvnictvu Prague Pride Festivalu 2024! Do pr\u016fvodu v\u00e1s p\u0159i\u0161lo p\u0159es 100 000. T\u011b\u0161\u00edme se na v\u00e1s na Prague Pride Festivalu 28. 7. \u2013 3. 8. 2025\",\"breadcrumb\":{\"@id\":\"https:\\\/\\\/festival.praguepride.com\\\/en\\\/practical-info\\\/health-at-the-festival\\\/#breadcrumb\"},\"inLanguage\":\"en-US\",\"potentialAction\":[{\"@type\":\"ReadAction\",\"target\":[\"https:\\\/\\\/festival.praguepride.com\\\/en\\\/practical-info\\\/health-at-the-festival\\\/\"]}]},{\"@type\":\"ImageObject\",\"inLanguage\":\"en-US\",\"@id\":\"https:\\\/\\\/festival.praguepride.com\\\/en\\\/practical-info\\\/health-at-the-festival\\\/#primaryimage\",\"url\":\"https:\\\/\\\/festival.praguepride.com\\\/app\\\/uploads\\\/2022\\\/08\\\/Testovani_sanitky_Letna2017-1-e1717962197645.jpg\",\"contentUrl\":\"https:\\\/\\\/festival.praguepride.com\\\/app\\\/uploads\\\/2022\\\/08\\\/Testovani_sanitky_Letna2017-1-e1717962197645.jpg\",\"width\":1526,\"height\":1017},{\"@type\":\"BreadcrumbList\",\"@id\":\"https:\\\/\\\/festival.praguepride.com\\\/en\\\/practical-info\\\/health-at-the-festival\\\/#breadcrumb\",\"itemListElement\":[{\"@type\":\"ListItem\",\"position\":1,\"name\":\"Home\",\"item\":\"https:\\\/\\\/festival.praguepride.com\\\/en\\\/\"},{\"@type\":\"ListItem\",\"position\":2,\"name\":\"Practical info\",\"item\":\"https:\\\/\\\/festival.praguepride.com\\\/en\\\/practical-info\\\/\"},{\"@type\":\"ListItem\",\"position\":3,\"name\":\"Health at the Festival\"}]},{\"@type\":\"WebSite\",\"@id\":\"https:\\\/\\\/festival.praguepride.com\\\/en\\\/#website\",\"url\":\"https:\\\/\\\/festival.praguepride.com\\\/en\\\/\",\"name\":\"Prague Pride Festival\",\"description\":\"3\\\/8 - 9\\\/8\\\/2026\",\"publisher\":{\"@id\":\"https:\\\/\\\/festival.praguepride.com\\\/en\\\/#organization\"},\"potentialAction\":[{\"@type\":\"SearchAction\",\"target\":{\"@type\":\"EntryPoint\",\"urlTemplate\":\"https:\\\/\\\/festival.praguepride.com\\\/en\\\/?s={search_term_string}\"},\"query-input\":{\"@type\":\"PropertyValueSpecification\",\"valueRequired\":true,\"valueName\":\"search_term_string\"}}],\"inLanguage\":\"en-US\"},{\"@type\":\"Organization\",\"@id\":\"https:\\\/\\\/festival.praguepride.com\\\/en\\\/#organization\",\"name\":\"Prague Pride Festival\",\"url\":\"https:\\\/\\\/festival.praguepride.com\\\/en\\\/\",\"logo\":{\"@type\":\"ImageObject\",\"inLanguage\":\"en-US\",\"@id\":\"https:\\\/\\\/festival.praguepride.com\\\/en\\\/#\\\/schema\\\/logo\\\/image\\\/\",\"url\":\"https:\\\/\\\/festival.praguepride.com\\\/app\\\/uploads\\\/2022\\\/06\\\/favicon.png\",\"contentUrl\":\"https:\\\/\\\/festival.praguepride.com\\\/app\\\/uploads\\\/2022\\\/06\\\/favicon.png\",\"width\":512,\"height\":512,\"caption\":\"Prague Pride Festival\"},\"image\":{\"@id\":\"https:\\\/\\\/festival.praguepride.com\\\/en\\\/#\\\/schema\\\/logo\\\/image\\\/\"},\"sameAs\":[\"https:\\\/\\\/www.facebook.com\\\/PraguePrideCZ\",\"https:\\\/\\\/x.com\\\/praguepride\",\"https:\\\/\\\/www.instagram.com\\\/prague.pride\\\/\",\"https:\\\/\\\/www.linkedin.com\\\/company\\\/prague-pride-o.s.\\\/\"]}]}<\/script>\n<!-- \/ Yoast SEO plugin. -->","yoast_head_json":{"title":"Prague Pride Festival","robots":{"index":"index","follow":"follow","max-snippet":"max-snippet:-1","max-image-preview":"max-image-preview:large","max-video-preview":"max-video-preview:-1"},"canonical":"https:\/\/festival.praguepride.com\/en\/practical-info\/health-at-the-festival\/","og_locale":"en_US","og_type":"article","og_site_name":"Prague Pride Festival","article_publisher":"https:\/\/www.facebook.com\/PraguePrideCZ","article_modified_time":"2025-07-16T08:44:42+00:00","og_image":[{"width":1526,"height":1017,"url":"https:\/\/festival.praguepride.com\/app\/uploads\/2022\/08\/Testovani_sanitky_Letna2017-1-e1717962197645.jpg","type":"image\/jpeg"}],"twitter_card":"summary_large_image","twitter_site":"@praguepride","schema":{"@context":"https:\/\/schema.org","@graph":[{"@type":"WebPage","@id":"https:\/\/festival.praguepride.com\/en\/practical-info\/health-at-the-festival\/","url":"https:\/\/festival.praguepride.com\/en\/practical-info\/health-at-the-festival\/","name":"Health at the Festival | Prague Pride Festival","isPartOf":{"@id":"https:\/\/festival.praguepride.com\/en\/#website"},"primaryImageOfPage":{"@id":"https:\/\/festival.praguepride.com\/en\/practical-info\/health-at-the-festival\/#primaryimage"},"image":{"@id":"https:\/\/festival.praguepride.com\/en\/practical-info\/health-at-the-festival\/#primaryimage"},"thumbnailUrl":"https:\/\/festival.praguepride.com\/app\/uploads\/2022\/08\/Testovani_sanitky_Letna2017-1-e1717962197645.jpg","datePublished":"2022-08-03T21:14:16+00:00","dateModified":"2025-07-16T08:44:42+00:00","description":"D\u011bkujeme n\u00e1v\u0161t\u011bvnictvu Prague Pride Festivalu 2024! Do pr\u016fvodu v\u00e1s p\u0159i\u0161lo p\u0159es 100 000. T\u011b\u0161\u00edme se na v\u00e1s na Prague Pride Festivalu 28. 7. \u2013 3. 8. 2025","breadcrumb":{"@id":"https:\/\/festival.praguepride.com\/en\/practical-info\/health-at-the-festival\/#breadcrumb"},"inLanguage":"en-US","potentialAction":[{"@type":"ReadAction","target":["https:\/\/festival.praguepride.com\/en\/practical-info\/health-at-the-festival\/"]}]},{"@type":"ImageObject","inLanguage":"en-US","@id":"https:\/\/festival.praguepride.com\/en\/practical-info\/health-at-the-festival\/#primaryimage","url":"https:\/\/festival.praguepride.com\/app\/uploads\/2022\/08\/Testovani_sanitky_Letna2017-1-e1717962197645.jpg","contentUrl":"https:\/\/festival.praguepride.com\/app\/uploads\/2022\/08\/Testovani_sanitky_Letna2017-1-e1717962197645.jpg","width":1526,"height":1017},{"@type":"BreadcrumbList","@id":"https:\/\/festival.praguepride.com\/en\/practical-info\/health-at-the-festival\/#breadcrumb","itemListElement":[{"@type":"ListItem","position":1,"name":"Home","item":"https:\/\/festival.praguepride.com\/en\/"},{"@type":"ListItem","position":2,"name":"Practical info","item":"https:\/\/festival.praguepride.com\/en\/practical-info\/"},{"@type":"ListItem","position":3,"name":"Health at the Festival"}]},{"@type":"WebSite","@id":"https:\/\/festival.praguepride.com\/en\/#website","url":"https:\/\/festival.praguepride.com\/en\/","name":"Prague Pride Festival","description":"3\/8 - 9\/8\/2026","publisher":{"@id":"https:\/\/festival.praguepride.com\/en\/#organization"},"potentialAction":[{"@type":"SearchAction","target":{"@type":"EntryPoint","urlTemplate":"https:\/\/festival.praguepride.com\/en\/?s={search_term_string}"},"query-input":{"@type":"PropertyValueSpecification","valueRequired":true,"valueName":"search_term_string"}}],"inLanguage":"en-US"},{"@type":"Organization","@id":"https:\/\/festival.praguepride.com\/en\/#organization","name":"Prague Pride Festival","url":"https:\/\/festival.praguepride.com\/en\/","logo":{"@type":"ImageObject","inLanguage":"en-US","@id":"https:\/\/festival.praguepride.com\/en\/#\/schema\/logo\/image\/","url":"https:\/\/festival.praguepride.com\/app\/uploads\/2022\/06\/favicon.png","contentUrl":"https:\/\/festival.praguepride.com\/app\/uploads\/2022\/06\/favicon.png","width":512,"height":512,"caption":"Prague Pride Festival"},"image":{"@id":"https:\/\/festival.praguepride.com\/en\/#\/schema\/logo\/image\/"},"sameAs":["https:\/\/www.facebook.com\/PraguePrideCZ","https:\/\/x.com\/praguepride","https:\/\/www.instagram.com\/prague.pride\/","https:\/\/www.linkedin.com\/company\/prague-pride-o.s.\/"]}]}},"_links":{"self":[{"href":"https:\/\/festival.praguepride.com\/en\/wp-json\/wp\/v2\/pages\/17823","targetHints":{"allow":["GET"]}}],"collection":[{"href":"https:\/\/festival.praguepride.com\/en\/wp-json\/wp\/v2\/pages"}],"about":[{"href":"https:\/\/festival.praguepride.com\/en\/wp-json\/wp\/v2\/types\/page"}],"author":[{"embeddable":true,"href":"https:\/\/festival.praguepride.com\/en\/wp-json\/wp\/v2\/users\/11"}],"replies":[{"embeddable":true,"href":"https:\/\/festival.praguepride.com\/en\/wp-json\/wp\/v2\/comments?post=17823"}],"version-history":[{"count":8,"href":"https:\/\/festival.praguepride.com\/en\/wp-json\/wp\/v2\/pages\/17823\/revisions"}],"predecessor-version":[{"id":28083,"href":"https:\/\/festival.praguepride.com\/en\/wp-json\/wp\/v2\/pages\/17823\/revisions\/28083"}],"up":[{"embeddable":true,"href":"https:\/\/festival.praguepride.com\/en\/wp-json\/wp\/v2\/pages\/660"}],"wp:featuredmedia":[{"embeddable":true,"href":"https:\/\/festival.praguepride.com\/en\/wp-json\/wp\/v2\/media\/2928"}],"wp:attachment":[{"href":"https:\/\/festival.praguepride.com\/en\/wp-json\/wp\/v2\/media?parent=17823"}],"curies":[{"name":"wp","href":"https:\/\/api.w.org\/{rel}","templated":true}]}}