{"id":17749,"date":"2024-06-21T23:54:59","date_gmt":"2024-06-21T21:54:59","guid":{"rendered":"https:\/\/festival.praguepride.com\/?page_id=17749"},"modified":"2025-07-24T13:02:43","modified_gmt":"2025-07-24T11:02:43","slug":"vip-zone","status":"publish","type":"page","link":"https:\/\/festival.praguepride.com\/en\/vip-zone\/","title":{"rendered":"VIP Zone by Pride Business Forum"},"content":{"rendered":"<div class=\"block\n  block--core-post-featured-image\n  block--align-none\n      \">\n  <figure class=\"wp-block-post-featured-image\"><img loading=\"lazy\" decoding=\"async\" width=\"1920\" height=\"1080\" src=\"https:\/\/festival.praguepride.com\/app\/uploads\/2024\/06\/Partners-Zone_Leah-Takata-44-1920x1080-c-default.jpg\" class=\"attachment-large_crop size-large_crop wp-post-image\" alt=\"\" style=\"object-fit:cover;\" \/><figcaption class=\"u-fs--200 u-pt--200\"><\/figcaption><\/figure>\n<\/div>\n\n\n<div class=\"block\n  block--core-paragraph\n  block--align-none\n      \">\n  \n<p>Maybe you\u2019re one of those people who\u2019d never sit in the grass among the ants\u2014or maybe you just expect a&nbsp;bit of special treatment. Maybe you\u2019re arriving at Letn\u00e1 in fabulous heels. Or maybe you\u2019d love to chat with leading figures of Czech queer activism, representatives of festival partners, and performers from our stages. Or perhaps you\u2019re simply the biggest sweetheart and want to consciously support the festival by purchasing a&nbsp;VIP ticket.<\/p>\n\n<\/div>\n\n\n<div class=\"block\n  block--core-paragraph\n  block--align-none\n      \">\n  \n<p>In all cases, you are warmly welcome in the VIP Zone!<\/p>\n\n<\/div>\n\n\n<div class=\"block\n  block--core-paragraph\n  block--align-none\n      \">\n  \n<p>Here you\u2019ll find comfortable seating surrounded by lush indoor plants, your own bar with three free drinks, unlimited specialty coffee from mamacoffee, and a&nbsp;food stand with tasty bites\u2014so you don\u2019t have to wander far. Of course, there are clean toilets with sinks and a&nbsp;cosmetics corner, as well as secure lockers for your belongings.<\/p>\n\n<\/div>\n\n\n<div class=\"block\n  block--core-paragraph\n  block--align-none\n      \">\n  \n<p>New this year: MAC makeup booth where professional makeup artists will enhance your home look or touch up your post-parade face\u2014so you\u2019ll look fabulous at Letn\u00e1, no matter what!<\/p>\n\n<\/div>\n\n\n<div class=\"block\n  block--core-paragraph\n  block--align-none\n    u-pb--400  \">\n  \n<p><strong>Ticket price: CZK 1390<\/strong><\/p>\n\n<\/div>\n\n\n<div class=\"block\n  block--acf-button-group\n  block--align-none\n  u-pt--400    \">\n  <div class=\"b-button-group b-button-group--whole\">\n            <a href=\"https:\/\/goout.net\/en\/pride-park-2025-vip-zona\/szcjmvx\/?_gl=1%2a1fd6ixw%2a_up%2aMQ..%2a_ga%2aMTYwMDM3NzAxNS4xNzUwOTU1OTU2%2a_ga_1NH4XYLBBD%2aczE3NTA5NTU5NTUkbzEkZzEkdDE3NTA5NTU5NTUkajYwJGwwJGgw\"\n         target=\"_blank\"\n         rel=\"noopener\"\n         class=\"b-button-group__button-wrap\">\n                <span class=\"b-button-group__button\">\n           I\u2019m going VIP\n        <\/span>\n      <\/a>\n      <\/div>\n\n<\/div>\n\n\n<div class=\"block\n  block--core-heading\n  block--align-none\n    u-pb--400  \">\n  \n<h3 class=\"wp-block-heading\">Your VIP Ticket Includes:<\/h3>\n\n<\/div>\n\n\n<div class=\"block\n  block--core-list\n  block--align-none\n      \">\n  \n<ul class=\"wp-block-list\"><div class=\"block\n  block--core-list-item\n  block--align-none\n      \">\n  \n<li>Fast-track entry to Pride Park through the VIP gate\u2014no lines<\/li>\n\n<\/div>\n\n\n<div class=\"block\n  block--core-list-item\n  block--align-none\n      \">\n  \n<li>Comfortable &amp; stylish seating<\/li>\n\n<\/div>\n\n\n<div class=\"block\n  block--core-list-item\n  block--align-none\n      \">\n  \n<li>3 free drinks (non-alcoholic, beer, or wine)<\/li>\n\n<\/div>\n\n\n<div class=\"block\n  block--core-list-item\n  block--align-none\n      \">\n  \n<li>Private bar inside the VIP zone\u2014no trekking across the venue<\/li>\n\n<\/div>\n\n\n<div class=\"block\n  block--core-list-item\n  block--align-none\n      \">\n  \n<li>Unlimited specialty coffee by mamacoffee, served by a&nbsp;pro barista<\/li>\n\n<\/div>\n\n\n<div class=\"block\n  block--core-list-item\n  block--align-none\n      \">\n  \n<li>In-zone bistro stand with food available for purchase<\/li>\n\n<\/div>\n\n\n<div class=\"block\n  block--core-list-item\n  block--align-none\n      \">\n  \n<li>Cosmetic corner with a&nbsp;mirror to quickly fix your look or hair<\/li>\n\n<\/div>\n\n\n<div class=\"block\n  block--core-list-item\n  block--align-none\n      \">\n  \n<li>MAC make-up booth for a&nbsp;professionally perfected Pride face<\/li>\n\n<\/div>\n\n\n<div class=\"block\n  block--core-list-item\n  block--align-none\n      \">\n  \n<li>Light refreshments from our festival partners<\/li>\n\n<\/div>\n\n\n<div class=\"block\n  block--core-list-item\n  block--align-none\n      \">\n  \n<li>Clean toilets and sinks, with frequent cleaning<\/li>\n\n<\/div>\n\n\n<div class=\"block\n  block--core-list-item\n  block--align-none\n      \">\n  \n<li>Secure lockers for your things<\/li>\n\n<\/div>\n<\/ul>\n\n<\/div>\n\n\n<div class=\"block\n  block--core-paragraph\n  block--align-none\n  u-pt--400  u-pb--400  \">\n  \n<p>The VIP Zone is the perfect place to meet friends and recharge before the next show. And by purchasing a&nbsp;ticket, you&#8217;re also supporting the festival.<\/p>\n\n<\/div>\n\n\n<div class=\"block\n  block--acf-button-group\n  block--align-none\n  u-pt--400    \">\n  <div class=\"b-button-group b-button-group--whole\">\n            <a href=\"https:\/\/goout.net\/en\/pride-park-2025-vip-zona\/szcjmvx\/?_gl=1%2a1fd6ixw%2a_up%2aMQ..%2a_ga%2aMTYwMDM3NzAxNS4xNzUwOTU1OTU2%2a_ga_1NH4XYLBBD%2aczE3NTA5NTU5NTUkbzEkZzEkdDE3NTA5NTU5NTUkajYwJGwwJGgw\"\n         target=\"_blank\"\n         rel=\"noopener\"\n         class=\"b-button-group__button-wrap\">\n                <span class=\"b-button-group__button\">\n           I\u2019m going VIP\n        <\/span>\n      <\/a>\n      <\/div>\n\n<\/div>\n\n\n<div class=\"block\n  block--acf-gallery\n  block--align-none\n      \">\n  <div class=\"b-gallery js-gallery\">\n      <a\n      href=\"https:\/\/festival.praguepride.com\/app\/uploads\/2025\/06\/VIPzona_LeahTakata-29-1920x0-c-default.jpg\"\n      data-barba-prevent>\n      <figure class=\"b-gallery__item\">\n        <img decoding=\"async\" srcset=\"https:\/\/festival.praguepride.com\/app\/uploads\/2025\/06\/VIPzona_LeahTakata-29-220x220-c-default.jpg 220w, https:\/\/festival.praguepride.com\/app\/uploads\/2025\/06\/VIPzona_LeahTakata-29-440x440-c-default.jpg 440w\" src=\"data:image\/gif;base64,R0lGODlhAQABAIAAAAAAAP\/\/\/yH5BAEAAAAALAAAAAABAAEAAAIBRAA7\"\n          class=\"b-gallery__thumbnail\"\n          loading=\"lazy\"\n          width=\"512\"\n          height=\"512\"\n          alt=\"Prague Pride 2024\"\/>\n      <\/figure>\n    <\/a>\n      <a\n      href=\"https:\/\/festival.praguepride.com\/app\/uploads\/2024\/06\/DSC_3540-1920x0-c-default.jpg\"\n      data-barba-prevent>\n      <figure class=\"b-gallery__item\">\n        <img decoding=\"async\" srcset=\"https:\/\/festival.praguepride.com\/app\/uploads\/2024\/06\/DSC_3540-220x220-c-default.jpg 220w, https:\/\/festival.praguepride.com\/app\/uploads\/2024\/06\/DSC_3540-440x440-c-default.jpg 440w\" src=\"data:image\/gif;base64,R0lGODlhAQABAIAAAAAAAP\/\/\/yH5BAEAAAAALAAAAAABAAEAAAIBRAA7\"\n          class=\"b-gallery__thumbnail\"\n          loading=\"lazy\"\n          width=\"512\"\n          height=\"512\"\n          alt=\"DSC_3540\"\/>\n      <\/figure>\n    <\/a>\n      <a\n      href=\"https:\/\/festival.praguepride.com\/app\/uploads\/2024\/06\/DSC_3829-1920x0-c-default.jpg\"\n      data-barba-prevent>\n      <figure class=\"b-gallery__item\">\n        <img decoding=\"async\" srcset=\"https:\/\/festival.praguepride.com\/app\/uploads\/2024\/06\/DSC_3829-220x220-c-default.jpg 220w, https:\/\/festival.praguepride.com\/app\/uploads\/2024\/06\/DSC_3829-440x440-c-default.jpg 440w\" src=\"data:image\/gif;base64,R0lGODlhAQABAIAAAAAAAP\/\/\/yH5BAEAAAAALAAAAAABAAEAAAIBRAA7\"\n          class=\"b-gallery__thumbnail\"\n          loading=\"lazy\"\n          width=\"512\"\n          height=\"512\"\n          alt=\"DSC_3829\"\/>\n      <\/figure>\n    <\/a>\n      <a\n      href=\"https:\/\/festival.praguepride.com\/app\/uploads\/2024\/06\/DSC_3432-1920x0-c-default.jpg\"\n      data-barba-prevent>\n      <figure class=\"b-gallery__item\">\n        <img decoding=\"async\" srcset=\"https:\/\/festival.praguepride.com\/app\/uploads\/2024\/06\/DSC_3432-220x220-c-default.jpg 220w, https:\/\/festival.praguepride.com\/app\/uploads\/2024\/06\/DSC_3432-440x440-c-default.jpg 440w\" src=\"data:image\/gif;base64,R0lGODlhAQABAIAAAAAAAP\/\/\/yH5BAEAAAAALAAAAAABAAEAAAIBRAA7\"\n          class=\"b-gallery__thumbnail\"\n          loading=\"lazy\"\n          width=\"512\"\n          height=\"512\"\n          alt=\"DSC_3432\"\/>\n      <\/figure>\n    <\/a>\n  <\/div>\n\n<\/div>\n","protected":false},"excerpt":{"rendered":"<p>Maybe you\u2019re one of those people who\u2019d never sit in the grass among the ants\u2014or maybe you just expect a&nbsp;bit of special treatment. Maybe you\u2019re arriving at Letn\u00e1 in fabulous heels. Or maybe you\u2019d love to chat with leading figures of Czech queer activism, representatives of festival partners, and performers from our stages. Or perhaps [&hellip;]<\/p>\n","protected":false},"author":11,"featured_media":17774,"parent":0,"menu_order":0,"comment_status":"closed","ping_status":"closed","template":"","meta":{"footnotes":""},"class_list":["post-17749","page","type-page","status-publish","has-post-thumbnail","hentry"],"acf":[],"yoast_head":"<!-- This site is optimized with the Yoast SEO plugin v27.3 - https:\/\/yoast.com\/product\/yoast-seo-wordpress\/ -->\n<title>Prague Pride Festival<\/title>\n<meta name=\"robots\" content=\"index, follow, max-snippet:-1, max-image-preview:large, max-video-preview:-1\" \/>\n<link rel=\"canonical\" href=\"https:\/\/festival.praguepride.com\/en\/vip-zone\/\" \/>\n<meta property=\"og:locale\" content=\"en_US\" \/>\n<meta property=\"og:type\" content=\"article\" \/>\n<meta property=\"og:site_name\" content=\"Prague Pride Festival\" \/>\n<meta property=\"article:publisher\" content=\"https:\/\/www.facebook.com\/PraguePrideCZ\" \/>\n<meta property=\"article:modified_time\" content=\"2025-07-24T11:02:43+00:00\" \/>\n<meta property=\"og:image\" content=\"https:\/\/festival.praguepride.com\/app\/uploads\/2024\/06\/Partners-Zone_Leah-Takata-44.jpg\" \/>\n\t<meta property=\"og:image:width\" content=\"1280\" \/>\n\t<meta property=\"og:image:height\" content=\"853\" \/>\n\t<meta property=\"og:image:type\" content=\"image\/jpeg\" \/>\n<meta name=\"twitter:card\" content=\"summary_large_image\" \/>\n<meta name=\"twitter:site\" content=\"@praguepride\" \/>\n<script type=\"application\/ld+json\" class=\"yoast-schema-graph\">{\"@context\":\"https:\\\/\\\/schema.org\",\"@graph\":[{\"@type\":\"WebPage\",\"@id\":\"https:\\\/\\\/festival.praguepride.com\\\/en\\\/vip-zone\\\/\",\"url\":\"https:\\\/\\\/festival.praguepride.com\\\/en\\\/vip-zone\\\/\",\"name\":\"VIP Zone by Pride Business Forum | Prague Pride Festival\",\"isPartOf\":{\"@id\":\"https:\\\/\\\/festival.praguepride.com\\\/en\\\/#website\"},\"primaryImageOfPage\":{\"@id\":\"https:\\\/\\\/festival.praguepride.com\\\/en\\\/vip-zone\\\/#primaryimage\"},\"image\":{\"@id\":\"https:\\\/\\\/festival.praguepride.com\\\/en\\\/vip-zone\\\/#primaryimage\"},\"thumbnailUrl\":\"https:\\\/\\\/festival.praguepride.com\\\/app\\\/uploads\\\/2024\\\/06\\\/Partners-Zone_Leah-Takata-44.jpg\",\"datePublished\":\"2024-06-21T21:54:59+00:00\",\"dateModified\":\"2025-07-24T11:02:43+00:00\",\"description\":\"D\u011bkujeme n\u00e1v\u0161t\u011bvnictvu Prague Pride Festivalu 2024! Do pr\u016fvodu v\u00e1s p\u0159i\u0161lo p\u0159es 100 000. T\u011b\u0161\u00edme se na v\u00e1s na Prague Pride Festivalu 28. 7. \u2013 3. 8. 2025\",\"breadcrumb\":{\"@id\":\"https:\\\/\\\/festival.praguepride.com\\\/en\\\/vip-zone\\\/#breadcrumb\"},\"inLanguage\":\"en-US\",\"potentialAction\":[{\"@type\":\"ReadAction\",\"target\":[\"https:\\\/\\\/festival.praguepride.com\\\/en\\\/vip-zone\\\/\"]}]},{\"@type\":\"ImageObject\",\"inLanguage\":\"en-US\",\"@id\":\"https:\\\/\\\/festival.praguepride.com\\\/en\\\/vip-zone\\\/#primaryimage\",\"url\":\"https:\\\/\\\/festival.praguepride.com\\\/app\\\/uploads\\\/2024\\\/06\\\/Partners-Zone_Leah-Takata-44.jpg\",\"contentUrl\":\"https:\\\/\\\/festival.praguepride.com\\\/app\\\/uploads\\\/2024\\\/06\\\/Partners-Zone_Leah-Takata-44.jpg\",\"width\":1280,\"height\":853},{\"@type\":\"BreadcrumbList\",\"@id\":\"https:\\\/\\\/festival.praguepride.com\\\/en\\\/vip-zone\\\/#breadcrumb\",\"itemListElement\":[{\"@type\":\"ListItem\",\"position\":1,\"name\":\"Home\",\"item\":\"https:\\\/\\\/festival.praguepride.com\\\/en\\\/\"},{\"@type\":\"ListItem\",\"position\":2,\"name\":\"VIP Zone by Pride Business Forum\"}]},{\"@type\":\"WebSite\",\"@id\":\"https:\\\/\\\/festival.praguepride.com\\\/en\\\/#website\",\"url\":\"https:\\\/\\\/festival.praguepride.com\\\/en\\\/\",\"name\":\"Prague Pride Festival\",\"description\":\"3\\\/8 - 9\\\/8\\\/2026\",\"publisher\":{\"@id\":\"https:\\\/\\\/festival.praguepride.com\\\/en\\\/#organization\"},\"potentialAction\":[{\"@type\":\"SearchAction\",\"target\":{\"@type\":\"EntryPoint\",\"urlTemplate\":\"https:\\\/\\\/festival.praguepride.com\\\/en\\\/?s={search_term_string}\"},\"query-input\":{\"@type\":\"PropertyValueSpecification\",\"valueRequired\":true,\"valueName\":\"search_term_string\"}}],\"inLanguage\":\"en-US\"},{\"@type\":\"Organization\",\"@id\":\"https:\\\/\\\/festival.praguepride.com\\\/en\\\/#organization\",\"name\":\"Prague Pride Festival\",\"url\":\"https:\\\/\\\/festival.praguepride.com\\\/en\\\/\",\"logo\":{\"@type\":\"ImageObject\",\"inLanguage\":\"en-US\",\"@id\":\"https:\\\/\\\/festival.praguepride.com\\\/en\\\/#\\\/schema\\\/logo\\\/image\\\/\",\"url\":\"https:\\\/\\\/festival.praguepride.com\\\/app\\\/uploads\\\/2022\\\/06\\\/favicon.png\",\"contentUrl\":\"https:\\\/\\\/festival.praguepride.com\\\/app\\\/uploads\\\/2022\\\/06\\\/favicon.png\",\"width\":512,\"height\":512,\"caption\":\"Prague Pride Festival\"},\"image\":{\"@id\":\"https:\\\/\\\/festival.praguepride.com\\\/en\\\/#\\\/schema\\\/logo\\\/image\\\/\"},\"sameAs\":[\"https:\\\/\\\/www.facebook.com\\\/PraguePrideCZ\",\"https:\\\/\\\/x.com\\\/praguepride\",\"https:\\\/\\\/www.instagram.com\\\/prague.pride\\\/\",\"https:\\\/\\\/www.linkedin.com\\\/company\\\/prague-pride-o.s.\\\/\"]}]}<\/script>\n<!-- \/ Yoast SEO plugin. -->","yoast_head_json":{"title":"Prague Pride Festival","robots":{"index":"index","follow":"follow","max-snippet":"max-snippet:-1","max-image-preview":"max-image-preview:large","max-video-preview":"max-video-preview:-1"},"canonical":"https:\/\/festival.praguepride.com\/en\/vip-zone\/","og_locale":"en_US","og_type":"article","og_site_name":"Prague Pride Festival","article_publisher":"https:\/\/www.facebook.com\/PraguePrideCZ","article_modified_time":"2025-07-24T11:02:43+00:00","og_image":[{"width":1280,"height":853,"url":"https:\/\/festival.praguepride.com\/app\/uploads\/2024\/06\/Partners-Zone_Leah-Takata-44.jpg","type":"image\/jpeg"}],"twitter_card":"summary_large_image","twitter_site":"@praguepride","schema":{"@context":"https:\/\/schema.org","@graph":[{"@type":"WebPage","@id":"https:\/\/festival.praguepride.com\/en\/vip-zone\/","url":"https:\/\/festival.praguepride.com\/en\/vip-zone\/","name":"VIP Zone by Pride Business Forum | Prague Pride Festival","isPartOf":{"@id":"https:\/\/festival.praguepride.com\/en\/#website"},"primaryImageOfPage":{"@id":"https:\/\/festival.praguepride.com\/en\/vip-zone\/#primaryimage"},"image":{"@id":"https:\/\/festival.praguepride.com\/en\/vip-zone\/#primaryimage"},"thumbnailUrl":"https:\/\/festival.praguepride.com\/app\/uploads\/2024\/06\/Partners-Zone_Leah-Takata-44.jpg","datePublished":"2024-06-21T21:54:59+00:00","dateModified":"2025-07-24T11:02:43+00:00","description":"D\u011bkujeme n\u00e1v\u0161t\u011bvnictvu Prague Pride Festivalu 2024! Do pr\u016fvodu v\u00e1s p\u0159i\u0161lo p\u0159es 100 000. T\u011b\u0161\u00edme se na v\u00e1s na Prague Pride Festivalu 28. 7. \u2013 3. 8. 2025","breadcrumb":{"@id":"https:\/\/festival.praguepride.com\/en\/vip-zone\/#breadcrumb"},"inLanguage":"en-US","potentialAction":[{"@type":"ReadAction","target":["https:\/\/festival.praguepride.com\/en\/vip-zone\/"]}]},{"@type":"ImageObject","inLanguage":"en-US","@id":"https:\/\/festival.praguepride.com\/en\/vip-zone\/#primaryimage","url":"https:\/\/festival.praguepride.com\/app\/uploads\/2024\/06\/Partners-Zone_Leah-Takata-44.jpg","contentUrl":"https:\/\/festival.praguepride.com\/app\/uploads\/2024\/06\/Partners-Zone_Leah-Takata-44.jpg","width":1280,"height":853},{"@type":"BreadcrumbList","@id":"https:\/\/festival.praguepride.com\/en\/vip-zone\/#breadcrumb","itemListElement":[{"@type":"ListItem","position":1,"name":"Home","item":"https:\/\/festival.praguepride.com\/en\/"},{"@type":"ListItem","position":2,"name":"VIP Zone by Pride Business Forum"}]},{"@type":"WebSite","@id":"https:\/\/festival.praguepride.com\/en\/#website","url":"https:\/\/festival.praguepride.com\/en\/","name":"Prague Pride Festival","description":"3\/8 - 9\/8\/2026","publisher":{"@id":"https:\/\/festival.praguepride.com\/en\/#organization"},"potentialAction":[{"@type":"SearchAction","target":{"@type":"EntryPoint","urlTemplate":"https:\/\/festival.praguepride.com\/en\/?s={search_term_string}"},"query-input":{"@type":"PropertyValueSpecification","valueRequired":true,"valueName":"search_term_string"}}],"inLanguage":"en-US"},{"@type":"Organization","@id":"https:\/\/festival.praguepride.com\/en\/#organization","name":"Prague Pride Festival","url":"https:\/\/festival.praguepride.com\/en\/","logo":{"@type":"ImageObject","inLanguage":"en-US","@id":"https:\/\/festival.praguepride.com\/en\/#\/schema\/logo\/image\/","url":"https:\/\/festival.praguepride.com\/app\/uploads\/2022\/06\/favicon.png","contentUrl":"https:\/\/festival.praguepride.com\/app\/uploads\/2022\/06\/favicon.png","width":512,"height":512,"caption":"Prague Pride Festival"},"image":{"@id":"https:\/\/festival.praguepride.com\/en\/#\/schema\/logo\/image\/"},"sameAs":["https:\/\/www.facebook.com\/PraguePrideCZ","https:\/\/x.com\/praguepride","https:\/\/www.instagram.com\/prague.pride\/","https:\/\/www.linkedin.com\/company\/prague-pride-o.s.\/"]}]}},"_links":{"self":[{"href":"https:\/\/festival.praguepride.com\/en\/wp-json\/wp\/v2\/pages\/17749","targetHints":{"allow":["GET"]}}],"collection":[{"href":"https:\/\/festival.praguepride.com\/en\/wp-json\/wp\/v2\/pages"}],"about":[{"href":"https:\/\/festival.praguepride.com\/en\/wp-json\/wp\/v2\/types\/page"}],"author":[{"embeddable":true,"href":"https:\/\/festival.praguepride.com\/en\/wp-json\/wp\/v2\/users\/11"}],"replies":[{"embeddable":true,"href":"https:\/\/festival.praguepride.com\/en\/wp-json\/wp\/v2\/comments?post=17749"}],"version-history":[{"count":10,"href":"https:\/\/festival.praguepride.com\/en\/wp-json\/wp\/v2\/pages\/17749\/revisions"}],"predecessor-version":[{"id":28223,"href":"https:\/\/festival.praguepride.com\/en\/wp-json\/wp\/v2\/pages\/17749\/revisions\/28223"}],"wp:featuredmedia":[{"embeddable":true,"href":"https:\/\/festival.praguepride.com\/en\/wp-json\/wp\/v2\/media\/17774"}],"wp:attachment":[{"href":"https:\/\/festival.praguepride.com\/en\/wp-json\/wp\/v2\/media?parent=17749"}],"curies":[{"name":"wp","href":"https:\/\/api.w.org\/{rel}","templated":true}]}}